{"id":283,"date":"2024-02-29T10:57:24","date_gmt":"2024-02-29T08:57:24","guid":{"rendered":"http:\/\/jnats.eu\/?post_type=product&#038;p=283"},"modified":"2025-03-04T09:10:26","modified_gmt":"2025-03-04T07:10:26","slug":"shobudani-asagi","status":"publish","type":"product","link":"https:\/\/jnats.eu\/ro\/product-2\/shobudani-asagi\/","title":{"rendered":"Shobudani Asagi Piatra naturala de ascutit japoneza"},"content":{"rendered":"<ul class=\"wp-block-list\">\n<li><strong>Duritate: Lv 4<\/strong><\/li>\n\n\n\n<li><strong>Dimensiuni: 206x76x33 mm<\/strong><\/li>\n\n\n\n<li><strong>Greutate: 1320 g<\/strong><\/li>\n\n\n\n<li><em>Dezavantaje: exist\u0103 o mic\u0103 canelur\u0103 la aproximativ 3 cm de margine \u00een partea de lucru.<\/em><\/li>\n\n\n\n<li>Perfect pentru finisarea aparatelor de ras, asigur\u00e2nd un b\u0103rbierit extrem de fin. Desigur, va fi potrivit pentru finisarea cu\u021bitelor de ascu\u021bit, t\u00e2mpl\u0103rie \u0219i alte unelte. La fel ca majoritatea pietrelor naturale japoneze, aceasta asigur\u0103 o durat\u0103 de via\u021b\u0103 mai lung\u0103 a lamei (comparativ cu cele sintetice) \u0219i o bun\u0103 ascu\u021bire. \u00cen plus, previne formarea bavurilor \u00een timpul ascu\u021birii, ceea ce face procesul mai u\u0219or \u0219i mai rapid. Este recomandat s\u0103 lucra\u021bi cu ap\u0103 cald\u0103, deoarece numai atunci pot fi dezv\u0103luite toate cele mai bune propriet\u0103\u021bi abrazive.<\/li>\n<\/ul>\n\n\n\n<figure class=\"wp-block-embed is-type-video is-provider-youtube wp-block-embed-youtube wp-embed-aspect-16-9 wp-has-aspect-ratio\"><div class=\"wp-block-embed__wrapper\">\n<div class=\"video-container\"><iframe title=\"John: Umegahata Tomae, Ozuku, Shobudani Asagi pietre de copt\" width=\"1170\" height=\"658\" src=\"https:\/\/www.youtube.com\/embed\/mTqJM3yPskA?start=310&#038;feature=oembed\" frameborder=\"0\" allow=\"accelerometer; autoplay; clipboard-write; encrypted-media; gyroscope; picture-in-picture; web-share\" referrerpolicy=\"strict-origin-when-cross-origin\" allowfullscreen><\/iframe><\/div>\n<\/div><\/figure>\n\n\n\n<p>Principalele avantaje ale pietrelor naturale japoneze de ascu\u021bit:<\/p>\n\n\n\n<ul class=\"wp-block-list\">\n<li>Uneltele r\u0103m\u00e2n ascu\u021bite mai mult timp<\/li>\n\n\n\n<li>Pietrele nu se contamineaz\u0103 cu de\u0219euri metalice<\/li>\n\n\n\n<li>U\u0219or de \u00eendep\u0103rtat supapa de poart\u0103<\/li>\n\n\n\n<li>Un r\u0103spuns uimitor care v\u0103 permite s\u0103 sim\u021bi\u021bi exact ce se \u00eent\u00e2mpl\u0103 pe suprafa\u021ba metalic\u0103.<\/li>\n<\/ul>","protected":false},"excerpt":{"rendered":"<ul>\n<li><strong>Duritate: Lv 4<\/strong><\/li>\n<li><strong>Dimensiuni: 206x76x33 mm<\/strong><\/li>\n<li><strong>Greutate: 1320 g<\/strong><\/li>\n<li><em>Dezavantaje: exist\u0103 o mic\u0103 canelur\u0103 la aproximativ 3 cm de margine \u00een partea de lucru.<\/em><\/li>\n<li>Perfect pentru finisarea aparatelor de ras, asigur\u00e2nd un b\u0103rbierit extrem de fin. Desigur, va fi potrivit pentru finisarea cu\u021bitelor de ascu\u021bit, t\u00e2mpl\u0103rie \u0219i alte unelte. La fel ca majoritatea pietrelor naturale japoneze, aceasta asigur\u0103 o durat\u0103 de via\u021b\u0103 mai lung\u0103 a lamei (comparativ cu cele sintetice) \u0219i o bun\u0103 ascu\u021bire. \u00cen plus, previne formarea bavurilor \u00een timpul ascu\u021birii, ceea ce face procesul mai u\u0219or \u0219i mai rapid. Este recomandat s\u0103 lucra\u021bi cu ap\u0103 cald\u0103, deoarece numai atunci pot fi dezv\u0103luite toate cele mai bune propriet\u0103\u021bi abrazive.<\/li>\n<\/ul>","protected":false},"featured_media":1251,"comment_status":"open","ping_status":"closed","template":"","meta":[],"product_brand":[],"product_cat":[22],"product_tag":[45,44],"class_list":{"0":"post-283","1":"product","2":"type-product","3":"status-publish","4":"has-post-thumbnail","6":"product_cat-jnats","7":"product_tag-asagi","8":"product_tag-shobudani","9":"product_shipping_class-iprastas","11":"first","12":"outofstock","13":"sale","14":"shipping-taxable","15":"purchasable","16":"product-type-simple"},"_links":{"self":[{"href":"https:\/\/jnats.eu\/ro\/wp-json\/wp\/v2\/product\/283","targetHints":{"allow":["GET"]}}],"collection":[{"href":"https:\/\/jnats.eu\/ro\/wp-json\/wp\/v2\/product"}],"about":[{"href":"https:\/\/jnats.eu\/ro\/wp-json\/wp\/v2\/types\/product"}],"replies":[{"embeddable":true,"href":"https:\/\/jnats.eu\/ro\/wp-json\/wp\/v2\/comments?post=283"}],"wp:featuredmedia":[{"embeddable":true,"href":"https:\/\/jnats.eu\/ro\/wp-json\/wp\/v2\/media\/1251"}],"wp:attachment":[{"href":"https:\/\/jnats.eu\/ro\/wp-json\/wp\/v2\/media?parent=283"}],"wp:term":[{"taxonomy":"product_brand","embeddable":true,"href":"https:\/\/jnats.eu\/ro\/wp-json\/wp\/v2\/product_brand?post=283"},{"taxonomy":"product_cat","embeddable":true,"href":"https:\/\/jnats.eu\/ro\/wp-json\/wp\/v2\/product_cat?post=283"},{"taxonomy":"product_tag","embeddable":true,"href":"https:\/\/jnats.eu\/ro\/wp-json\/wp\/v2\/product_tag?post=283"}],"curies":[{"name":"wp","href":"https:\/\/api.w.org\/{rel}","templated":true}]}}