{"id":288,"date":"2024-02-29T11:04:32","date_gmt":"2024-02-29T09:04:32","guid":{"rendered":"http:\/\/jnats.eu\/?post_type=product&#038;p=288"},"modified":"2024-12-05T13:38:21","modified_gmt":"2024-12-05T11:38:21","slug":"ozuku-awasedo","status":"publish","type":"product","link":"https:\/\/jnats.eu\/ro\/product-2\/ozuku-awasedo\/","title":{"rendered":"Ozuku Awasedo piatr\u0103 natural\u0103 de ascu\u021bit japonez\u0103"},"content":{"rendered":"<ul class=\"wp-block-list\">\n<li><strong>Duritate: Lv 4<\/strong><\/li>\n\n\n\n<li><strong>Dimensiuni: 204x75x37 mm<\/strong><\/li>\n\n\n\n<li><strong>Greutate: 1480 g<\/strong><\/li>\n\n\n\n<li>Perfect pentru finisarea cu\u021bitelor de ascu\u021bit, t\u00e2mpl\u0103rie \u0219i alte unelte. Pietrele naturale japoneze asigur\u0103 o durat\u0103 mai lung\u0103 de via\u021b\u0103 a lamei (comparativ cu cele sintetice \u0219i mai ales \u201ediamantele\u201d, coturi) \u0219i o bun\u0103 ascu\u021bire. \u00cen plus, previne formarea bavurilor \u00een timpul ascu\u021birii, ceea ce face procesul mai u\u0219or \u0219i mai rapid. Este recomandat s\u0103 lucra\u021bi cu ap\u0103 cald\u0103, deoarece numai atunci pot fi dezv\u0103luite toate cele mai bune propriet\u0103\u021bi abrazive: viteza, r\u0103spunsul \u0219i consisten\u021ba muncii.<\/li>\n<\/ul>\n\n\n\n<figure class=\"wp-block-embed is-type-video is-provider-youtube wp-block-embed-youtube wp-embed-aspect-16-9 wp-has-aspect-ratio\"><div class=\"wp-block-embed__wrapper\">\n<div class=\"video-container\"><iframe title=\"Jnats: Umegahata Tomae, Ozuku, Shobudani Asagi\" width=\"1170\" height=\"658\" src=\"https:\/\/www.youtube.com\/embed\/mTqJM3yPskA?start=157&#038;feature=oembed\" frameborder=\"0\" allow=\"accelerometer; autoplay; clipboard-write; encrypted-media; gyroscope; picture-in-picture; web-share\" allowfullscreen><\/iframe><\/div>\n<\/div><\/figure>","protected":false},"excerpt":{"rendered":"<ul>\n<li><strong>Duritate: Lv 4<\/strong><\/li>\n<li><strong>Dimensiuni: 204x75x37 mm<\/strong><\/li>\n<li><strong>Greutate: 1480 g<\/strong><\/li>\n<li>Perfect pentru finisarea cu\u021bitelor de ascu\u021bit, t\u00e2mpl\u0103rie \u0219i alte unelte. Pietrele naturale japoneze asigur\u0103 o durat\u0103 mai lung\u0103 de via\u021b\u0103 a lamei (comparativ cu cele sintetice \u0219i mai ales \u201ediamantele\u201d, coturi) \u0219i o bun\u0103 ascu\u021bire. \u00cen plus, previne formarea bavurilor \u00een timpul ascu\u021birii, ceea ce face procesul mai u\u0219or \u0219i mai rapid. Este recomandat s\u0103 lucra\u021bi cu ap\u0103 cald\u0103, deoarece numai atunci pot fi dezv\u0103luite toate cele mai bune propriet\u0103\u021bi abrazive: viteza, r\u0103spunsul \u0219i consisten\u021ba muncii.<\/li>\n<\/ul>","protected":false},"featured_media":1221,"comment_status":"open","ping_status":"closed","template":"","meta":[],"product_brand":[],"product_cat":[22],"product_tag":[40,66],"class_list":{"0":"post-288","1":"product","2":"type-product","3":"status-publish","4":"has-post-thumbnail","6":"product_cat-jnats","7":"product_tag-awasedo","8":"product_tag-ozuku","9":"product_shipping_class-iprastas","11":"first","12":"outofstock","13":"shipping-taxable","14":"purchasable","15":"product-type-simple"},"_links":{"self":[{"href":"https:\/\/jnats.eu\/ro\/wp-json\/wp\/v2\/product\/288","targetHints":{"allow":["GET"]}}],"collection":[{"href":"https:\/\/jnats.eu\/ro\/wp-json\/wp\/v2\/product"}],"about":[{"href":"https:\/\/jnats.eu\/ro\/wp-json\/wp\/v2\/types\/product"}],"replies":[{"embeddable":true,"href":"https:\/\/jnats.eu\/ro\/wp-json\/wp\/v2\/comments?post=288"}],"wp:featuredmedia":[{"embeddable":true,"href":"https:\/\/jnats.eu\/ro\/wp-json\/wp\/v2\/media\/1221"}],"wp:attachment":[{"href":"https:\/\/jnats.eu\/ro\/wp-json\/wp\/v2\/media?parent=288"}],"wp:term":[{"taxonomy":"product_brand","embeddable":true,"href":"https:\/\/jnats.eu\/ro\/wp-json\/wp\/v2\/product_brand?post=288"},{"taxonomy":"product_cat","embeddable":true,"href":"https:\/\/jnats.eu\/ro\/wp-json\/wp\/v2\/product_cat?post=288"},{"taxonomy":"product_tag","embeddable":true,"href":"https:\/\/jnats.eu\/ro\/wp-json\/wp\/v2\/product_tag?post=288"}],"curies":[{"name":"wp","href":"https:\/\/api.w.org\/{rel}","templated":true}]}}