{"id":295,"date":"2024-02-29T11:11:28","date_gmt":"2024-02-29T09:11:28","guid":{"rendered":"http:\/\/jnats.eu\/?post_type=product&#038;p=295"},"modified":"2024-10-20T14:59:50","modified_gmt":"2024-10-20T11:59:50","slug":"umegahata-tomae","status":"publish","type":"product","link":"https:\/\/jnats.eu\/ro\/product-2\/umegahata-tomae\/","title":{"rendered":"Umegahata Tomae Piatra naturala de ascutit japoneza"},"content":{"rendered":"<ul class=\"wp-block-list\">\n<li><strong>Duritate: Lv 4.5<\/strong><\/li>\n\n\n\n<li><strong>Dimensiuni (aprox.): 232x100x35 mm<\/strong><\/li>\n\n\n\n<li><strong>Greutate: 1900 g<\/strong><\/li>\n\n\n\n<li>O piatra rapida, perfecta pentru finisarea ascutirii cutitelor, tamplariei si a altor unelte. Pentru aparate de ras \u2013 prefinisare.<\/li>\n\n\n\n<li>Pietrele naturale japoneze asigur\u0103 o durat\u0103 mai lung\u0103 de via\u021b\u0103 a lamei (comparativ cu cele sintetice \u0219i mai ales \u201ediamantele\u201d, coturi) \u0219i o bun\u0103 ascu\u021bire. \u00cen plus, previne formarea bavurilor \u00een timpul ascu\u021birii, ceea ce face procesul mai u\u0219or \u0219i mai rapid. Este recomandat s\u0103 lucra\u021bi cu ap\u0103 cald\u0103, pentru c\u0103 abia atunci ies la iveal\u0103 toate cele mai bune propriet\u0103\u021bi abrazive: viteza de lucru, r\u0103spunsul \u0219i uniformitatea.<\/li>\n<\/ul>\n\n\n\n<figure class=\"wp-block-embed is-type-video is-provider-youtube wp-block-embed-youtube wp-embed-aspect-16-9 wp-has-aspect-ratio\"><div class=\"wp-block-embed__wrapper\">\n<div class=\"video-container\"><iframe title=\"Jnats: Umegahata Tomae, Ozuku, Shobudani Asagi\" width=\"1170\" height=\"658\" src=\"https:\/\/www.youtube.com\/embed\/mTqJM3yPskA?feature=oembed\" frameborder=\"0\" allow=\"accelerometer; autoplay; clipboard-write; encrypted-media; gyroscope; picture-in-picture; web-share\" allowfullscreen><\/iframe><\/div>\n<\/div><\/figure>","protected":false},"excerpt":{"rendered":"<ul>\n<li><strong>Duritate: Lv 4.5<\/strong><\/li>\n<li><strong>Dimensiuni (aprox.): 232x100x35 mm<\/strong><\/li>\n<li><strong>Greutate: 1900 g<\/strong><\/li>\n<li>O piatra rapida, perfecta pentru finisarea ascutirii cutitelor, tamplariei si a altor unelte. Pentru aparate de ras \u2013 prefinisare.<\/li>\n<li>Pietrele naturale japoneze asigur\u0103 o durat\u0103 mai lung\u0103 de via\u021b\u0103 a lamei (comparativ cu cele sintetice \u0219i mai ales \u201ediamantele\u201d, coturi) \u0219i o bun\u0103 ascu\u021bire. \u00cen plus, previne formarea bavurilor \u00een timpul ascu\u021birii, ceea ce face procesul mai u\u0219or \u0219i mai rapid. Este recomandat s\u0103 lucra\u021bi cu ap\u0103 cald\u0103, pentru c\u0103 abia atunci ies la iveal\u0103 toate cele mai bune propriet\u0103\u021bi abrazive: viteza de lucru, r\u0103spunsul \u0219i uniformitatea.<\/li>\n<\/ul>","protected":false},"featured_media":1257,"comment_status":"open","ping_status":"closed","template":"","meta":[],"product_brand":[],"product_cat":[22],"product_tag":[67,68],"class_list":{"0":"post-295","1":"product","2":"type-product","3":"status-publish","4":"has-post-thumbnail","6":"product_cat-jnats","7":"product_tag-tomae","8":"product_tag-umegahata","9":"product_shipping_class-iprastas","11":"first","12":"outofstock","13":"sale","14":"shipping-taxable","15":"purchasable","16":"product-type-simple"},"_links":{"self":[{"href":"https:\/\/jnats.eu\/ro\/wp-json\/wp\/v2\/product\/295","targetHints":{"allow":["GET"]}}],"collection":[{"href":"https:\/\/jnats.eu\/ro\/wp-json\/wp\/v2\/product"}],"about":[{"href":"https:\/\/jnats.eu\/ro\/wp-json\/wp\/v2\/types\/product"}],"replies":[{"embeddable":true,"href":"https:\/\/jnats.eu\/ro\/wp-json\/wp\/v2\/comments?post=295"}],"wp:featuredmedia":[{"embeddable":true,"href":"https:\/\/jnats.eu\/ro\/wp-json\/wp\/v2\/media\/1257"}],"wp:attachment":[{"href":"https:\/\/jnats.eu\/ro\/wp-json\/wp\/v2\/media?parent=295"}],"wp:term":[{"taxonomy":"product_brand","embeddable":true,"href":"https:\/\/jnats.eu\/ro\/wp-json\/wp\/v2\/product_brand?post=295"},{"taxonomy":"product_cat","embeddable":true,"href":"https:\/\/jnats.eu\/ro\/wp-json\/wp\/v2\/product_cat?post=295"},{"taxonomy":"product_tag","embeddable":true,"href":"https:\/\/jnats.eu\/ro\/wp-json\/wp\/v2\/product_tag?post=295"}],"curies":[{"name":"wp","href":"https:\/\/api.w.org\/{rel}","templated":true}]}}