{"id":313,"date":"2024-03-02T14:13:44","date_gmt":"2024-03-02T12:13:44","guid":{"rendered":"http:\/\/jnats.eu\/?post_type=product&#038;p=313"},"modified":"2026-01-30T18:16:12","modified_gmt":"2026-01-30T16:16:12","slug":"vintaziniai-japoniski-skustuvai-kamisori-nos","status":"publish","type":"product","link":"https:\/\/jnats.eu\/ro\/product-2\/vintaziniai-japoniski-skustuvai-kamisori-nos\/","title":{"rendered":"Iwasaki Sanjo Seisakusho \u4e09\u6761\u88fd\u4f5c\u6240 Shizusaburo and Henkotsu Vintage Japanese razors Kamisori NOS"},"content":{"rendered":"<p>Legendarul fierar Shigeyoshi Iwasaki s-a n\u0103scut \u00een 1933 \u0219i a fost antrenat, printre al\u021bii, de tat\u0103l s\u0103u, Dr. Iwasaki Kousuke, cel care l-a creat pe Iwasaki Kamisori, este \u0219i un metalurgist renumit pentru clasificarea o\u021belului japonez, \u0219i anume \u201eh\u00e2rtie galben\u0103\u201d, \u201eh\u00e2rtie alb\u0103\u201d, \u201eh\u00e2rtie albastr\u0103\u201d. etc.<br>De asemenea, a participat la studiul s\u0103biilor \u0219i cu\u021bitelor antice depozitate \u00een Muzeul Syousou-In, construit \u00een secolul al VIII-lea.<br>C\u00e2nd nu lucra \u00een forja sa, a predat abilit\u0103\u021bi tehnice \u0219i teoria metalurgic\u0103 tinerilor fierari din Sanjo precum Shigefusa \u0219i Yoshikane. Shigeyoshi Iwasaki este acum pensionar, dar elevul s\u0103u, domnul Ryoichi Mizuochi, produce alte aparate de ras minunate cu logo-ul binecunoscut printre entuzia\u0219ti - trei dungi \u00een cerc!<\/p>\n\n\n\n<p><strong>Henkotsu se num\u0103r\u0103 \u0219i printre cei mai bine cota\u021bi kamisori vintage japonezi.<\/strong><\/p>\n\n\n\n<p>V\u0103 prezent\u0103m o colec\u021bie exclusiv\u0103 de aparate de ras vintage japoneze \u2013 seria Kamisori, conceput\u0103 pentru a redefini experien\u021ba de \u00eengrijire a b\u0103rbii folosind m\u0103iestria \u0219i precizia tradi\u021bionale japoneze.<br><br>Conceput cu grij\u0103 extrem\u0103 \u0219i aten\u021bie la detalii, fiecare aparat de ras Kamisori \u00eentruchipeaz\u0103 elegan\u021ba \u0219i eficien\u021ba atemporal\u0103 asociate cu mo\u0219tenirea japonez\u0103. Aceste aparate de ras combin\u0103 perfect tehnicile tradi\u021bionale cu caracteristicile moderne, oferind b\u0103rbatului cu discern\u0103m\u00e2nt o experien\u021b\u0103 superioar\u0103 de b\u0103rbierit. Lama din o\u021bel carbon dur este fixat\u0103 de fierar \u00eentr-o teac\u0103 de o\u021bel mai moale pentru a ob\u021bine o ascu\u021bire \u0219i durabilitate maxime. A\u0219a au fost f\u0103cute de secole celebrele s\u0103bii katana japoneze.<br><br>Caracteristici principale:<br><br>M\u0103iestrie autentic\u0103 japonez\u0103: aparatele de ras Kamisori sunt lucrate manual cu meticulozitate de artizani pricepu\u021bi care \u0219i-au perfec\u021bionat me\u0219te\u0219ugul de genera\u021bii, asigur\u00e2nd o calitate \u0219i precizie de neegalat.<br><br>Materiale premium: numai cele mai bune materiale sunt folosite \u00een aparatele de ras, inclusiv o\u021bel de \u00eenalt\u0103 calitate \u0219i aliaje autentice japoneze pentru a asigura durabilitate \u0219i longevitate.<br><br>Design atemporal: designul aparatului de ras Kamisori este inspirat de estetica japonez\u0103 veche de secole, oferind linii curate, elegan\u021b\u0103 minimalist\u0103 \u0219i m\u00e2nere ergonomice pentru control \u0219i manevrabilitate u\u0219oar\u0103.<br><br>Performan\u021b\u0103 superioar\u0103 de b\u0103rbierit: Experimenta\u021bi cea mai bun\u0103 precizie de b\u0103rbierit cu aparatele de ras Kamisori, concepute pentru un b\u0103rbierit neted, aproape, cu irita\u021bii minime, datorit\u0103 lamelor ascu\u021bite \u0219i distribu\u021biei echilibrate a greut\u0103\u021bii.<br><br>Versatilitate: Indiferent dac\u0103 prefera\u021bi un b\u0103rbierit curat sau detalii complicate, aparatele de ras Kamisori sunt versatile pentru a se potrivi unei variet\u0103\u021bi de stiluri \u0219i preferin\u021be de b\u0103rbierit, f\u0103c\u00e2ndu-le un instrument de \u00eengrijire esen\u021bial pentru gentlemanul modern.<br><br>Un obiect de colec\u021bie: Fiecare aparat de ras Kamisori este m\u0103rturie despre bogata mo\u0219tenire a m\u0103iestriei japoneze, f\u0103c\u00e2ndu-l nu numai un accesoriu func\u021bional de \u00eengrijire, ci \u0219i un articol de colec\u021bie pre\u021buit pentru entuzia\u0219tii culturii tradi\u021bionale de b\u0103rbierit.<br><br>Bucura\u021bi-v\u0103 de arta b\u0103rbieritului tradi\u021bional japonez cu aparatele de ras Kamisori de epoc\u0103 \u0219i ridica\u021bi-v\u0103 rutina de b\u0103rbierit la noi culmi ale rafinamentului \u0219i luxului. Experimenta\u021bi diferen\u021ba c\u0103 ingineria de precizie \u0219i designul atemporal pot face pentru un b\u0103rbierit perfect de fiecare dat\u0103.<\/p>","protected":false},"excerpt":{"rendered":"<ul>\n<li>NOS (New old stock) Brici tradi\u021bionali japonezi, nefolosit, p\u0103stra\u021bi cu grij\u0103, cu cutii de la mijlocul secolului trecut.<\/li>\n<li>Are semne de coroziune.<\/li>\n<li>Lama din o\u021bel carbon dur este fixat\u0103 de fierar \u00eentr-o teac\u0103 de o\u021bel mai moale pentru a ob\u021bine o ascu\u021bire \u0219i durabilitate maxime. A\u0219a au fost f\u0103cute de secole celebrele s\u0103bii katana japoneze.<\/li>\n<li>\n<p>Brici foarte rare, lucr\u0103ri timpurii de Shigeyoshi Iwasaki. La mijlocul secolului trecut, Iwasaki a fost singurul care a folosit trei linii \u00eentr-un cerc \u00een logo. Iwasaki proiecta autocolante Nippon \u00eenainte de a crea logo-ul. Shizusaburo \u0219i-a creat propriul logo dup\u0103 lansarea acestui aparat de ras.<\/p>\n<\/li>\n<li><strong>Nr. 2 a r\u0103mas<\/strong><\/li>\n<li>Lungime total\u0103: 150 mm<\/li>\n<li>Lam\u0103: 43x21x5 mm<\/li>\n<li>Greutate: 36 g<\/li>\n<\/ul>","protected":false},"featured_media":1083,"comment_status":"open","ping_status":"closed","template":"","meta":[],"product_brand":[],"product_cat":[23],"product_tag":[25,55],"class_list":{"0":"post-313","1":"product","2":"type-product","3":"status-publish","4":"has-post-thumbnail","6":"product_cat-razors","7":"product_tag-kamisori","8":"product_tag-nos","9":"product_shipping_class-light","11":"first","12":"instock","13":"sold-individually","14":"shipping-taxable","15":"product-type-variable"},"_links":{"self":[{"href":"https:\/\/jnats.eu\/ro\/wp-json\/wp\/v2\/product\/313","targetHints":{"allow":["GET"]}}],"collection":[{"href":"https:\/\/jnats.eu\/ro\/wp-json\/wp\/v2\/product"}],"about":[{"href":"https:\/\/jnats.eu\/ro\/wp-json\/wp\/v2\/types\/product"}],"replies":[{"embeddable":true,"href":"https:\/\/jnats.eu\/ro\/wp-json\/wp\/v2\/comments?post=313"}],"wp:featuredmedia":[{"embeddable":true,"href":"https:\/\/jnats.eu\/ro\/wp-json\/wp\/v2\/media\/1083"}],"wp:attachment":[{"href":"https:\/\/jnats.eu\/ro\/wp-json\/wp\/v2\/media?parent=313"}],"wp:term":[{"taxonomy":"product_brand","embeddable":true,"href":"https:\/\/jnats.eu\/ro\/wp-json\/wp\/v2\/product_brand?post=313"},{"taxonomy":"product_cat","embeddable":true,"href":"https:\/\/jnats.eu\/ro\/wp-json\/wp\/v2\/product_cat?post=313"},{"taxonomy":"product_tag","embeddable":true,"href":"https:\/\/jnats.eu\/ro\/wp-json\/wp\/v2\/product_tag?post=313"}],"curies":[{"name":"wp","href":"https:\/\/api.w.org\/{rel}","templated":true}]}}