{"id":3175,"date":"2025-02-12T14:37:19","date_gmt":"2025-02-12T12:37:19","guid":{"rendered":"https:\/\/jnats.eu\/?post_type=product&#038;p=3175"},"modified":"2026-04-11T09:30:05","modified_gmt":"2026-04-11T06:30:05","slug":"aizu","status":"publish","type":"product","link":"https:\/\/jnats.eu\/ro\/product-2\/aizu\/","title":{"rendered":"Piatr\u0103 medie Aizu Whetstone"},"content":{"rendered":"<p>La fel ca majoritatea Aizu, aceast\u0103 piatr\u0103 are o duritate destul de moderat\u0103 \u0219i \u00ee\u0219i elibereaz\u0103 suspensia cu u\u0219urin\u021b\u0103. Ascutie eficient atata timp cat suprafata ramane umeda. Forma ideala. Aceast\u0103 piatr\u0103 corespunde unor produse artificiale cu o dimensiune a granulelor de aproximativ 800-1500. Poate fi folosit pentru finisarea cu\u021bitelor de ascu\u021bit sau pentru a preg\u0103ti suprafa\u021ba pentru finisarea ulterioar\u0103 cu o alt\u0103 piatr\u0103 natural\u0103. Pute\u021bi cre\u0219te viteza \u0219i confortul \u0219lefuirii folosind o suspensie extras\u0103 for\u021bat cu ajutorul unei pl\u0103ci de diamant.<\/p>\n\n\n\n<p>Aceast\u0103 piatr\u0103 are culoarea caracteristic\u0103 gri deschis a lui Aizu, cu puncte albe \u0219i \u00eenchise.<\/p>\n\n\n\n<figure class=\"wp-block-embed is-type-video is-provider-youtube wp-block-embed-youtube wp-embed-aspect-16-9 wp-has-aspect-ratio\"><div class=\"wp-block-embed__wrapper\">\n<div class=\"video-container\"><iframe title=\"Aizu Medium Whetstone Jnats\" width=\"1170\" height=\"658\" src=\"https:\/\/www.youtube.com\/embed\/YkGH4UyfKrg?feature=oembed\" frameborder=\"0\" allow=\"accelerometer; autoplay; clipboard-write; encrypted-media; gyroscope; picture-in-picture; web-share\" referrerpolicy=\"strict-origin-when-cross-origin\" allowfullscreen><\/iframe><\/div>\n<\/div><\/figure>\n\n\n\n<p><strong>Aizu<\/strong><br>Aceast\u0103 min\u0103, spre deosebire de majoritatea, nu este situat\u0103 l\u00e2ng\u0103 Kyoto, ci mai la nord, l\u00e2ng\u0103 Fukushima. Aceste pietre sunt probabil cele mai c\u0103utate nakatoishi cu granula\u021bie medie din Japonia. Pietrele naturale de ascu\u021bit Aizu sunt de obicei de culoare gri deschis sau alb\u0103strui p\u00e2n\u0103 la verde ment\u0103, cu pete albe \u0219i rare \u201eflori de lotus\u201d negre sau gri. Aceast\u0103 min\u0103 a fost \u00eenchis\u0103 \u00een anii 1950 din cauza problemelor de s\u0103n\u0103tate ale lucr\u0103torilor din minerit.<\/p>\n\n\n\n<p>Pute\u021bi vedea lucrarea acestei pietre Aizu \u00een videoclip:<\/p>\n\n\n\n<figure class=\"wp-block-embed is-type-video is-provider-youtube wp-block-embed-youtube wp-embed-aspect-16-9 wp-has-aspect-ratio\"><div class=\"wp-block-embed__wrapper\">\n<div class=\"video-container\"><iframe title=\"Aizu Whetstones Lv 3 - 4,5 vs Aogami o\u021bel\" width=\"1170\" height=\"658\" src=\"https:\/\/www.youtube.com\/embed\/VdMya5Knqzs?feature=oembed\" frameborder=\"0\" allow=\"accelerometer; autoplay; clipboard-write; encrypted-media; gyroscope; picture-in-picture; web-share\" referrerpolicy=\"strict-origin-when-cross-origin\" allowfullscreen><\/iframe><\/div>\n<\/div><\/figure>","protected":false},"excerpt":{"rendered":"<ul>\n<li>Greutate: aproximativ 480 g<\/li>\n<li>Dimensiuni: 150x45x30 mm<\/li>\n<li>Aproximativ #800-1500 granula\u021bie<\/li>\n<li>Duritate Lv 3<\/li>\n<li>Este mai potrivit\u0103 pentru etapa intermediar\u0103 de lustruire sau ca donator de suspensie (nagura) dec\u00e2t pentru ascu\u021birea direct\u0103, deoarece aceste pietre sunt foarte moi.<\/li>\n<\/ul>","protected":false},"featured_media":3933,"comment_status":"open","ping_status":"closed","template":"","meta":[],"product_brand":[],"product_cat":[22],"product_tag":[299,300],"class_list":{"0":"post-3175","1":"product","2":"type-product","3":"status-publish","4":"has-post-thumbnail","6":"product_cat-jnats","7":"product_tag-aizu","8":"product_tag-medium","9":"product_shipping_class-iprastas","11":"first","12":"outofstock","13":"sale","14":"shipping-taxable","15":"purchasable","16":"product-type-simple"},"_links":{"self":[{"href":"https:\/\/jnats.eu\/ro\/wp-json\/wp\/v2\/product\/3175","targetHints":{"allow":["GET"]}}],"collection":[{"href":"https:\/\/jnats.eu\/ro\/wp-json\/wp\/v2\/product"}],"about":[{"href":"https:\/\/jnats.eu\/ro\/wp-json\/wp\/v2\/types\/product"}],"replies":[{"embeddable":true,"href":"https:\/\/jnats.eu\/ro\/wp-json\/wp\/v2\/comments?post=3175"}],"wp:featuredmedia":[{"embeddable":true,"href":"https:\/\/jnats.eu\/ro\/wp-json\/wp\/v2\/media\/3933"}],"wp:attachment":[{"href":"https:\/\/jnats.eu\/ro\/wp-json\/wp\/v2\/media?parent=3175"}],"wp:term":[{"taxonomy":"product_brand","embeddable":true,"href":"https:\/\/jnats.eu\/ro\/wp-json\/wp\/v2\/product_brand?post=3175"},{"taxonomy":"product_cat","embeddable":true,"href":"https:\/\/jnats.eu\/ro\/wp-json\/wp\/v2\/product_cat?post=3175"},{"taxonomy":"product_tag","embeddable":true,"href":"https:\/\/jnats.eu\/ro\/wp-json\/wp\/v2\/product_tag?post=3175"}],"curies":[{"name":"wp","href":"https:\/\/api.w.org\/{rel}","templated":true}]}}