{"id":3184,"date":"2025-09-30T11:13:34","date_gmt":"2025-09-30T08:13:34","guid":{"rendered":"https:\/\/jnats.eu\/?post_type=product&#038;p=3184"},"modified":"2026-04-11T09:18:41","modified_gmt":"2026-04-11T06:18:41","slug":"jun-mikawa-shiro-nagura-mejiro-button-rinkinys","status":"publish","type":"product","link":"https:\/\/jnats.eu\/ro\/product-2\/jun-mikawa-shiro-nagura-mejiro-button-rinkinys\/","title":{"rendered":"Mikawa Shiro Nagura Koma + Mejiro + set Botan"},"content":{"rendered":"<p>Similar altor naguras, Mikawa Asano este folosit \u00een mod tradi\u021bional pentru a crea o suspensie abraziv\u0103 pe o piatr\u0103 natural\u0103 de ascu\u021bit. Diferen\u021ba fa\u021b\u0103 de ceilal\u021bi este respectul. Asano este o \u00eencercare de a crea un sistem de clasificare gratuit care s\u0103 permit\u0103 utilizatorului s\u0103 aleag\u0103 progresia de ascu\u021bire de la grosier la fin.<\/p>\n\n\n\n<p>Unghia uspensia accelereaz\u0103 lucrul pietrelor naturale mai lente, ascute carburile de o\u021bel \u0219i men\u021bine uneltele mai ascu\u021bite pentru mult mai mult timp. Poate fi folosit\u0103 \u0219i pe pietrele sintetice, f\u0103c\u00e2ndu-le mai moi \u0219i mai curate. De asemenea, este posibil\u0103 finisarea briciurilor pe suspensie lichid\u0103 dac\u0103 dori\u021bi un b\u0103rbierit neagresiv \u0219i sigur.<\/p>\n\n\n\n<figure class=\"wp-block-embed is-type-video is-provider-youtube wp-block-embed-youtube wp-embed-aspect-16-9 wp-has-aspect-ratio\"><div class=\"wp-block-embed__wrapper\">\n<div class=\"video-container\"><iframe title=\"Ascu\u021birea unui Henkotsu Kamisori pe o piatr\u0103 de \u0219lefuit Nakayama Asagi Premium | Mejiro, Tenjo &amp; Koma Nagura\" width=\"1170\" height=\"658\" src=\"https:\/\/www.youtube.com\/embed\/xLUXM45tq0o?start=491&#038;feature=oembed\" frameborder=\"0\" allow=\"accelerometer; autoplay; clipboard-write; encrypted-media; gyroscope; picture-in-picture; web-share\" referrerpolicy=\"strict-origin-when-cross-origin\" allowfullscreen><\/iframe><\/div>\n<\/div><\/figure>\n\n\n\n<p>De fapt, o unghie, oricare dintre ele, este suficient\u0103 pentru ascu\u021bire, deoarece \u00een timpul ascu\u021birii, particulele abrazive naturale se descompun \u0219i devin mai fine. Dac\u0103 este necesar, suspensia poate fi creat\u0103 din nou folosind aceea\u0219i unghie Mikawa.<\/p>\n\n\n\n<p>Excep\u021bia de la regul\u0103 este Muchi. Acesta din urm\u0103 poate fi prea dur \u00een unele cazuri \u0219i, \u00een general, nu este recomandabil pentru utilizare la aparate de ras.<\/p>\n\n\n\n<p>Acest tip de piatr\u0103 este extras din mina Junmikawa Shiro din districtul Kitashitara din prefectura Aichi. Roca g\u0103sit\u0103 acolo este format\u0103 din 10-12 straturi, \u00een func\u021bie de zona care a fost excavat\u0103. Dintre aceste straturi, exist\u0103 8 utilizabile \u0219i 4 dintre ele sunt cele mai populare. \u00cen zonele cu 12 straturi utilizabile, exist\u0103 dou\u0103 straturi Tenjyo diferite, precum \u0219i Yae Botan \u0219i Botan, care sunt foarte asem\u0103n\u0103toare. Ca \u0219i \u00een cazul tuturor pietrelor naturale japoneze, fiecare exemplar individual poate varia.<\/p>\n\n\n\n<p>Mikawa nagura este clasificat\u0103 de la cel mai grosier la cel mai fin dup\u0103 cum urmeaz\u0103:&nbsp;<strong>Mushi [\u30e0\u30b7] &gt; Ban [\u30d0\u30f3] &gt; Atsu [\u30c4] &gt; Yae Botan [\u30d0\u30f3\u30c8\u30ec\u30f3] &gt; Tenjyo [\u30c6\u30e9\u30c8\u30ec\u30f3] &gt; Mejiro [\u30db\u30fc\u30ec\u30f3] &gt; Koma [\u30de\u30de<\/strong><\/p>\n\n\n\n<p>Mikawa nagura sunt clasificate \u00een func\u021bie de viteza lor de lucru, dup\u0103 cum urmeaz\u0103:<strong> Ban &gt; Koma &gt; Yae Botan &gt; Botan &gt; Atsu &gt; Tenjo &gt; Mejiro.<\/strong><\/p>\n\n\n\n<p>Dup\u0103 ce unghiile sunt ascu\u021bite, ascu\u021birea este de obicei finalizat\u0103 pe aceea\u0219i piatr\u0103 curat\u0103 care a servit ca baz\u0103. Unele persoane termin\u0103 procesul de ascu\u021bire a briciului cu o suspensie lichid\u0103, ob\u021bin\u00e2nd astfel un b\u0103rbierit bl\u00e2nd \u0219i sigur, deoarece lama devine apoi neagresiv\u0103 pentru piele, dar totu\u0219i tunde p\u0103rul.<\/p>\n\n\n\n<h2 class=\"wp-block-heading\">Jun Mikawa Shiro Nagura tipuri<\/h2>\n\n\n\n<figure class=\"wp-block-table\"><table class=\"has-fixed-layout\"><thead><tr><th>Nume japonez<\/th><th>Kanji\/ scriere<\/th><th>Descriere<\/th><th>Utilizare tipic\u0103<\/th><\/tr><\/thead><tbody><tr><td>Com\u0103<\/td><td>\u99d2 \/ \u30b3\u30de<\/td><td>Cel mai mic \u0219i unul dintre cele mai eficiente nagura din seria Jun Mikawa Shiro. Creeaz\u0103 o suspensie foarte fin\u0103.<\/td><td>Runda final\u0103, lame \u0219i cu\u021bite<\/td><\/tr><tr><td>Mejiro<\/td><td>\u76ee\u767d<\/td><td>Foarte mic, aproape de m\u0103rimea unui Coma.<\/td><td>Etapa de lustruire t\u00e2rzie<\/td><\/tr><tr><td>Tenjyo (Tenjou)<\/td><td>\u5929\u4e0a<\/td><td>Raport echilibrat \u00eentre fine\u021be \u0219i puterea de ascu\u021bire. Una dintre cele mai versatile ascu\u021bitoare.<\/td><td>Etapa mijlocie- t\u00e2rzie<\/td><\/tr><tr><td>Botanic\u0103<\/td><td>\u7261\u4e39<\/td><td>Putere abraziv\u0103 bun\u0103, suspensie destul de activ\u0103. Utilizat \u00eentotdeauna cu o piatr\u0103 de baz\u0103.<\/td><td>Stadiul incipient al nagura<\/td><\/tr><tr><td>Yae Botan<\/td><td>\u516b\u91cd\u7261\u4e39<\/td><td>Similar cu Botan, dar adesea o suspensie u\u0219or mai moale \u0219i mai fin\u0103.<\/td><td>Stadiu incipient-mediu<\/td><\/tr><tr><td>Atsu<\/td><td>\u539a<\/td><td>Un pic mai dur.<\/td><td>Uneori folosit pentru lucr\u0103ri brute<\/td><\/tr><tr><td>Ban<\/td><td>\u76e4<\/td><td>Una dintre cele mai dure nagura Mikawa.<\/td><td>Pentru ascu\u021birea grosier\u0103<\/td><\/tr><\/tbody><\/table><\/figure>\n\n\n\n<p>Clase de calitate:<\/p>\n\n\n\n<ul class=\"wp-block-list\">\n<li><strong>\u5225\u4e0a (Betsuj\u014d)<\/strong> - \u00eenalt\u0103 calitate<\/li>\n\n\n\n<li><strong>\u7279\u7d1a (Tokky\u016b)<\/strong> - cea mai \u00eenalt\u0103 calitate<\/li>\n<\/ul>\n\n\n\n<h2 class=\"wp-block-heading\">Ordinea de fine\u021be (de la cea mai mic\u0103 la cea mai grosier\u0103)<\/h2>\n\n\n\n<figure class=\"wp-block-table\"><table class=\"has-fixed-layout\"><thead><tr><th>Detaliu<\/th><th>Tip<\/th><\/tr><\/thead><tbody><tr><td>1 (cele mai bune)<\/td><td>\u99d2 \/ \u30b3\u30de Koma<\/td><\/tr><tr><td>2<\/td><td>\u76ee\u767d Mejiro<\/td><\/tr><tr><td>3<\/td><td>\u5929\u4e0a Tenjyo<\/td><\/tr><tr><td>4<\/td><td>\u7261\u4e39 Botan<\/td><\/tr><tr><td>5<\/td><td>\u516b\u91cd\u7261\u4e39 Yae Botan<\/td><\/tr><tr><td>6<\/td><td>\u539a Atsu<\/td><\/tr><tr><td>7<\/td><td>\u76e4 Ban<\/td><\/tr><\/tbody><\/table><\/figure>\n\n\n\n<hr class=\"wp-block-separator has-alpha-channel-opacity\"\/>\n\n\n\n<p>\u00cen practic\u0103, \u00een special <strong>\u00een ascu\u021birea briciului<\/strong>, se utilizeaz\u0103 \u00een mod obi\u0219nuit o progresie:<\/p>\n\n\n\n<p><strong>\u7261\u4e39 Botan \u2192 \u5929\u4e0a Tenjyo \u2192 \u76ee\u767d Mejiro \u2192 \u99d2 Koma<\/strong><\/p>","protected":false},"excerpt":{"rendered":"<ol>\n<li>Koma + Mejiro + Botan greutate total\u0103 185 g\u00a0<\/li>\n<li>Koma + Mejiro + Botan greutate total\u0103 190 g<\/li>\n<li>Koma + Mejiro + Botan greutate total\u0103 200 g<\/li>\n<li>Koma + Mejiro + Botan greutate total\u0103 183 g<\/li>\n<li>Koma + Mejiro + Botan greutate total\u0103 178 g<\/li>\n<li>Koma + Mejiro + Botan greutate total\u0103 185 g<\/li>\n<li>Koma + Mejiro + Botan greutate total\u0103 225 g<\/li>\n<li>Greutatea Mejiro 218 g<\/li>\n<li>Greutatea Mejiro 438 g<\/li>\n<\/ol>\n<p>Dac\u0103 nu vede\u021bi articolul \u00een lista derulant\u0103, \u00eenseamn\u0103 c\u0103 este v\u00e2ndut.<\/p>","protected":false},"featured_media":5278,"comment_status":"open","ping_status":"closed","template":"","meta":[],"product_brand":[],"product_cat":[22],"product_tag":[152,301,153],"class_list":{"0":"post-3184","1":"product","2":"type-product","3":"status-publish","4":"has-post-thumbnail","6":"product_cat-jnats","7":"product_tag-button","8":"product_tag-mejiro","9":"product_tag-nagura","10":"product_shipping_class-light","12":"first","13":"instock","14":"shipping-taxable","15":"purchasable","16":"product-type-variable"},"_links":{"self":[{"href":"https:\/\/jnats.eu\/ro\/wp-json\/wp\/v2\/product\/3184","targetHints":{"allow":["GET"]}}],"collection":[{"href":"https:\/\/jnats.eu\/ro\/wp-json\/wp\/v2\/product"}],"about":[{"href":"https:\/\/jnats.eu\/ro\/wp-json\/wp\/v2\/types\/product"}],"replies":[{"embeddable":true,"href":"https:\/\/jnats.eu\/ro\/wp-json\/wp\/v2\/comments?post=3184"}],"wp:featuredmedia":[{"embeddable":true,"href":"https:\/\/jnats.eu\/ro\/wp-json\/wp\/v2\/media\/5278"}],"wp:attachment":[{"href":"https:\/\/jnats.eu\/ro\/wp-json\/wp\/v2\/media?parent=3184"}],"wp:term":[{"taxonomy":"product_brand","embeddable":true,"href":"https:\/\/jnats.eu\/ro\/wp-json\/wp\/v2\/product_brand?post=3184"},{"taxonomy":"product_cat","embeddable":true,"href":"https:\/\/jnats.eu\/ro\/wp-json\/wp\/v2\/product_cat?post=3184"},{"taxonomy":"product_tag","embeddable":true,"href":"https:\/\/jnats.eu\/ro\/wp-json\/wp\/v2\/product_tag?post=3184"}],"curies":[{"name":"wp","href":"https:\/\/api.w.org\/{rel}","templated":true}]}}