{"id":3257,"date":"2024-09-09T09:52:17","date_gmt":"2024-09-09T06:52:17","guid":{"rendered":"https:\/\/jnats.eu\/?post_type=product&#038;p=3257"},"modified":"2024-11-23T10:54:43","modified_gmt":"2024-11-23T08:54:43","slug":"naniwa-jyunpaku-galandinimo-akmuo-8000","status":"publish","type":"product","link":"https:\/\/jnats.eu\/ro\/product-2\/naniwa-jyunpaku-galandinimo-akmuo-8000\/","title":{"rendered":"Piatra de ascutit Naniwa Jyunpaku #8000 +30 de ascutit +47 3000"},"content":{"rendered":"<p>Piatra de ascu\u021bit Naniwa Jyunpaku 8000 este foarte fin\u0103 pentru a men\u021bine cu\u021bitele foarte ascu\u021bite. Jyunpaku este unul dintre cele mai populare produse din gama Naniwa.<\/p>\n\n\n\n<p>\u00cen lumea ascu\u021bitului, aceast\u0103 piatr\u0103 este cunoscut\u0103 \u0219i sub numele de \u201eAlb\u0103 ca Z\u0103pada\u201d. Nu numai pentru c\u0103 piatra este alb\u0103 ca z\u0103pada, ci \u0219i datorit\u0103 rezultatelor uimitoare de ascu\u021bire ca o oglind\u0103. \u00cen ciuda acestei reputa\u021bii \u0219i a cererii mari, aceste pietre de ascu\u021bit sunt relativ rare pe pia\u021b\u0103, deoarece Naniwa produce o cantitate limitat\u0103 de Jyunpaku. Toate astfel \u00eenc\u00e2t s\u0103 poat\u0103 controla calitatea fiec\u0103rei pietre de ascu\u021bit. <\/p>\n\n\n\n<p>Trebuie s\u0103 p\u0103stra\u021bi Naniwa Jyunpaku scufundat \u00een ap\u0103 c\u00e2teva minute \u00eenainte de utilizare. \u00cen compara\u021bie cu pietrele de ap\u0103 mai ieftine, ve\u021bi descoperi c\u0103 aceast\u0103 piatr\u0103 de ascu\u021bit nu va avea nevoie de mult\u0103 ap\u0103 suplimentar\u0103 \u0219i o absoarbe foarte bine. Prin urmare, nu va trebui s\u0103 umezi\u021bi piatra la fel de des ca atunci c\u00e2nd ascu\u021bi un cu\u021bit. Particulele de metal \u00eenchis la culoare sunt, desigur, foarte vizibile pe o suprafa\u021b\u0103 de ascu\u021bire u\u0219oar\u0103, a\u0219a c\u0103 recomand\u0103m cur\u0103\u021barea suprafe\u021bei de piatr\u0103 cu produse speciale dup\u0103 utilizare. \u00cen acest fel piatra r\u0103m\u00e2ne frumoas\u0103 \u0219i alb\u0103.<\/p>\n\n\n\n<p>Dup\u0103 utilizare, l\u0103sa\u021bi piatra s\u0103 se usuce la temperatura camerei. <\/p>","protected":false},"excerpt":{"rendered":"<ul>\n<li>Dimensiuni: 210x70x20mm<\/li>\n<li>Greutate: 660 g<\/li>\n<li>Granula\u021bie: #8000<\/li>\n<li>\u00cenainte de utilizare, piatra trebuie \u00eenmuiat\u0103 \u00een ap\u0103 timp de c\u00e2teva minute p\u00e2n\u0103 c\u00e2nd bulele de aer \u00eenceteaz\u0103 s\u0103 se ridice.<\/li>\n<\/ul>","protected":false},"featured_media":3259,"comment_status":"open","ping_status":"closed","template":"","meta":[],"product_brand":[],"product_cat":[290],"product_tag":[303,197],"class_list":{"0":"post-3257","1":"product","2":"type-product","3":"status-publish","4":"has-post-thumbnail","6":"product_cat-whetstones","7":"product_tag-303","8":"product_tag-naniwa","9":"product_shipping_class-iprastas","11":"first","12":"outofstock","13":"shipping-taxable","14":"purchasable","15":"product-type-simple"},"_links":{"self":[{"href":"https:\/\/jnats.eu\/ro\/wp-json\/wp\/v2\/product\/3257","targetHints":{"allow":["GET"]}}],"collection":[{"href":"https:\/\/jnats.eu\/ro\/wp-json\/wp\/v2\/product"}],"about":[{"href":"https:\/\/jnats.eu\/ro\/wp-json\/wp\/v2\/types\/product"}],"replies":[{"embeddable":true,"href":"https:\/\/jnats.eu\/ro\/wp-json\/wp\/v2\/comments?post=3257"}],"wp:featuredmedia":[{"embeddable":true,"href":"https:\/\/jnats.eu\/ro\/wp-json\/wp\/v2\/media\/3259"}],"wp:attachment":[{"href":"https:\/\/jnats.eu\/ro\/wp-json\/wp\/v2\/media?parent=3257"}],"wp:term":[{"taxonomy":"product_brand","embeddable":true,"href":"https:\/\/jnats.eu\/ro\/wp-json\/wp\/v2\/product_brand?post=3257"},{"taxonomy":"product_cat","embeddable":true,"href":"https:\/\/jnats.eu\/ro\/wp-json\/wp\/v2\/product_cat?post=3257"},{"taxonomy":"product_tag","embeddable":true,"href":"https:\/\/jnats.eu\/ro\/wp-json\/wp\/v2\/product_tag?post=3257"}],"curies":[{"name":"wp","href":"https:\/\/api.w.org\/{rel}","templated":true}]}}