{"id":3291,"date":"2024-09-23T10:30:18","date_gmt":"2024-09-23T07:30:18","guid":{"rendered":"https:\/\/jnats.eu\/?post_type=product&#038;p=3291"},"modified":"2024-12-11T10:35:45","modified_gmt":"2024-12-11T08:35:45","slug":"dirbtine-shiro-nagura","status":"publish","type":"product","link":"https:\/\/jnats.eu\/ro\/product-2\/dirbtine-shiro-nagura\/","title":{"rendered":"Shiro Nagura artificial\u0103"},"content":{"rendered":"<p>Ajut\u0103 la accelerarea lucr\u0103rilor la pietrele dure de finisare. Piatra este frecat\u0103 cu un cui, care elibereaz\u0103 o suspensie care gr\u0103be\u0219te munca. De obicei este completat pe o piatr\u0103 curat\u0103.<\/p>\n\n\n\n<p>Un b\u0103rbierit mai sigur poate fi ob\u021binut \u0219i prin finalizarea ascu\u021birii aparatului de ras cu o suspensie lichid\u0103.<\/p>","protected":false},"excerpt":{"rendered":"<ul>\n<li>Greutate - 150 g<\/li>\n<li>Dimensiuni \u2013 58x37x35 mm<\/li>\n<\/ul>\n<p>Ajut\u0103 la accelerarea lucr\u0103rilor la pietrele dure de finisare. Piatra este frecat\u0103 cu un cui, care elibereaz\u0103 o suspensie care gr\u0103be\u0219te munca. De obicei este completat pe o piatr\u0103 curat\u0103.<\/p>\n<p>Un b\u0103rbierit mai sigur poate fi ob\u021binut \u0219i prin finalizarea ascu\u021birii aparatului de ras cu o suspensie lichid\u0103.<\/p>","protected":false},"featured_media":3293,"comment_status":"open","ping_status":"closed","template":"","meta":[],"product_brand":[],"product_cat":[290],"product_tag":[],"class_list":{"0":"post-3291","1":"product","2":"type-product","3":"status-publish","4":"has-post-thumbnail","6":"product_cat-whetstones","7":"product_shipping_class-light","9":"first","10":"outofstock","11":"shipping-taxable","12":"purchasable","13":"product-type-simple"},"_links":{"self":[{"href":"https:\/\/jnats.eu\/ro\/wp-json\/wp\/v2\/product\/3291","targetHints":{"allow":["GET"]}}],"collection":[{"href":"https:\/\/jnats.eu\/ro\/wp-json\/wp\/v2\/product"}],"about":[{"href":"https:\/\/jnats.eu\/ro\/wp-json\/wp\/v2\/types\/product"}],"replies":[{"embeddable":true,"href":"https:\/\/jnats.eu\/ro\/wp-json\/wp\/v2\/comments?post=3291"}],"wp:featuredmedia":[{"embeddable":true,"href":"https:\/\/jnats.eu\/ro\/wp-json\/wp\/v2\/media\/3293"}],"wp:attachment":[{"href":"https:\/\/jnats.eu\/ro\/wp-json\/wp\/v2\/media?parent=3291"}],"wp:term":[{"taxonomy":"product_brand","embeddable":true,"href":"https:\/\/jnats.eu\/ro\/wp-json\/wp\/v2\/product_brand?post=3291"},{"taxonomy":"product_cat","embeddable":true,"href":"https:\/\/jnats.eu\/ro\/wp-json\/wp\/v2\/product_cat?post=3291"},{"taxonomy":"product_tag","embeddable":true,"href":"https:\/\/jnats.eu\/ro\/wp-json\/wp\/v2\/product_tag?post=3291"}],"curies":[{"name":"wp","href":"https:\/\/api.w.org\/{rel}","templated":true}]}}