{"id":3315,"date":"2024-09-30T12:40:24","date_gmt":"2024-09-30T09:40:24","guid":{"rendered":"https:\/\/jnats.eu\/?post_type=product&#038;p=3315"},"modified":"2026-01-23T14:41:19","modified_gmt":"2026-01-23T12:41:19","slug":"aoto-medium-whetstone-sun-tiger","status":"publish","type":"product","link":"https:\/\/jnats.eu\/ro\/product-2\/aoto-medium-whetstone-sun-tiger\/","title":{"rendered":"Aoto Medium Whetstone Sun Tiger"},"content":{"rendered":"<p>Piatr\u0103 de ascu\u021bit moale cu granula\u021bie medie vintage Aoto (piatra albastr\u0103 japonez\u0103) din regiunea Tanba. Dimensiunea boabelor aproximativ #2000. Este foarte u\u0219or de utilizat \u0219i, cu o presiune mai puternic\u0103, pute\u021bi construi o cantitate impresionant\u0103 de suspensie. Control\u00e2nd corect cantitatea de ap\u0103, pute\u021bi l\u0103sa un finisaj foarte uniform, cu mult contrast \u0219i zg\u00e2rieturi abia vizibile. Bea ap\u0103.<\/p>\n\n\n\n<p>Cu cutia producatorului in stare buna.<\/p>\n\n\n\n<figure class=\"wp-block-embed is-type-video is-provider-youtube wp-block-embed-youtube wp-embed-aspect-16-9 wp-has-aspect-ratio\"><div class=\"wp-block-embed__wrapper\">\n<div class=\"video-container\"><iframe title=\"Aoto Medium Whetstone Sun Tiger Brand\" width=\"1170\" height=\"658\" src=\"https:\/\/www.youtube.com\/embed\/QozN3YmvHfU?feature=oembed\" frameborder=\"0\" allow=\"accelerometer; autoplay; clipboard-write; encrypted-media; gyroscope; picture-in-picture; web-share\" referrerpolicy=\"strict-origin-when-cross-origin\" allowfullscreen><\/iframe><\/div>\n<\/div><\/figure>","protected":false},"excerpt":{"rendered":"<ul>\n<li>Marca Aoto Medium Whetstone Sun Tiger<\/li>\n<li>Dimensiunea boabelor aproximativ #2000<\/li>\n<li>Duritate: Lv 3<\/li>\n<li>Dimensiuni: 225x60x60mm<\/li>\n<li>Greutate: 1870 g.<\/li>\n<li><strong>Are cr\u0103p\u0103turi tipice acestui tip de piatr\u0103, care nu ar trebui s\u0103 se extind\u0103.<\/strong><\/li>\n<\/ul>","protected":false},"featured_media":3319,"comment_status":"open","ping_status":"closed","template":"","meta":[],"product_brand":[],"product_cat":[22],"product_tag":[304,300],"class_list":{"0":"post-3315","1":"product","2":"type-product","3":"status-publish","4":"has-post-thumbnail","6":"product_cat-jnats","7":"product_tag-aoto","8":"product_tag-medium","9":"product_shipping_class-iprastas","11":"first","12":"outofstock","13":"sale","14":"shipping-taxable","15":"purchasable","16":"product-type-simple"},"_links":{"self":[{"href":"https:\/\/jnats.eu\/ro\/wp-json\/wp\/v2\/product\/3315","targetHints":{"allow":["GET"]}}],"collection":[{"href":"https:\/\/jnats.eu\/ro\/wp-json\/wp\/v2\/product"}],"about":[{"href":"https:\/\/jnats.eu\/ro\/wp-json\/wp\/v2\/types\/product"}],"replies":[{"embeddable":true,"href":"https:\/\/jnats.eu\/ro\/wp-json\/wp\/v2\/comments?post=3315"}],"wp:featuredmedia":[{"embeddable":true,"href":"https:\/\/jnats.eu\/ro\/wp-json\/wp\/v2\/media\/3319"}],"wp:attachment":[{"href":"https:\/\/jnats.eu\/ro\/wp-json\/wp\/v2\/media?parent=3315"}],"wp:term":[{"taxonomy":"product_brand","embeddable":true,"href":"https:\/\/jnats.eu\/ro\/wp-json\/wp\/v2\/product_brand?post=3315"},{"taxonomy":"product_cat","embeddable":true,"href":"https:\/\/jnats.eu\/ro\/wp-json\/wp\/v2\/product_cat?post=3315"},{"taxonomy":"product_tag","embeddable":true,"href":"https:\/\/jnats.eu\/ro\/wp-json\/wp\/v2\/product_tag?post=3315"}],"curies":[{"name":"wp","href":"https:\/\/api.w.org\/{rel}","templated":true}]}}