{"id":340,"date":"2024-03-03T16:17:30","date_gmt":"2024-03-03T14:17:30","guid":{"rendered":"http:\/\/jnats.eu\/?post_type=product&#038;p=340"},"modified":"2024-09-21T11:33:09","modified_gmt":"2024-09-21T08:33:09","slug":"otaniyama-asagi-razor-finishing-whetstone","status":"publish","type":"product","link":"https:\/\/jnats.eu\/ro\/product-2\/otaniyama-asagi-razor-finishing-whetstone\/","title":{"rendered":"Otaniyama Asagi Razor Finishing Whetstone"},"content":{"rendered":"<p>Pietrele Otaniyama de dimensiuni mari aproape c\u0103 nu mai sunt disponibile comercial. Otaniyama este situat la aproximativ 10 km nord-vest de centrul ora\u0219ului Kameoka.<\/p>\n\n\n\n<p>Mina este s\u0103pat\u0103 \u00eentr-un loc numit Muntele Otani, care este denumirea colectiv\u0103 pentru mai mul\u021bi mun\u021bi. Piatra a devenit popular\u0103 \u00een toat\u0103 Japonia ca piatr\u0103 de ras.<\/p>\n\n\n\n<p>De\u0219i este o piatr\u0103 de \u0219lefuit excelent\u0103, nu este cunoscut\u0103 pe scar\u0103 larg\u0103. Zona Kameoka, unde au fost extrase multe pietre excelente pentru ascu\u021bit, dar oamenii care lucrau acolo nu erau membri ai Asocia\u021biei Pietrei Naturale de la Kyoto. Se crede c\u0103 acest tip de piatr\u0103 nu era bine cunoscut deoarece minerii s\u0103i nu aveau acces la organiza\u021bia men\u021bionat\u0103 mai sus. Cu toate acestea, mul\u021bi au fost atra\u0219i de perfec\u021biunea acestei pietre de \u0219lefuit \u0219i au \u00eenceput s\u0103 o foloseasc\u0103 pentru unelte de ras. <\/p>\n\n\n\n<p>Compania comercial\u0103 a r\u0103sp\u00e2ndit vestea frizeriei din Japonia prin v\u00e2nz\u0103ri din u\u0219\u0103 \u00een u\u0219\u0103. Ascu\u021bimea unui aparat de ras \u00eentr-un salon de coafur\u0103 este la fel de important\u0103 ca \u0219i pentru un frizer. Proprietarii de frizerie au fost aten\u021bi \u00een alegerea pietrelor de \u0219lefuit pentru c\u0103 erau legate de reputa\u021bia afacerii. Este o piatr\u0103 cu o lung\u0103 istorie de r\u0103sp\u00e2ndire. Bine\u00een\u021beles, dac\u0103 reac\u021bia la o\u021bel nu pare suficient de aspr\u0103, poate fi folosit\u0103 ca piatr\u0103 de copt pentru instrumentele de b\u0103rbierit.<\/p>\n\n\n\n<p>Am auzit c\u0103 \u00een acel moment se vindeau piese mari cu 10.000 de yeni. La valoarea monetar\u0103 actual\u0103, dac\u0103 converti\u021bi, va fi de aproximativ 200.000 de yeni (aproximativ 1.220 de euro). Dup\u0103 cum sugereaz\u0103 \u0219i numele, aceast\u0103 piatr\u0103 de ascu\u021bit este potrivit\u0103 pentru ascu\u021birea final\u0103 a aparatelor de ras, cu\u021bitelor, lamelor mici, aplanelor, dal\u021bilor etc. pentru etapa de ascu\u021bire.<\/p>\n\n\n\n<p>Apa rece va \u00eenr\u0103ut\u0103\u021bi semnificativ r\u0103spunsul o\u021belului \u00een timp, a\u0219a c\u0103 asigura\u021bi-v\u0103 c\u0103 utiliza\u021bi ap\u0103 la aproximativ 42 de grade c\u00e2nd ascu\u021bi\u021bi.<\/p>\n\n\n\n<figure class=\"wp-block-embed is-type-video is-provider-youtube wp-block-embed-youtube wp-embed-aspect-16-9 wp-has-aspect-ratio\"><div class=\"wp-block-embed__wrapper\">\n<div class=\"video-container\"><iframe title=\"Otaniyama Daigokujo - Cea mai bun\u0103 piatr\u0103 de copt natural\u0103 pentru aparate de ras\" width=\"1170\" height=\"658\" src=\"https:\/\/www.youtube.com\/embed\/6k_XyH2uSsI?feature=oembed\" frameborder=\"0\" allow=\"accelerometer; autoplay; clipboard-write; encrypted-media; gyroscope; picture-in-picture; web-share\" referrerpolicy=\"strict-origin-when-cross-origin\" allowfullscreen><\/iframe><\/div>\n<\/div><\/figure>","protected":false},"excerpt":{"rendered":"<ul>\n<li>Dimensiune aprox. 20,5 x 7,7 x 3,7 cm<\/li>\n<li>\u00a0Greutate aprox. 1330 de grame<\/li>\n<li>Duritate Lv 4<\/li>\n<li>Func\u021bioneaz\u0103 rapid \u0219i ofer\u0103 un b\u0103rbierit delicat. Taie p\u0103rul imediat dup\u0103 finisarea pe piatr\u0103. Nagura sau placa diamantat\u0103 nu sunt necesare.<\/li>\n<li>Una dintre cele mai bune pietre de ras pe care le-am v\u0103zut. Nu este foarte frumoas\u0103, dar func\u021bioneaz\u0103 bine.<\/li>\n<\/ul>","protected":false},"featured_media":346,"comment_status":"open","ping_status":"closed","template":"","meta":[],"product_brand":[],"product_cat":[22],"product_tag":[45,71,70,69,72],"class_list":{"0":"post-340","1":"product","2":"type-product","3":"status-publish","4":"has-post-thumbnail","6":"product_cat-jnats","7":"product_tag-asagi","8":"product_tag-finishing","9":"product_tag-otaniyama","10":"product_tag-otaniyama-asagi","11":"product_tag-razor","12":"product_shipping_class-iprastas","14":"first","15":"outofstock","16":"sale","17":"shipping-taxable","18":"purchasable","19":"product-type-simple"},"_links":{"self":[{"href":"https:\/\/jnats.eu\/ro\/wp-json\/wp\/v2\/product\/340","targetHints":{"allow":["GET"]}}],"collection":[{"href":"https:\/\/jnats.eu\/ro\/wp-json\/wp\/v2\/product"}],"about":[{"href":"https:\/\/jnats.eu\/ro\/wp-json\/wp\/v2\/types\/product"}],"replies":[{"embeddable":true,"href":"https:\/\/jnats.eu\/ro\/wp-json\/wp\/v2\/comments?post=340"}],"wp:featuredmedia":[{"embeddable":true,"href":"https:\/\/jnats.eu\/ro\/wp-json\/wp\/v2\/media\/346"}],"wp:attachment":[{"href":"https:\/\/jnats.eu\/ro\/wp-json\/wp\/v2\/media?parent=340"}],"wp:term":[{"taxonomy":"product_brand","embeddable":true,"href":"https:\/\/jnats.eu\/ro\/wp-json\/wp\/v2\/product_brand?post=340"},{"taxonomy":"product_cat","embeddable":true,"href":"https:\/\/jnats.eu\/ro\/wp-json\/wp\/v2\/product_cat?post=340"},{"taxonomy":"product_tag","embeddable":true,"href":"https:\/\/jnats.eu\/ro\/wp-json\/wp\/v2\/product_tag?post=340"}],"curies":[{"name":"wp","href":"https:\/\/api.w.org\/{rel}","templated":true}]}}