{"id":3447,"date":"2024-11-01T11:28:00","date_gmt":"2024-11-01T09:28:00","guid":{"rendered":"https:\/\/jnats.eu\/?post_type=product&#038;p=3447"},"modified":"2025-11-29T11:51:16","modified_gmt":"2025-11-29T09:51:16","slug":"washita-oilstone","status":"publish","type":"product","link":"https:\/\/jnats.eu\/ro\/product-2\/washita-oilstone\/","title":{"rendered":"Washita Oilstone"},"content":{"rendered":"<p>Washita este o piatr\u0103 novaculitic\u0103 de ascu\u021bit ob\u021binut\u0103 din mun\u021bi afla\u021bi \u00een statul Arkansas (SUA). Renumit pentru lucrul rapid datorit\u0103 structurii sale poroase. Aceste pietre au fost folosite \u00een America \u0219i nu numai de multe secole pentru a crea unele dintre cele mai vechi unelte, de la pumnale la v\u00e2rfuri de s\u0103ge\u021bi.&nbsp;<\/p>\n\n\n\n<figure class=\"wp-block-embed is-type-video is-provider-youtube wp-block-embed-youtube wp-embed-aspect-16-9 wp-has-aspect-ratio\"><div class=\"wp-block-embed__wrapper\">\n<div class=\"video-container\"><iframe title=\"Fabricat \u00een SUA: Ascu\u021birea cu pietre de ulei Arkansas - de la Washita la translucid\" width=\"1170\" height=\"658\" src=\"https:\/\/www.youtube.com\/embed\/pRUee3pQ0Ck?feature=oembed\" frameborder=\"0\" allow=\"accelerometer; autoplay; clipboard-write; encrypted-media; gyroscope; picture-in-picture; web-share\" referrerpolicy=\"strict-origin-when-cross-origin\" allowfullscreen><\/iframe><\/div>\n<\/div><\/figure>","protected":false},"excerpt":{"rendered":"<ul class=\"wp-block-list\">\n<li>Potrivit pentru ascu\u021birea cu\u021bitelor, foarfecelor, t\u00e2mpl\u0103riei \u0219i a altor unelte.<\/li>\n<li>Dimensiuni: 202x45x16 mm<\/li>\n<li>Greutate: 315 g<\/li>\n<li>Washita destul de mic, cam #2000.<\/li>\n<li>Nu sunt vizibile defecte.<\/li>\n<li>Ambele p\u0103r\u021bi sunt nivelate \u0219i gata de lucru.<\/li>\n<li>Lubrifiantul este lucrat ini\u021bial cu presiune puternic\u0103 pentru a extrage boabele abrazive care gr\u0103besc lucrul.<\/li>\n<\/ul>\n<p>&nbsp;<\/p>","protected":false},"featured_media":3452,"comment_status":"open","ping_status":"closed","template":"","meta":[],"product_brand":[],"product_cat":[22],"product_tag":[305],"class_list":{"0":"post-3447","1":"product","2":"type-product","3":"status-publish","4":"has-post-thumbnail","6":"product_cat-jnats","7":"product_tag-washita","8":"product_shipping_class-iprastas","10":"first","11":"outofstock","12":"shipping-taxable","13":"purchasable","14":"product-type-simple"},"_links":{"self":[{"href":"https:\/\/jnats.eu\/ro\/wp-json\/wp\/v2\/product\/3447","targetHints":{"allow":["GET"]}}],"collection":[{"href":"https:\/\/jnats.eu\/ro\/wp-json\/wp\/v2\/product"}],"about":[{"href":"https:\/\/jnats.eu\/ro\/wp-json\/wp\/v2\/types\/product"}],"replies":[{"embeddable":true,"href":"https:\/\/jnats.eu\/ro\/wp-json\/wp\/v2\/comments?post=3447"}],"wp:featuredmedia":[{"embeddable":true,"href":"https:\/\/jnats.eu\/ro\/wp-json\/wp\/v2\/media\/3452"}],"wp:attachment":[{"href":"https:\/\/jnats.eu\/ro\/wp-json\/wp\/v2\/media?parent=3447"}],"wp:term":[{"taxonomy":"product_brand","embeddable":true,"href":"https:\/\/jnats.eu\/ro\/wp-json\/wp\/v2\/product_brand?post=3447"},{"taxonomy":"product_cat","embeddable":true,"href":"https:\/\/jnats.eu\/ro\/wp-json\/wp\/v2\/product_cat?post=3447"},{"taxonomy":"product_tag","embeddable":true,"href":"https:\/\/jnats.eu\/ro\/wp-json\/wp\/v2\/product_tag?post=3447"}],"curies":[{"name":"wp","href":"https:\/\/api.w.org\/{rel}","templated":true}]}}