{"id":3456,"date":"2024-11-02T14:02:31","date_gmt":"2024-11-02T12:02:31","guid":{"rendered":"https:\/\/jnats.eu\/?post_type=product&#038;p=3456"},"modified":"2024-11-02T19:38:34","modified_gmt":"2024-11-02T17:38:34","slug":"kamisori-shave-ready","status":"publish","type":"product","link":"https:\/\/jnats.eu\/ro\/product-2\/kamisori-shave-ready\/","title":{"rendered":"Henkotsu Kamisori B\u0103rbierit gata"},"content":{"rendered":"<figure class=\"wp-block-embed is-type-video is-provider-youtube wp-block-embed-youtube wp-embed-aspect-16-9 wp-has-aspect-ratio\"><div class=\"wp-block-embed__wrapper\">\n<div class=\"video-container\"><iframe title=\"B\u0103rbiere\u0219te camisolele gata\" width=\"1170\" height=\"658\" src=\"https:\/\/www.youtube.com\/embed\/welwkxOiKsA?feature=oembed\" frameborder=\"0\" allow=\"accelerometer; autoplay; clipboard-write; encrypted-media; gyroscope; picture-in-picture; web-share\" referrerpolicy=\"strict-origin-when-cross-origin\" allowfullscreen><\/iframe><\/div>\n<\/div><\/figure>","protected":false},"excerpt":{"rendered":"<ul>\n<li>Gata de b\u0103rbierit aparat de ras vintage japonez Henkotsu Kamisori<\/li>\n<li>Ascutire completata cu Nakayama Suita + centura Kanayama<\/li>\n<li>Verificat la microscop: f\u0103r\u0103 fisuri sau coroziune pe lam\u0103<\/li>\n<li>Greutate - 42 g<\/li>\n<li>Lungimea lamei \u2013 43 mm<\/li>\n<li>Inaltime \u2013 19 mm<\/li>\n<li>Grosimea lamei \u2013 5 mm<\/li>\n<li>Fabricat din o\u021bel carbon, care este predispus la ruginire, deci asigura\u021bi-v\u0103 c\u0103 usca\u021bi aparatul de ras dup\u0103 utilizare \u0219i depozita\u021bi-l \u00eentr-un loc uscat. Lubrifia\u021bi pentru depozitare pe termen lung.<\/li>\n<li><strong>Nu regla\u021bi ascu\u021bimea cu h\u00e2rtie sub nicio form\u0103. Acest lucru va dezascu\u021bi orice aparat de ras!<\/strong><\/li>\n<\/ul>","protected":false},"featured_media":3458,"comment_status":"open","ping_status":"closed","template":"","meta":[],"product_brand":[],"product_cat":[23],"product_tag":[25],"class_list":{"0":"post-3456","1":"product","2":"type-product","3":"status-publish","4":"has-post-thumbnail","6":"product_cat-razors","7":"product_tag-kamisori","8":"product_shipping_class-light","10":"first","11":"outofstock","12":"shipping-taxable","13":"purchasable","14":"product-type-simple"},"_links":{"self":[{"href":"https:\/\/jnats.eu\/ro\/wp-json\/wp\/v2\/product\/3456","targetHints":{"allow":["GET"]}}],"collection":[{"href":"https:\/\/jnats.eu\/ro\/wp-json\/wp\/v2\/product"}],"about":[{"href":"https:\/\/jnats.eu\/ro\/wp-json\/wp\/v2\/types\/product"}],"replies":[{"embeddable":true,"href":"https:\/\/jnats.eu\/ro\/wp-json\/wp\/v2\/comments?post=3456"}],"wp:featuredmedia":[{"embeddable":true,"href":"https:\/\/jnats.eu\/ro\/wp-json\/wp\/v2\/media\/3458"}],"wp:attachment":[{"href":"https:\/\/jnats.eu\/ro\/wp-json\/wp\/v2\/media?parent=3456"}],"wp:term":[{"taxonomy":"product_brand","embeddable":true,"href":"https:\/\/jnats.eu\/ro\/wp-json\/wp\/v2\/product_brand?post=3456"},{"taxonomy":"product_cat","embeddable":true,"href":"https:\/\/jnats.eu\/ro\/wp-json\/wp\/v2\/product_cat?post=3456"},{"taxonomy":"product_tag","embeddable":true,"href":"https:\/\/jnats.eu\/ro\/wp-json\/wp\/v2\/product_tag?post=3456"}],"curies":[{"name":"wp","href":"https:\/\/api.w.org\/{rel}","templated":true}]}}