{"id":3468,"date":"2024-11-04T09:31:45","date_gmt":"2024-11-04T07:31:45","guid":{"rendered":"https:\/\/jnats.eu\/?post_type=product&#038;p=3468"},"modified":"2025-03-16T17:07:40","modified_gmt":"2025-03-16T15:07:40","slug":"daishi-350-yasuki-steel-made-of-iron-sand-tamahagane-shave-ready","status":"publish","type":"product","link":"https:\/\/jnats.eu\/ro\/product-2\/daishi-350-yasuki-steel-made-of-iron-sand-tamahagane-shave-ready\/","title":{"rendered":"Daishi 350 Yasuki Steel Fabricat din Nisip de Fier Tamahagane Gata pentru b\u0103rbierit"},"content":{"rendered":"<p>Daishi 350 Yasuki Steel Fabricat din Fier Steel Tamahagane RK CO. Lama in forma de dalta. O\u021belul Tamahagane folosit pentru s\u0103biile de samurai, katana, este fabricat din \u201enisip de fier\u201d. \u00cent\u0103rire la 70HRC. B\u0103rbiere\u0219te agresiv.<\/p>\n\n\n\n<figure class=\"wp-block-embed is-type-video is-provider-youtube wp-block-embed-youtube wp-embed-aspect-16-9 wp-has-aspect-ratio\"><div class=\"wp-block-embed__wrapper\">\nhttps:\/\/youtu.be\/NUE1ZOS4ac0\n<\/div><\/figure>","protected":false},"excerpt":{"rendered":"<ul>\n<li>Gata de b\u0103rbierit aparat de ras vintage japonez Daishi 350<\/li>\n<li>Ascutire completata cu centura Otaniyama + Kanayama<\/li>\n<li>Verificat la microscop: f\u0103r\u0103 fisuri sau coroziune pe lam\u0103<\/li>\n<li>Greutate - 57 g<\/li>\n<li>Lungimea lamei \u2013 65 mm<\/li>\n<li>Inaltime \u2013 17 mm<\/li>\n<li>Grosimea panglicii - 5 mm<\/li>\n<li>Fabricat din o\u021bel carbon Tamahagane, care este predispus la rugin\u0103, a\u0219a c\u0103 asigura\u021bi-v\u0103 c\u0103 usca\u021bi aparatul de ras dup\u0103 utilizare \u0219i depozita\u021bi-l \u00eentr-un loc uscat. Pentru depozitare pe termen lung, lubrifia\u021bi cu ulei.<\/li>\n<li><strong>Nu regla\u021bi ascu\u021bimea cu h\u00e2rtie sub nicio form\u0103. Acest lucru va dezascu\u021bi orice aparat de ras!<\/strong><\/li>\n<\/ul>","protected":false},"featured_media":3472,"comment_status":"open","ping_status":"closed","template":"","meta":[],"product_brand":[],"product_cat":[23],"product_tag":[164,26],"class_list":{"0":"post-3468","1":"product","2":"type-product","3":"status-publish","4":"has-post-thumbnail","6":"product_cat-razors","7":"product_tag-daishi","8":"product_tag-tamahagane","9":"product_shipping_class-light","11":"first","12":"outofstock","13":"sale","14":"shipping-taxable","15":"purchasable","16":"product-type-simple"},"_links":{"self":[{"href":"https:\/\/jnats.eu\/ro\/wp-json\/wp\/v2\/product\/3468","targetHints":{"allow":["GET"]}}],"collection":[{"href":"https:\/\/jnats.eu\/ro\/wp-json\/wp\/v2\/product"}],"about":[{"href":"https:\/\/jnats.eu\/ro\/wp-json\/wp\/v2\/types\/product"}],"replies":[{"embeddable":true,"href":"https:\/\/jnats.eu\/ro\/wp-json\/wp\/v2\/comments?post=3468"}],"wp:featuredmedia":[{"embeddable":true,"href":"https:\/\/jnats.eu\/ro\/wp-json\/wp\/v2\/media\/3472"}],"wp:attachment":[{"href":"https:\/\/jnats.eu\/ro\/wp-json\/wp\/v2\/media?parent=3468"}],"wp:term":[{"taxonomy":"product_brand","embeddable":true,"href":"https:\/\/jnats.eu\/ro\/wp-json\/wp\/v2\/product_brand?post=3468"},{"taxonomy":"product_cat","embeddable":true,"href":"https:\/\/jnats.eu\/ro\/wp-json\/wp\/v2\/product_cat?post=3468"},{"taxonomy":"product_tag","embeddable":true,"href":"https:\/\/jnats.eu\/ro\/wp-json\/wp\/v2\/product_tag?post=3468"}],"curies":[{"name":"wp","href":"https:\/\/api.w.org\/{rel}","templated":true}]}}