{"id":347,"date":"2024-03-03T16:29:49","date_gmt":"2024-03-03T14:29:49","guid":{"rendered":"http:\/\/jnats.eu\/?post_type=product&#038;p=347"},"modified":"2025-10-23T13:03:42","modified_gmt":"2025-10-23T10:03:42","slug":"ozuku-asagi-daigokujo-naturalus-galandinimo-uzbaigimo-akmuo","status":"publish","type":"product","link":"https:\/\/jnats.eu\/ro\/product-2\/ozuku-asagi-daigokujo-naturalus-galandinimo-uzbaigimo-akmuo\/","title":{"rendered":"Ozaki Asagi Daigokujo Natural Sharpening Finishing Stone"},"content":{"rendered":"<figure class=\"wp-block-embed is-type-video is-provider-youtube wp-block-embed-youtube wp-embed-aspect-4-3 wp-has-aspect-ratio\"><div class=\"wp-block-embed__wrapper\">\n<div class=\"video-container\"><iframe title=\"Ozuku Asagi Lv 5+ Naguras H. Ascu\u021birea briciului cu diamant (microscopie)\" width=\"1170\" height=\"658\" src=\"https:\/\/www.youtube.com\/embed\/SfdZe_G6_YI?feature=oembed\" frameborder=\"0\" allow=\"accelerometer; autoplay; clipboard-write; encrypted-media; gyroscope; picture-in-picture; web-share\" referrerpolicy=\"strict-origin-when-cross-origin\" allowfullscreen><\/iframe><\/div>\n<\/div><\/figure>\n\n\n\n<p>Exist\u0103 multe pietre de ascu\u021bit de aceast\u0103 form\u0103 care reac\u021bioneaz\u0103 bine la o\u021bel. La un moment dat, pietrele japoneze erau exportate \u00een str\u0103in\u0103tate, \u00een special \u00een SUA. Dimensiunea acestei forme corespunde standardelor americane. Ea a fost special modelat\u0103 \u00een acest fel.<\/p>\n\n\n\n<p>Aceast\u0103 piatr\u0103 abraziv\u0103 este foarte pu\u021bin utilizat\u0103 \u0219i poate oferi un finisaj \u00een oglind\u0103, \u00een func\u021bie de modul \u00een care o folosi\u021bi. Utiliza\u021bi ap\u0103 cald\u0103 la aproximativ 42 de grade \u00een aceast\u0103 perioad\u0103 a anului.<\/p>\n\n\n\n<p>Pentru a o utiliza \u00een etapa intermediar\u0103 de ascu\u021bire, pute\u021bi ridica granulele fine cu o plac\u0103 diamantat\u0103 mediu-fin\u0103, umezi\u021bi granulele abrazive cu ap\u0103 cald\u0103 \u0219i aplica\u021bi o for\u021b\u0103 u\u0219oar\u0103 pentru a elibera suspensia abraziv\u0103.<\/p>\n\n\n\n<p>\u0218lefuirea delicat\u0103 cu granule abrazive fine produce un finisaj frumos \u00een oglind\u0103. Este potrivit pentru etapa final\u0103 de ascu\u021bire a cu\u021bitelor.<br>De asemenea, pute\u021bi utiliza aceast\u0103 piatr\u0103 pentru a ascu\u021bi briciuri, cu\u021bite, foarfece, avioane \u0219i dalte. Este o piatr\u0103 de \u0219lefuit de \u00eenalt\u0103 calitate. Folosi\u021bi-o cu \u00eencredere.<\/p>","protected":false},"excerpt":{"rendered":"<ul>\n<li>Piatra de finisare a briciului iconic<\/li>\n<li>Dimensiuni aprox.: 20,7 x 5,5 x 2,5 cm<\/li>\n<li>Greutate aprox: 710 g<\/li>\n<li>Duritate: Lv 5+<\/li>\n<li>Pentru a v\u0103 gr\u0103bi munca, v\u0103 recomand\u0103m s\u0103 utiliza\u021bi un cui<\/li>\n<\/ul>","protected":false},"featured_media":349,"comment_status":"open","ping_status":"closed","template":"","meta":[],"product_brand":[],"product_cat":[22],"product_tag":[45,40,74,66,73],"class_list":{"0":"post-347","1":"product","2":"type-product","3":"status-publish","4":"has-post-thumbnail","6":"product_cat-jnats","7":"product_tag-asagi","8":"product_tag-awasedo","9":"product_tag-daigokujo","10":"product_tag-ozuku","11":"product_tag-ozuku-asagi-daigokujo","12":"product_shipping_class-iprastas","14":"first","15":"outofstock","16":"sale","17":"shipping-taxable","18":"purchasable","19":"product-type-simple"},"_links":{"self":[{"href":"https:\/\/jnats.eu\/ro\/wp-json\/wp\/v2\/product\/347","targetHints":{"allow":["GET"]}}],"collection":[{"href":"https:\/\/jnats.eu\/ro\/wp-json\/wp\/v2\/product"}],"about":[{"href":"https:\/\/jnats.eu\/ro\/wp-json\/wp\/v2\/types\/product"}],"replies":[{"embeddable":true,"href":"https:\/\/jnats.eu\/ro\/wp-json\/wp\/v2\/comments?post=347"}],"wp:featuredmedia":[{"embeddable":true,"href":"https:\/\/jnats.eu\/ro\/wp-json\/wp\/v2\/media\/349"}],"wp:attachment":[{"href":"https:\/\/jnats.eu\/ro\/wp-json\/wp\/v2\/media?parent=347"}],"wp:term":[{"taxonomy":"product_brand","embeddable":true,"href":"https:\/\/jnats.eu\/ro\/wp-json\/wp\/v2\/product_brand?post=347"},{"taxonomy":"product_cat","embeddable":true,"href":"https:\/\/jnats.eu\/ro\/wp-json\/wp\/v2\/product_cat?post=347"},{"taxonomy":"product_tag","embeddable":true,"href":"https:\/\/jnats.eu\/ro\/wp-json\/wp\/v2\/product_tag?post=347"}],"curies":[{"name":"wp","href":"https:\/\/api.w.org\/{rel}","templated":true}]}}