{"id":3528,"date":"2025-07-21T10:29:03","date_gmt":"2025-07-21T07:29:03","guid":{"rendered":"https:\/\/jnats.eu\/?post_type=product&#038;p=3528"},"modified":"2025-09-16T19:15:30","modified_gmt":"2025-09-16T16:15:30","slug":"nos-kamejumaru-kinsei-kamisori","status":"publish","type":"product","link":"https:\/\/jnats.eu\/ro\/product-2\/nos-kamejumaru-kinsei-kamisori\/","title":{"rendered":"NOS Kamejumaru Kinsei Kamisori"},"content":{"rendered":"<p>Tradi\u021bionale <strong>Brici japonez kamisori<\/strong> cu cutia aurie original\u0103. Judec\u00e2nd dup\u0103 marcaje \u0219i form\u0103, este <strong>kamisori japonez de epoc\u0103 de \u00eenalt\u0103 calitate<\/strong>, realizate din <strong>Yasuki Steel<\/strong>, de obicei sub form\u0103 de <strong>Shirogami (alb)<\/strong> sau <strong>Aogami (albastru)<\/strong> clasa de o\u021bel.<\/p>\n\n\n\n<figure class=\"wp-block-embed is-type-video is-provider-youtube wp-block-embed-youtube wp-embed-aspect-16-9 wp-has-aspect-ratio\"><div class=\"wp-block-embed__wrapper\">\n<div class=\"video-container\"><iframe title=\"NOS Kamejumaru Kinsei Kamisori\" width=\"1170\" height=\"658\" src=\"https:\/\/www.youtube.com\/embed\/mixFFoWXIao?feature=oembed\" frameborder=\"0\" allow=\"accelerometer; autoplay; clipboard-write; encrypted-media; gyroscope; picture-in-picture; web-share\" referrerpolicy=\"strict-origin-when-cross-origin\" allowfullscreen><\/iframe><\/div>\n<\/div><\/figure>\n\n\n\n<hr class=\"wp-block-separator has-alpha-channel-opacity\"\/>\n\n\n\n<h3 class=\"wp-block-heading\">Note pe cutie:<\/h3>\n\n\n\n<ul class=\"wp-block-list\">\n<li>\u4e80\u5bff\u4e38\u8b39\u88fd (<strong>Kamejumaru Kinsei<\/strong>) - marc\u0103 <em>Kamejumaru<\/em>\u00eensemn\u00e2nd \"f\u0103cut cu onoare Kamejumaru\".<\/li>\n\n\n\n<li>\u4fdd\u8a3c (<strong>Hosh\u014d<\/strong>) - garan\u021bie.<\/li>\n\n\n\n<li>\u8b39\u88fd (<strong>Kinsei<\/strong>) - f\u0103cut cu respect \/ grij\u0103.<\/li>\n\n\n\n<li>\u30b4\u30e0\u67c4\u4ed8 - <em>gumu-e tsuki<\/em> - cu un m\u00e2ner de cauciuc (ceea ce este adev\u0103rat - cu\u021bitul are o \u00eenvelitoare de cauciuc de culoare albastr\u0103, adesea denumit\u0103 \"kumi tsuka\").<\/li>\n<\/ul>\n\n\n\n<h4 class=\"wp-block-heading\">Lam\u0103:<\/h4>\n\n\n\n<ul class=\"wp-block-list\">\n<li>Tipice <strong>kataba<\/strong> (ascu\u021birea pe o singur\u0103 fa\u021b\u0103) sub form\u0103 de kamisori.<\/li>\n<\/ul>\n\n\n\n<hr class=\"wp-block-separator has-alpha-channel-opacity\"\/>\n\n\n\n<p>Aceasta este <strong>Kamejumaru<\/strong> m\u0103rci <em>NOS (New Old Stock)<\/em> Kamisori japonezi pentru uz profesional \u00een saloane de coafur\u0103 sau frizerii.<br>Fabricat \u00een Japonia, probabil \u00een a doua jum\u0103tate a secolului al XX-lea (1960-1980), c\u00e2nd kamisori erau \u00eenc\u0103 utilizate pe scar\u0103 larg\u0103, dar \u00eencepuser\u0103 deja s\u0103 scad\u0103 \u00een popularitatea de zi cu zi din cauza aparatelor de ras moderne.<\/p>\n\n\n\n<p><\/p>","protected":false},"excerpt":{"rendered":"<ul>\n<li>Aparat de ras japonez Kamejumaru Kinsei de epoc\u0103, nefolosit.<\/li>\n<li>Greutate - 34 g<\/li>\n<li>Lungimea lamei - 44 mm<\/li>\n<li>Inaltime \u2013 17 mm<\/li>\n<li>Grosimea panglicii - 5 mm<\/li>\n<li>Fabricat din o\u021bel carbon, care este predispus la ruginire, deci asigura\u021bi-v\u0103 c\u0103 usca\u021bi aparatul de ras dup\u0103 utilizare \u0219i depozita\u021bi-l \u00eentr-un loc uscat. Lubrifia\u021bi pentru depozitare pe termen lung.<\/li>\n<li>Miezul dur este \u00eenconjurat de o\u021bel mai moale, care protejeaz\u0103 \u00eempotriva posibilei ruperi \u00een cazul \u00een care briciul este sc\u0103pat.<\/li>\n<li>M\u00e2ner din plastic.<\/li>\n<li><strong>Stare foarte bun\u0103, f\u0103r\u0103 semne evidente de coroziune<\/strong><\/li>\n<\/ul>","protected":false},"featured_media":5017,"comment_status":"open","ping_status":"closed","template":"","meta":[],"product_brand":[],"product_cat":[23],"product_tag":[25,309,121,308],"class_list":{"0":"post-3528","1":"product","2":"type-product","3":"status-publish","4":"has-post-thumbnail","6":"product_cat-razors","7":"product_tag-kamisori","8":"product_tag-kinmoji","9":"product_tag-new","10":"product_tag-shave-ready","11":"product_shipping_class-light","13":"first","14":"outofstock","15":"shipping-taxable","16":"purchasable","17":"product-type-simple"},"_links":{"self":[{"href":"https:\/\/jnats.eu\/ro\/wp-json\/wp\/v2\/product\/3528","targetHints":{"allow":["GET"]}}],"collection":[{"href":"https:\/\/jnats.eu\/ro\/wp-json\/wp\/v2\/product"}],"about":[{"href":"https:\/\/jnats.eu\/ro\/wp-json\/wp\/v2\/types\/product"}],"replies":[{"embeddable":true,"href":"https:\/\/jnats.eu\/ro\/wp-json\/wp\/v2\/comments?post=3528"}],"wp:featuredmedia":[{"embeddable":true,"href":"https:\/\/jnats.eu\/ro\/wp-json\/wp\/v2\/media\/5017"}],"wp:attachment":[{"href":"https:\/\/jnats.eu\/ro\/wp-json\/wp\/v2\/media?parent=3528"}],"wp:term":[{"taxonomy":"product_brand","embeddable":true,"href":"https:\/\/jnats.eu\/ro\/wp-json\/wp\/v2\/product_brand?post=3528"},{"taxonomy":"product_cat","embeddable":true,"href":"https:\/\/jnats.eu\/ro\/wp-json\/wp\/v2\/product_cat?post=3528"},{"taxonomy":"product_tag","embeddable":true,"href":"https:\/\/jnats.eu\/ro\/wp-json\/wp\/v2\/product_tag?post=3528"}],"curies":[{"name":"wp","href":"https:\/\/api.w.org\/{rel}","templated":true}]}}