{"id":354,"date":"2024-03-04T10:32:51","date_gmt":"2024-03-04T08:32:51","guid":{"rendered":"http:\/\/jnats.eu\/?post_type=product&#038;p=354"},"modified":"2026-01-29T13:28:16","modified_gmt":"2026-01-29T11:28:16","slug":"medzioklinis-kalvio-darbo-peilis-k390-g10","status":"publish","type":"product","link":"https:\/\/jnats.eu\/ro\/product-2\/medzioklinis-kalvio-darbo-peilis-k390-g10\/","title":{"rendered":"Cu\u021bit de v\u00e2n\u0103toare K390, G10"},"content":{"rendered":"<ul class=\"wp-block-list\">\n<li>Cu\u021bit f\u0103cut manual de fierarul Leonid Vasiliev<\/li>\n\n\n\n<li>O\u021bel laminat acoperit cu pulbere K390. Stratul exterior de o\u021bel mai moale protejeaz\u0103 \u00eempotriva coroziunii, cre\u0219te rezisten\u021ba la rupere \u0219i ofer\u0103 un aspect unic. O\u021belul este forjat folosind cocs, care satureaz\u0103 suprafa\u021ba o\u021belului cu carbon, f\u0103c\u00e2ndu-l \u0219i mai rezistent la uzur\u0103.<\/li>\n\n\n\n<li>65 HRC<\/li>\n\n\n\n<li>Centrul K390. Laminat: Aus8, nichel \u0219i 40\u00d713<\/li>\n\n\n\n<li>Dimensiunile lamei: 135x30x3,9 mm<\/li>\n\n\n\n<li>Ascu\u021bit cu 36 de grade<\/li>\n\n\n\n<li>Rankena G10. Material sintetic rezistent la mediu. 130mm<\/li>\n\n\n\n<li>Carcas\u0103 din piele natural\u0103 (m\u00e2n\u0103 liber\u0103)<\/li>\n\n\n\n<li>Greutate 188 g (280 g cu cutie)<\/li>\n\n\n\n<li>Cu\u021bit extrem de durabil \u0219i rezistent la impact. Recomandat puternic doar pentru t\u0103iere, deoarece m\u00e2nerul nu este ridicat pentru lucr\u0103ri dure.<\/li>\n<\/ul>\n\n\n\n<p>Propriet\u0103\u021bile K390 sunt destul de excelente, cu o bun\u0103 robuste\u021be, rezisten\u021b\u0103 foarte mare la abraziune \u0219i p\u0103strarea ascu\u021bimii. Vanadium 8 \u0219i CPM-10V ofer\u0103 propriet\u0103\u021bi similare, de\u0219i niciunul dintre aceste trei nu a fost utilizat pe scar\u0103 larg\u0103 \u00een produc\u021bia de cu\u021bite. Combina\u021bia de rezisten\u021b\u0103 \u0219i rezisten\u021b\u0103 la uzur\u0103 nu este egalat\u0103 de niciun alt o\u021bel inoxidabil. Con\u021binutul ridicat de carburi de vanadiu foarte dure \u00eenseamn\u0103 c\u0103 at\u00e2t produc\u0103torii de cu\u021bite, c\u00e2t \u0219i produc\u0103torii mari de cu\u021bite tind s\u0103 se pl\u00e2ng\u0103 de dificultatea de a \u0219lefui \u0219i lustrui acest o\u021bel. Ca urmare, K390, Vanadium 8 \u0219i CPM-10V nu vor ajunge probabil niciodat\u0103 la statutul de \"mainstream\". (Sursa https:\/\/knifesteelnerds.com\/2023\/04\/11\/k390-best-high-wear-resistance-steel\/)<\/p>\n\n\n\n<figure class=\"wp-block-embed is-type-video is-provider-youtube wp-block-embed-youtube wp-embed-aspect-16-9 wp-has-aspect-ratio\"><div class=\"wp-block-embed__wrapper\">\n<div class=\"video-container\"><iframe title=\"Cu\u021bit de v\u00e2n\u0103toare K390\" width=\"1170\" height=\"658\" src=\"https:\/\/www.youtube.com\/embed\/5EQOqNbfS9A?feature=oembed\" frameborder=\"0\" allow=\"accelerometer; autoplay; clipboard-write; encrypted-media; gyroscope; picture-in-picture; web-share\" referrerpolicy=\"strict-origin-when-cross-origin\" allowfullscreen><\/iframe><\/div>\n<\/div><\/figure>\n\n\n\n<figure class=\"wp-block-embed is-type-video is-provider-youtube wp-block-embed-youtube wp-embed-aspect-16-9 wp-has-aspect-ratio\"><div class=\"wp-block-embed__wrapper\">\n<div class=\"video-container\"><iframe title=\"Cu\u021bit cu pulbere de o\u021bel k390\" width=\"1170\" height=\"658\" src=\"https:\/\/www.youtube.com\/embed\/yG9SaWlizNk?feature=oembed\" frameborder=\"0\" allow=\"accelerometer; autoplay; clipboard-write; encrypted-media; gyroscope; picture-in-picture; web-share\" referrerpolicy=\"strict-origin-when-cross-origin\" allowfullscreen><\/iframe><\/div>\n<\/div><\/figure>","protected":false},"excerpt":{"rendered":"<ul>\n<li>Cu\u021bit f\u0103cut manual de fierarul Leonid Vasiliev<\/li>\n<li>O\u021bel laminat acoperit cu pulbere K390. Stratul exterior de o\u021bel mai moale protejeaz\u0103 \u00eempotriva coroziunii, cre\u0219te rezisten\u021ba la rupere \u0219i ofer\u0103 un aspect unic.<\/li>\n<li>65 HRC. Acest o\u021bel nu este disponibil \u00een serie deoarece este dificil de prelucrat \u0219i necesit\u0103 alegerea corect\u0103 a tratamentului termic, care este consumator de timp, energie, calificare \u0219i exigen\u021b\u0103.\u00a0<\/li>\n<li>Centrul K390. Laminat: Aus8, nichel \u0219i 40\u00d713. O\u021belul este forjat folosind cocs, care \u00eembog\u0103\u021be\u0219te o\u021belul cu carbon \u0219i \u00eel face \u0219i mai rezistent la uzur\u0103.<\/li>\n<li>Dimensiunile lamei: 135x30x3,9 mm<\/li>\n<li>Ascu\u021bit cu 36 de grade<\/li>\n<li>Rankena G10. Material sintetic rezistent la mediu. 130mm<\/li>\n<li>Carcas\u0103 din piele natural\u0103 (m\u00e2n\u0103 liber\u0103)<\/li>\n<li>Greutate 188 g (280 g cu cutie)<\/li>\n<li>Cu\u021bit extrem de durabil \u0219i rezistent la impact. Recomandat cu t\u0103rie numai pentru t\u0103iere, deoarece r\u0103sucirea minim\u0103 nu este potrivit\u0103 pentru lucr\u0103ri dure.<\/li>\n<\/ul>","protected":false},"featured_media":971,"comment_status":"open","ping_status":"closed","template":"","meta":[],"product_brand":[],"product_cat":[24],"product_tag":[77,75,76],"class_list":{"0":"post-354","1":"product","2":"type-product","3":"status-publish","4":"has-post-thumbnail","6":"product_cat-knifes","7":"product_tag-k390","8":"product_tag-medzioklinis-peilis","9":"product_tag-peilis","10":"product_shipping_class-iprastas","12":"first","13":"outofstock","14":"sale","15":"shipping-taxable","16":"purchasable","17":"product-type-simple"},"_links":{"self":[{"href":"https:\/\/jnats.eu\/ro\/wp-json\/wp\/v2\/product\/354","targetHints":{"allow":["GET"]}}],"collection":[{"href":"https:\/\/jnats.eu\/ro\/wp-json\/wp\/v2\/product"}],"about":[{"href":"https:\/\/jnats.eu\/ro\/wp-json\/wp\/v2\/types\/product"}],"replies":[{"embeddable":true,"href":"https:\/\/jnats.eu\/ro\/wp-json\/wp\/v2\/comments?post=354"}],"wp:featuredmedia":[{"embeddable":true,"href":"https:\/\/jnats.eu\/ro\/wp-json\/wp\/v2\/media\/971"}],"wp:attachment":[{"href":"https:\/\/jnats.eu\/ro\/wp-json\/wp\/v2\/media?parent=354"}],"wp:term":[{"taxonomy":"product_brand","embeddable":true,"href":"https:\/\/jnats.eu\/ro\/wp-json\/wp\/v2\/product_brand?post=354"},{"taxonomy":"product_cat","embeddable":true,"href":"https:\/\/jnats.eu\/ro\/wp-json\/wp\/v2\/product_cat?post=354"},{"taxonomy":"product_tag","embeddable":true,"href":"https:\/\/jnats.eu\/ro\/wp-json\/wp\/v2\/product_tag?post=354"}],"curies":[{"name":"wp","href":"https:\/\/api.w.org\/{rel}","templated":true}]}}