{"id":3628,"date":"2024-12-04T14:08:20","date_gmt":"2024-12-04T12:08:20","guid":{"rendered":"https:\/\/jnats.eu\/?post_type=product&#038;p=3628"},"modified":"2024-12-05T15:12:19","modified_gmt":"2024-12-05T13:12:19","slug":"naudotas-new-azuma-kamisori-paruostas-skustis","status":"publish","type":"product","link":"https:\/\/jnats.eu\/ro\/product-2\/naudotas-new-azuma-kamisori-paruostas-skustis\/","title":{"rendered":"Kamisori \u201eNew Azuma\u201d folosit, gata de b\u0103rbierit"},"content":{"rendered":"<figure class=\"wp-block-embed is-type-video is-provider-youtube wp-block-embed-youtube wp-embed-aspect-16-9 wp-has-aspect-ratio\"><div class=\"wp-block-embed__wrapper\">\n<div class=\"video-container\"><iframe title=\"Noul Azuma Kamisori Shave Ready\" width=\"1170\" height=\"658\" src=\"https:\/\/www.youtube.com\/embed\/8Dz7XgS6_gI?feature=oembed\" frameborder=\"0\" allow=\"accelerometer; autoplay; clipboard-write; encrypted-media; gyroscope; picture-in-picture; web-share\" referrerpolicy=\"strict-origin-when-cross-origin\" allowfullscreen><\/iframe><\/div>\n<\/div><\/figure>","protected":false},"excerpt":{"rendered":"<ul>\n<li>Gata de b\u0103rbierit, aparat de ras vintage japonez New Azuma Kamisori.<\/li>\n<li>Ascutire completata cu centura Shobudani Karasu + Knayama<\/li>\n<li>Verificat la microscop: f\u0103r\u0103 fisuri sau coroziune pe lam\u0103<\/li>\n<li>Greutate - 38 g<\/li>\n<li>Lungimea lamei \u2013 38 mm<\/li>\n<li>Inaltime \u2013 17 mm<\/li>\n<li>Grosimea panglicii - 5 mm<\/li>\n<li>Fabricat din o\u021bel carbon, care este predispus la ruginire, deci asigura\u021bi-v\u0103 c\u0103 usca\u021bi aparatul de ras dup\u0103 utilizare \u0219i depozita\u021bi-l \u00eentr-un loc uscat. Lubrifia\u021bi pentru depozitare pe termen lung.<\/li>\n<li>Miezul dur este \u00eenconjurat de o\u021bel mai moale, care protejeaz\u0103 \u00eempotriva posibilei ruperi \u00een cazul \u00een care briciul este sc\u0103pat.<\/li>\n<li>M\u00e2ner din plastic.<\/li>\n<li><strong>Nu regla\u021bi ascu\u021bimea cu h\u00e2rtie sub nicio form\u0103. Acest lucru va dezascu\u021bi orice aparat de ras!<\/strong><\/li>\n<\/ul>","protected":false},"featured_media":3636,"comment_status":"open","ping_status":"closed","template":"","meta":[],"product_brand":[],"product_cat":[23],"product_tag":[312,25],"class_list":{"0":"post-3628","1":"product","2":"type-product","3":"status-publish","4":"has-post-thumbnail","6":"product_cat-razors","7":"product_tag-azuma","8":"product_tag-kamisori","9":"product_shipping_class-light","11":"first","12":"outofstock","13":"shipping-taxable","14":"purchasable","15":"product-type-simple"},"_links":{"self":[{"href":"https:\/\/jnats.eu\/ro\/wp-json\/wp\/v2\/product\/3628","targetHints":{"allow":["GET"]}}],"collection":[{"href":"https:\/\/jnats.eu\/ro\/wp-json\/wp\/v2\/product"}],"about":[{"href":"https:\/\/jnats.eu\/ro\/wp-json\/wp\/v2\/types\/product"}],"replies":[{"embeddable":true,"href":"https:\/\/jnats.eu\/ro\/wp-json\/wp\/v2\/comments?post=3628"}],"wp:featuredmedia":[{"embeddable":true,"href":"https:\/\/jnats.eu\/ro\/wp-json\/wp\/v2\/media\/3636"}],"wp:attachment":[{"href":"https:\/\/jnats.eu\/ro\/wp-json\/wp\/v2\/media?parent=3628"}],"wp:term":[{"taxonomy":"product_brand","embeddable":true,"href":"https:\/\/jnats.eu\/ro\/wp-json\/wp\/v2\/product_brand?post=3628"},{"taxonomy":"product_cat","embeddable":true,"href":"https:\/\/jnats.eu\/ro\/wp-json\/wp\/v2\/product_cat?post=3628"},{"taxonomy":"product_tag","embeddable":true,"href":"https:\/\/jnats.eu\/ro\/wp-json\/wp\/v2\/product_tag?post=3628"}],"curies":[{"name":"wp","href":"https:\/\/api.w.org\/{rel}","templated":true}]}}