{"id":3651,"date":"2025-07-21T10:46:30","date_gmt":"2025-07-21T07:46:30","guid":{"rendered":"https:\/\/jnats.eu\/?post_type=product&#038;p=3651"},"modified":"2025-10-04T01:47:52","modified_gmt":"2025-10-03T22:47:52","slug":"tradicinis-japoniskas-skustuvas-kamisori-henkotsu-shave-ready","status":"publish","type":"product","link":"https:\/\/jnats.eu\/ro\/product-2\/tradicinis-japoniskas-skustuvas-kamisori-henkotsu-shave-ready\/","title":{"rendered":"Aparat de ras tradi\u021bional japonez Kamisori Henkotsu NOS"},"content":{"rendered":"<figure class=\"wp-block-embed is-type-video is-provider-youtube wp-block-embed-youtube wp-embed-aspect-16-9 wp-has-aspect-ratio\"><div class=\"wp-block-embed__wrapper\">\n<div class=\"video-container\"><iframe title=\"Aparat de ras tradi\u021bional japonez Kamisori Henkotsu NOS\" width=\"1170\" height=\"658\" src=\"https:\/\/www.youtube.com\/embed\/DL54bPgnt04?feature=oembed\" frameborder=\"0\" allow=\"accelerometer; autoplay; clipboard-write; encrypted-media; gyroscope; picture-in-picture; web-share\" referrerpolicy=\"strict-origin-when-cross-origin\" allowfullscreen><\/iframe><\/div>\n<\/div><\/figure>\n\n\n\n<p><strong>Henkotsu kamisori NOS (New Old Stock)<\/strong> - una dintre cele mai cunoscute m\u0103rci japoneze de kamisori, produs\u0103 la mijlocul secolului al XX-lea pentru uz profesional. Aparatele de ras Henkotsu sunt apreciate pentru:<\/p>\n\n\n\n<ul class=\"wp-block-list\">\n<li>\u00eenalt\u0103 calitate <strong>Yasuki Steel<\/strong> (mai ales Shirogami #2),<\/li>\n\n\n\n<li>geometrie precis\u0103,<\/li>\n\n\n\n<li>comportament bun la ascu\u021bire,<\/li>\n\n\n\n<li>pove\u0219ti - at\u00e2t pentru utilizare de c\u0103tre coaforii profesioni\u0219ti, c\u00e2t \u0219i pentru export \u00een alte \u021b\u0103ri.<\/li>\n<\/ul>\n\n\n\n<p>Similar cu o sabie tradi\u021bional\u0103 de samurai, ace\u0219ti Kamisori au fost forja\u021bi manual din 2 straturi, partea t\u0103ietoare din o\u021bel cu con\u021binut ridicat de carbon \u0219i stratul de sus\u021binere a unuia mai simplu. Stratul de o\u021bel este fragil \u0219i dur, \u00een timp ce carcasa ofer\u0103 flexibilitatea necesar\u0103.<\/p>\n\n\n\n<p>Ambele straturi nu sunt rezistente la rugin\u0103, a\u0219a c\u0103 p\u0103stra\u021bi \u00eentotdeauna aparatul de ras uscat dup\u0103 b\u0103rbierit \u0219i proteja\u021bi-l cu un strat sub\u021bire de ulei. De ce rugine\u0219te acest cu\u021bit? Cu\u021bitele din inox sunt fabricate dintr-un aliaj care va preveni formarea petelor de coroziune, dar va fi \u0219i mai pu\u021bin dure. O\u021belul cu con\u021binut ridicat de carbon, precum stratul de t\u0103iere al acestui Kamisori, ofer\u0103 o duritate mult mai mare \u0219i va men\u021bine un b\u0103rbierit fin mult mai mult timp \u00eenainte de a fi nevoie s\u0103 fie ascu\u021bit din nou!<\/p>","protected":false},"excerpt":{"rendered":"<ul>\n<li>Aparat de ras japonez Henkotsu Kamisori de epoc\u0103, nefolosit.<\/li>\n<li>Toate dimensiunile \u0219i greut\u0103\u021bile variaz\u0103 u\u0219or deoarece sunt realizate manual<\/li>\n<li>Greutate - 33 g<\/li>\n<li>Lungimea lamei - 45 mm<\/li>\n<li>\u00cen\u0103l\u021bime - 19 mm<\/li>\n<li>Grosimea panglicii - 5 mm<\/li>\n<li>Lungimea total\u0103 - 148 mm<\/li>\n<li>Fabricat din o\u021bel carbon, care este predispus la ruginire, deci asigura\u021bi-v\u0103 c\u0103 usca\u021bi aparatul de ras dup\u0103 utilizare \u0219i depozita\u021bi-l \u00eentr-un loc uscat. Lubrifia\u021bi pentru depozitare pe termen lung.<\/li>\n<li>Miezul dur este \u00eenconjurat de o\u021bel mai moale, care protejeaz\u0103 \u00eempotriva posibilei ruperi \u00een cazul \u00een care briciul este sc\u0103pat.<\/li>\n<li>Pu\u021bin afectat de coroziune.<\/li>\n<li>dac\u0103 nu vede\u021bi articolul \u00een list\u0103, acesta este v\u00e2ndut.<\/li>\n<\/ul>","protected":false},"featured_media":5033,"comment_status":"open","ping_status":"closed","template":"","meta":[],"product_brand":[],"product_cat":[23],"product_tag":[314,25,313],"class_list":{"0":"post-3651","1":"product","2":"type-product","3":"status-publish","4":"has-post-thumbnail","6":"product_cat-razors","7":"product_tag-henkotsu","8":"product_tag-kamisori","9":"product_tag-kamisori-henkotsu","10":"product_shipping_class-light","12":"first","13":"instock","14":"shipping-taxable","15":"purchasable","16":"product-type-variable"},"_links":{"self":[{"href":"https:\/\/jnats.eu\/ro\/wp-json\/wp\/v2\/product\/3651","targetHints":{"allow":["GET"]}}],"collection":[{"href":"https:\/\/jnats.eu\/ro\/wp-json\/wp\/v2\/product"}],"about":[{"href":"https:\/\/jnats.eu\/ro\/wp-json\/wp\/v2\/types\/product"}],"replies":[{"embeddable":true,"href":"https:\/\/jnats.eu\/ro\/wp-json\/wp\/v2\/comments?post=3651"}],"wp:featuredmedia":[{"embeddable":true,"href":"https:\/\/jnats.eu\/ro\/wp-json\/wp\/v2\/media\/5033"}],"wp:attachment":[{"href":"https:\/\/jnats.eu\/ro\/wp-json\/wp\/v2\/media?parent=3651"}],"wp:term":[{"taxonomy":"product_brand","embeddable":true,"href":"https:\/\/jnats.eu\/ro\/wp-json\/wp\/v2\/product_brand?post=3651"},{"taxonomy":"product_cat","embeddable":true,"href":"https:\/\/jnats.eu\/ro\/wp-json\/wp\/v2\/product_cat?post=3651"},{"taxonomy":"product_tag","embeddable":true,"href":"https:\/\/jnats.eu\/ro\/wp-json\/wp\/v2\/product_tag?post=3651"}],"curies":[{"name":"wp","href":"https:\/\/api.w.org\/{rel}","templated":true}]}}