{"id":3679,"date":"2025-12-16T14:37:04","date_gmt":"2025-12-16T12:37:04","guid":{"rendered":"https:\/\/jnats.eu\/?post_type=product&#038;p=3679"},"modified":"2026-02-12T13:14:33","modified_gmt":"2026-02-12T11:14:33","slug":"nos-kamisori-tamahagane-pauvlonijos-dezuteje","status":"publish","type":"product","link":"https:\/\/jnats.eu\/ro\/product-2\/nos-kamisori-tamahagane-pauvlonijos-dezuteje\/","title":{"rendered":"Premium NOS Kamisori Tamahagane \u00eentr-o cutie pauvlonia"},"content":{"rendered":"<p>Exist\u0103 urme de timp \u0219i rugin\u0103. V\u0103 rug\u0103m s\u0103 v\u0103 uita\u021bi cu aten\u021bie la fotografii \u0219i video. Aparatele de ras sunt ascu\u021bite, dar, de preferin\u021b\u0103, finisate cu o piatr\u0103 adecvat\u0103 \u0219i cu o curea de cordovan. Pentru persoanele mai pu\u021bin exigente, b\u0103rbieritul dintr-o dat\u0103 este potrivit.<\/p>\n\n\n\n<figure class=\"wp-block-embed is-type-video is-provider-youtube wp-block-embed-youtube wp-embed-aspect-9-16 wp-has-aspect-ratio\"><div class=\"wp-block-embed__wrapper\">\n<div class=\"video-container\"><iframe title=\"Tamahagane Kamisori autentic | NOS Artizanat japonez #tamahagane\" width=\"563\" height=\"1000\" src=\"https:\/\/www.youtube.com\/embed\/UoiK7YYzXa0?feature=oembed\" frameborder=\"0\" allow=\"accelerometer; autoplay; clipboard-write; encrypted-media; gyroscope; picture-in-picture; web-share\" referrerpolicy=\"strict-origin-when-cross-origin\" allowfullscreen><\/iframe><\/div>\n<\/div><\/figure>\n\n\n\n<h2 class=\"wp-block-heading\">Traducere:<\/h2>\n\n\n\n<h3 class=\"wp-block-heading\">Pe cutie<\/h3>\n\n\n\n<ul class=\"wp-block-list\">\n<li><strong>\u767b\u9332\u5546\u6a19<\/strong><br>Traducere: <em>Marc\u0103 \u00eenregistrat\u0103<\/em>.<\/li>\n\n\n\n<li><strong>\u7279\u64b0<\/strong><br>Traducere: <em>Special selectate<\/em> sau <em>calitate superioar\u0103<\/em>.<\/li>\n<\/ul>\n\n\n\n<h3 class=\"wp-block-heading\">Pe brici<\/h3>\n\n\n\n<ol class=\"wp-block-list\">\n<li><strong>\u7d14\u6b63\u92fc\u51a0\u884c<\/strong><br>Traducere: <em>\"O\u021bel autentic Tamahagane\"<\/em> prin <em>\"O\u021bel de calitate superioar\u0103\"<\/em>.<\/li>\n\n\n\n<li><strong>\u7279\u7d1a\u767b\u9332<\/strong><br>Traducere: <em>\"Clas\u0103 special\u0103 \u00eenregistrat\u0103\"<\/em> (produs premium).<\/li>\n\n\n\n<li><strong>\u559c<\/strong><br>Este un simbol al bucuriei folosit pentru branding.<\/li>\n<\/ol>\n\n\n\n<p>Asem\u0103n\u0103toare unei s\u0103bii tradi\u021bionale de samurai, aceast\u0103 Kamisori a fost forjat\u0103 manual din 2 straturi, partea t\u0103ietoare fiind realizat\u0103 din o\u021bel dur cu carbon, iar stratul de sus\u021binere din o\u021bel moale. Ceea ce face acest Kamisori special este faptul c\u0103 o\u021belul este Tamahagane autentic. Tamahagane este un o\u021bel tradi\u021bional fabricat \u00een Japonia de secole din nisipul \"de fier\" \u0219i c\u0103rbunele care se g\u0103sesc acolo. Deoarece Japonia nu dispune de resurse mari de minereu de fier, o\u021belul este fabricat manual din nisip de fier \u00eentr-un proces care dureaz\u0103 c\u00e2teva zile. Aceasta a fost principala surs\u0103 de material pentru toate s\u0103biile samurailor. Stratul de o\u021bel este fragil \u0219i dur (c\u0103lit la 70HRC), \u00een timp ce cadrul mai moale asigur\u0103 flexibilitatea necesar\u0103.<\/p>\n\n\n\n<p>Ambele straturi nu sunt rezistente la rugin\u0103, deci p\u0103stra\u021bi \u00eentotdeauna aparatul de ras uscat dup\u0103 b\u0103rbierit \u0219i proteja\u021bi-l cu un strat sub\u021bire de lubrifiant. De ce acest aparat de ras nu rugine\u0219te? Aparatele de ras din o\u021bel inoxidabil vin \u00eentr-un aliaj care va preveni petele de coroziune, dar, de asemenea, \u00eel va face mai pu\u021bin dur \u0219i mai pu\u021bin ascu\u021bit. O\u021belul cu con\u021binut ridicat de carbon, precum stratul de t\u0103iere al acestui Kamisori, permite o duritate mult mai mare \u0219i va men\u021bine un b\u0103rbierit neted pentru mult mai mult timp \u00eenainte de a fi nevoie s\u0103 fie ascu\u021bit din nou, \u00een special acest strat Tamahagane!<\/p>\n\n\n\n<p>O\u021belul Tamahagane \u7389\u92fc, un material legendar \u0219i venerat \u00een fabricarea tradi\u021bional\u0103 a s\u0103biilor japoneze, ocup\u0103 un loc special \u00een inimile artizanilor \u0219i entuzia\u0219tilor deopotriv\u0103. Renumit pentru calitatea sa excep\u021bional\u0103 \u0219i procesul meticulos de dezvoltare, o\u021belul Tamahagane \u00eentruchipeaz\u0103 combina\u021bia perfect\u0103 de art\u0103, tradi\u021bie \u0219i func\u021bionalitate. <\/p>\n\n\n\n<p>Mai jos pute\u021bi vedea harvesterul meu ascu\u021bit:<\/p>\n\n\n\n<figure class=\"wp-block-embed is-type-video is-provider-youtube wp-block-embed-youtube wp-embed-aspect-16-9 wp-has-aspect-ratio\"><div class=\"wp-block-embed__wrapper\">\n<div class=\"video-container\"><iframe title=\"NOS Kamisori Tamahagane B\u0103rbierit gata\" width=\"1170\" height=\"658\" src=\"https:\/\/www.youtube.com\/embed\/a2fycebA5I4?feature=oembed\" frameborder=\"0\" allow=\"accelerometer; autoplay; clipboard-write; encrypted-media; gyroscope; picture-in-picture; web-share\" referrerpolicy=\"strict-origin-when-cross-origin\" allowfullscreen><\/iframe><\/div>\n<\/div><\/figure>","protected":false},"excerpt":{"rendered":"<p>Aparat de ras Kamisori japonez NOS (New old Stock) din o\u021bel Tamahagane \u7389\u92fc ultra dur (p\u00e2n\u0103 la 70 HRC). Kamisori de dimensiuni medii, u\u0219or. Briciul a fost fabricat \u00een perioada Showa, \u00een jurul anilor 1960. Se va adresa celor c\u0103rora le place b\u0103rbieritul agresiv.<\/p>\n<p>\u7d14\u7389\u92fc (Jun Tama Hagane), care \u00eenseamn\u0103 \"O\u021bel pur Tamahagane\". Textul suplimentar \"\u5225\u6253\" (Betsuuchi) \u00eenseamn\u0103 \"Forjat lung\". Forjarea \u00eendelungat\u0103 face ca structura o\u021belului s\u0103 fie mai omogen\u0103 \u0219i mai puternic\u0103 \u0219i elimin\u0103 impurit\u0103\u021bile inutile. Acest lucru permite ca unealta s\u0103 fie ascu\u021bit\u0103 mai bine, iar ascu\u021bimea dureaz\u0103 mult mai mult.<\/p>\n<p>\u7279 \u7ea7 \u7f16 = Edi\u021bie special\u0103<\/p>\n<p>Marca <strong>\"\u559c\"<\/strong> (simbol al bucuriei) \u0219i marca de calitate exclusiv\u0103 \"\u7279\u64b0\" (premium) indic\u0103 faptul c\u0103 aceasta este o unealt\u0103 de b\u0103rbierit japonez\u0103 high-end fabricat\u0103 cu aten\u021bie la detalii \u0219i folosind o\u021bel de cea mai bun\u0103 calitate.<\/p>\n<p><strong>Dimensiunile tuturor Kamisori sunt u\u0219or diferite deoarece sunt realizate manual!<\/strong><\/p>\n<ul>\n<li>Lungime aproximativ 152 mm<\/li>\n<li>\u00cen\u0103l\u021bime aprox. 17 mm<\/li>\n<li>Lungimea muchiei de t\u0103iere aprox. 43 mm<\/li>\n<li>grosime aprox. 4 mm<\/li>\n<li>greutate de aproximativ 41 g.<\/li>\n<li>m\u00e2ner din plastic<\/li>\n<\/ul>","protected":false},"featured_media":5539,"comment_status":"open","ping_status":"closed","template":"","meta":[],"product_brand":[],"product_cat":[23],"product_tag":[25,26],"class_list":{"0":"post-3679","1":"product","2":"type-product","3":"status-publish","4":"has-post-thumbnail","6":"product_cat-razors","7":"product_tag-kamisori","8":"product_tag-tamahagane","9":"product_shipping_class-light","11":"first","12":"outofstock","13":"shipping-taxable","14":"product-type-variable"},"_links":{"self":[{"href":"https:\/\/jnats.eu\/ro\/wp-json\/wp\/v2\/product\/3679","targetHints":{"allow":["GET"]}}],"collection":[{"href":"https:\/\/jnats.eu\/ro\/wp-json\/wp\/v2\/product"}],"about":[{"href":"https:\/\/jnats.eu\/ro\/wp-json\/wp\/v2\/types\/product"}],"replies":[{"embeddable":true,"href":"https:\/\/jnats.eu\/ro\/wp-json\/wp\/v2\/comments?post=3679"}],"wp:featuredmedia":[{"embeddable":true,"href":"https:\/\/jnats.eu\/ro\/wp-json\/wp\/v2\/media\/5539"}],"wp:attachment":[{"href":"https:\/\/jnats.eu\/ro\/wp-json\/wp\/v2\/media?parent=3679"}],"wp:term":[{"taxonomy":"product_brand","embeddable":true,"href":"https:\/\/jnats.eu\/ro\/wp-json\/wp\/v2\/product_brand?post=3679"},{"taxonomy":"product_cat","embeddable":true,"href":"https:\/\/jnats.eu\/ro\/wp-json\/wp\/v2\/product_cat?post=3679"},{"taxonomy":"product_tag","embeddable":true,"href":"https:\/\/jnats.eu\/ro\/wp-json\/wp\/v2\/product_tag?post=3679"}],"curies":[{"name":"wp","href":"https:\/\/api.w.org\/{rel}","templated":true}]}}