{"id":377,"date":"2024-03-04T14:16:15","date_gmt":"2024-03-04T12:16:15","guid":{"rendered":"http:\/\/jnats.eu\/?post_type=product&#038;p=377"},"modified":"2024-05-03T11:33:34","modified_gmt":"2024-05-03T08:33:34","slug":"kioto-specialiai-atrinktas-naturalaus-galandinimo-akmuo-shomotoyama-shiro-renge-suita","status":"publish","type":"product","link":"https:\/\/jnats.eu\/ro\/product-2\/kioto-specialiai-atrinktas-naturalaus-galandinimo-akmuo-shomotoyama-shiro-renge-suita\/","title":{"rendered":"Kyoto Piatr\u0103 de ascu\u021bit natural\u0103 special selectat\u0103 Shomotoyama Shiro Renge Suita"},"content":{"rendered":"<p>Shiro Renge Suita este o piatr\u0103 de ascu\u021bit, cunoscut\u0103 \u0219i ca piatr\u0103 de ascu\u021bit, folosit\u0103 \u00een mod obi\u0219nuit \u00een tehnicile tradi\u021bionale japoneze de ascu\u021bire a cu\u021bitelor. Este foarte apreciat de entuzia\u0219ti \u0219i profesioni\u0219ti pentru calitatea sa excep\u021bional\u0103 \u0219i capacitatea de a crea o margine ascu\u021bit\u0103 a lamei.<\/p>\n\n\n\n<p><strong>Descrierea pietrelor de \u0219lefuit Shiro Renge Suita:<\/strong><\/p>\n\n\n\n<p>Material: Shiro Renge Suita este de obicei f\u0103cut\u0103 din roci sedimentare naturale g\u0103site \u00een mun\u021bii Japoniei. Aceste pietre sunt cunoscute pentru structura lor cu granula\u021bie fin\u0103, care permite ascu\u021birea \u0219i lustruirea precis\u0103 a lamelor de cu\u021bit.<\/p>\n\n\n\n<p>Nivelul de fine\u021be: Shiro Renge Suita se \u00eencadreaz\u0103 \u00een general \u00een intervalul de granula\u021bie medie p\u00e2n\u0103 la fin\u0103. Fine\u021bea se refer\u0103 la rugozitatea suprafe\u021bei pietrei \u0219i determin\u0103 nivelul de abraziune. Aceast\u0103 piatr\u0103 este adesea folosit\u0103 \u00een etapele finale de ascu\u021bire pentru a rafina marginea \u0219i a ob\u021bine un finisaj \u00een oglind\u0103.<\/p>\n\n\n\n<p>Versatilitate: Shiro Renge Suita este folosit \u00een principal pentru a ascu\u021bi cu\u021bite \u00een stil japonez, cum ar fi cu\u021bitele pentru sushi sau sashimi, dar poate fi folosit \u0219i pentru a ascu\u021bi alte tipuri de cu\u021bite, inclusiv cu\u021bite de buc\u0103t\u0103rie, unelte pentru prelucrarea lemnului \u0219i chiar aparate de ras.<\/p>\n\n\n\n<p>Utilizarea apei: La fel ca majoritatea pietrelor japoneze, Shiro Renge Suita trebuie umezit\u0103 cu ap\u0103 cald\u0103 \u00eenainte de utilizare. Acest proces ajut\u0103 la prevenirea usc\u0103rii pietrei \u0219i asigur\u0103 lubrifierea procesului de ascu\u021bire.<\/p>\n\n\n\n<p>\u00cengrijire \u0219i \u00eentre\u021binere: \u00cengrijirea \u0219i \u00eentre\u021binerea corespunz\u0103toare sunt esen\u021biale pentru a asigura longevitatea \u0219i eficacitatea pietrelor de ascu\u021bit Shiro Renge Suita. Trebuie sp\u0103lat bine dup\u0103 utilizare \u0219i l\u0103sat s\u0103 se usuce complet \u00eenainte de depozitare. \u00cen plus, netezirea periodic\u0103 a suprafe\u021bei ajut\u0103 la men\u021binerea unei suprafe\u021be de ascu\u021bire uniform\u0103.<\/p>\n\n\n\n<p>Calitate realizat\u0103 manual: Multe pietre de \u0219lefuit Shiro Renge Suita de epoc\u0103 sunt realizate de me\u0219teri pricepu\u021bi, care cunosc bine propriet\u0103\u021bile \u0219i caracteristicile pietrei. Aceast\u0103 m\u0103iestrie asigur\u0103 consisten\u021ba \u0219i calitatea fiec\u0103rei pietre produse.<\/p>\n\n\n\n<p>\u00cen general, piatra de copt Shiro Renge Suita este apreciat\u0103 pentru capacitatea sa de a \u0219lefui marginile cu\u021bitului la suprafe\u021be excep\u021bional de ascu\u021bite \u0219i lustruite, ceea ce o face un instrument valoros pentru buc\u0103tari, entuzia\u0219ti culinari \u0219i me\u0219teri care cer precizie \u0219i calitate \u00een munca lor.<\/p>","protected":false},"excerpt":{"rendered":"<ul>\n<li>Piatr\u0103 de ascu\u021bit Shiro Renge Suita, nefolosit\u0103, de epoc\u0103<\/li>\n<li>Dimensiuni <span class=\"VIpgJd-yAWNEb-VIpgJd-fmcmS-sn54Q\">195 x 73<\/span><span class=\"VIpgJd-yAWNEb-VIpgJd-fmcmS-sn54Q\">\u00a0x\u00a0<\/span><span class=\"VIpgJd-yAWNEb-VIpgJd-fmcmS-sn54Q\">26<\/span><\/li>\n<li>Duritate: Lv 4<\/li>\n<li>Greutate cu suport: 1018 g<\/li>\n<\/ul>","protected":false},"featured_media":2478,"comment_status":"open","ping_status":"closed","template":"","meta":[],"product_brand":[],"product_cat":[22],"product_tag":[86,87,88,50],"class_list":{"0":"post-377","1":"product","2":"type-product","3":"status-publish","4":"has-post-thumbnail","6":"product_cat-jnats","7":"product_tag-renge","8":"product_tag-shiro","9":"product_tag-shomotoyama","10":"product_tag-suita","11":"product_shipping_class-iprastas","13":"first","14":"instock","15":"sale","16":"shipping-taxable","17":"purchasable","18":"product-type-simple"},"_links":{"self":[{"href":"https:\/\/jnats.eu\/ro\/wp-json\/wp\/v2\/product\/377","targetHints":{"allow":["GET"]}}],"collection":[{"href":"https:\/\/jnats.eu\/ro\/wp-json\/wp\/v2\/product"}],"about":[{"href":"https:\/\/jnats.eu\/ro\/wp-json\/wp\/v2\/types\/product"}],"replies":[{"embeddable":true,"href":"https:\/\/jnats.eu\/ro\/wp-json\/wp\/v2\/comments?post=377"}],"wp:featuredmedia":[{"embeddable":true,"href":"https:\/\/jnats.eu\/ro\/wp-json\/wp\/v2\/media\/2478"}],"wp:attachment":[{"href":"https:\/\/jnats.eu\/ro\/wp-json\/wp\/v2\/media?parent=377"}],"wp:term":[{"taxonomy":"product_brand","embeddable":true,"href":"https:\/\/jnats.eu\/ro\/wp-json\/wp\/v2\/product_brand?post=377"},{"taxonomy":"product_cat","embeddable":true,"href":"https:\/\/jnats.eu\/ro\/wp-json\/wp\/v2\/product_cat?post=377"},{"taxonomy":"product_tag","embeddable":true,"href":"https:\/\/jnats.eu\/ro\/wp-json\/wp\/v2\/product_tag?post=377"}],"curies":[{"name":"wp","href":"https:\/\/api.w.org\/{rel}","templated":true}]}}