{"id":3805,"date":"2025-06-25T11:45:01","date_gmt":"2025-06-25T08:45:01","guid":{"rendered":"https:\/\/jnats.eu\/?post_type=product&#038;p=3805"},"modified":"2026-01-27T16:22:07","modified_gmt":"2026-01-27T14:22:07","slug":"paruostas-skustis-vintazinis-skustuvas-thiers-issard-69","status":"publish","type":"product","link":"https:\/\/jnats.eu\/ro\/product-2\/paruostas-skustis-vintazinis-skustuvas-thiers-issard-69\/","title":{"rendered":"Aparat de ras vintage Thiers Issard 69, gata de b\u0103rbierit"},"content":{"rendered":"<figure class=\"wp-block-embed is-type-video is-provider-youtube wp-block-embed-youtube wp-embed-aspect-16-9 wp-has-aspect-ratio\"><div class=\"wp-block-embed__wrapper\">\n<div class=\"video-container\"><iframe title=\"Re\u00eenvierea unui aparat de ras drept vintage cu ajutorul legendarelor pietre de ascu\u021bit sco\u021biene\" width=\"1170\" height=\"658\" src=\"https:\/\/www.youtube.com\/embed\/CxW5ThgQQ5U?feature=oembed\" frameborder=\"0\" allow=\"accelerometer; autoplay; clipboard-write; encrypted-media; gyroscope; picture-in-picture; web-share\" referrerpolicy=\"strict-origin-when-cross-origin\" allowfullscreen><\/iframe><\/div>\n<\/div><\/figure>","protected":false},"excerpt":{"rendered":"<p>NOS (New old stock) aparat de ras vintage Thiers Issard 69 Super Gnome Extra, nefolosit, doar ascu\u021bit, cu hus\u0103 din piele artificial\u0103. Fabricat la mijlocul secolului trecut. Se mai produc \u0219i sub aceast\u0103 marc\u0103, dar sunt inferiori celor vintage \u00een ceea ce prive\u0219te calitatea tratamentului termic \u0219i mecanic. Sunt apreciate pentru b\u0103rbieritul moale. Spatele este afectat de semne de coroziune, dar toate lamele sunt complet intacte, deci nu vor exista probleme la ascu\u021bire \u0219i utilizare. Mecanica \u0219i geometria sunt impecabile. Examina\u021bi cu aten\u021bie fotografiile \u0219i videoclipurile.<\/p>\n<ul>\n<li>Greutate \u2013 47 g<\/li>\n<li>Dimensiunile lamei \u2013 80x18x5 mm<\/li>\n<li>Podea pe jum\u0103tate goal\u0103<\/li>\n<\/ul>","protected":false},"featured_media":4806,"comment_status":"open","ping_status":"closed","template":"","meta":[],"product_brand":[],"product_cat":[23],"product_tag":[315],"class_list":{"0":"post-3805","1":"product","2":"type-product","3":"status-publish","4":"has-post-thumbnail","6":"product_cat-razors","7":"product_tag-thiers-issard-2","8":"product_shipping_class-light","10":"first","11":"outofstock","12":"sale","13":"shipping-taxable","14":"purchasable","15":"product-type-simple"},"_links":{"self":[{"href":"https:\/\/jnats.eu\/ro\/wp-json\/wp\/v2\/product\/3805","targetHints":{"allow":["GET"]}}],"collection":[{"href":"https:\/\/jnats.eu\/ro\/wp-json\/wp\/v2\/product"}],"about":[{"href":"https:\/\/jnats.eu\/ro\/wp-json\/wp\/v2\/types\/product"}],"replies":[{"embeddable":true,"href":"https:\/\/jnats.eu\/ro\/wp-json\/wp\/v2\/comments?post=3805"}],"wp:featuredmedia":[{"embeddable":true,"href":"https:\/\/jnats.eu\/ro\/wp-json\/wp\/v2\/media\/4806"}],"wp:attachment":[{"href":"https:\/\/jnats.eu\/ro\/wp-json\/wp\/v2\/media?parent=3805"}],"wp:term":[{"taxonomy":"product_brand","embeddable":true,"href":"https:\/\/jnats.eu\/ro\/wp-json\/wp\/v2\/product_brand?post=3805"},{"taxonomy":"product_cat","embeddable":true,"href":"https:\/\/jnats.eu\/ro\/wp-json\/wp\/v2\/product_cat?post=3805"},{"taxonomy":"product_tag","embeddable":true,"href":"https:\/\/jnats.eu\/ro\/wp-json\/wp\/v2\/product_tag?post=3805"}],"curies":[{"name":"wp","href":"https:\/\/api.w.org\/{rel}","templated":true}]}}