{"id":3879,"date":"2025-01-29T14:38:22","date_gmt":"2025-01-29T12:38:22","guid":{"rendered":"https:\/\/jnats.eu\/?post_type=product&#038;p=3879"},"modified":"2026-02-04T16:13:56","modified_gmt":"2026-02-04T14:13:56","slug":"naudoti-japoniski-vintaziniai-skustuvai-kamisori","status":"publish","type":"product","link":"https:\/\/jnats.eu\/ro\/product-2\/naudoti-japoniski-vintaziniai-skustuvai-kamisori\/","title":{"rendered":"Aparate de ras Kamisori japoneze de epoc\u0103 folosite"},"content":{"rendered":"<figure class=\"wp-block-embed is-type-video is-provider-youtube wp-block-embed-youtube wp-embed-aspect-16-9 wp-has-aspect-ratio\"><div class=\"wp-block-embed__wrapper\">\n<div class=\"video-container\"><iframe title=\"Kamisori\" width=\"1170\" height=\"658\" src=\"https:\/\/www.youtube.com\/embed\/Es3h28h7VN8?feature=oembed\" frameborder=\"0\" allow=\"accelerometer; autoplay; clipboard-write; encrypted-media; gyroscope; picture-in-picture; web-share\" referrerpolicy=\"strict-origin-when-cross-origin\" allowfullscreen><\/iframe><\/div>\n<\/div><\/figure>\n\n\n\n<p>Similar cu o sabie tradi\u021bional\u0103 de samurai, ace\u0219ti Kamisori au fost forja\u021bi manual din 2 straturi, partea t\u0103ietoare din o\u021bel cu con\u021binut ridicat de carbon \u0219i stratul de sus\u021binere a unuia mai simplu. Stratul de o\u021bel este fragil \u0219i dur, \u00een timp ce carcasa ofer\u0103 flexibilitatea necesar\u0103.<\/p>\n\n\n\n<p>Ambele straturi nu sunt rezistente la rugin\u0103, a\u0219a c\u0103 p\u0103stra\u021bi \u00eentotdeauna aparatul de ras uscat dup\u0103 b\u0103rbierit \u0219i proteja\u021bi-l cu un strat sub\u021bire de ulei. De ce a fost ales o\u021belul rezistent la rugin\u0103 pentru acest aparat de ras? Briciurile din inox sunt fabricate dintr-un aliaj care va preveni petele de coroziune, dar va fi, de asemenea, mai pu\u021bin dure \u0219i mai pu\u021bin ascu\u021bite. O\u021belul cu con\u021binut ridicat de carbon, precum stratul de t\u0103iere al acestui Kamisori, ofer\u0103 o duritate mult mai mare \u0219i va men\u021bine un b\u0103rbierit neted mult mai mult timp \u00eenainte de a fi nevoie s\u0103 fie ascu\u021bit din nou \u0219i poate fi, de asemenea, ascu\u021bit mult mai ascu\u021bit!<\/p>","protected":false},"excerpt":{"rendered":"<ul>\n<li>Aparate de ras Kamisori japoneze de epoc\u0103 folosite<\/li>\n<li>Pu\u021bin afectat de coroziune.<\/li>\n<li>Dac\u0103 nu vede\u021bi articolul \u00een list\u0103, \u00eenseamn\u0103 c\u0103 este v\u00e2ndut.<\/li>\n<\/ul>","protected":false},"featured_media":3883,"comment_status":"open","ping_status":"closed","template":"","meta":[],"product_brand":[],"product_cat":[23],"product_tag":[25],"class_list":{"0":"post-3879","1":"product","2":"type-product","3":"status-publish","4":"has-post-thumbnail","6":"product_cat-razors","7":"product_tag-kamisori","8":"product_shipping_class-light","10":"first","11":"instock","12":"shipping-taxable","13":"purchasable","14":"product-type-variable"},"_links":{"self":[{"href":"https:\/\/jnats.eu\/ro\/wp-json\/wp\/v2\/product\/3879","targetHints":{"allow":["GET"]}}],"collection":[{"href":"https:\/\/jnats.eu\/ro\/wp-json\/wp\/v2\/product"}],"about":[{"href":"https:\/\/jnats.eu\/ro\/wp-json\/wp\/v2\/types\/product"}],"replies":[{"embeddable":true,"href":"https:\/\/jnats.eu\/ro\/wp-json\/wp\/v2\/comments?post=3879"}],"wp:featuredmedia":[{"embeddable":true,"href":"https:\/\/jnats.eu\/ro\/wp-json\/wp\/v2\/media\/3883"}],"wp:attachment":[{"href":"https:\/\/jnats.eu\/ro\/wp-json\/wp\/v2\/media?parent=3879"}],"wp:term":[{"taxonomy":"product_brand","embeddable":true,"href":"https:\/\/jnats.eu\/ro\/wp-json\/wp\/v2\/product_brand?post=3879"},{"taxonomy":"product_cat","embeddable":true,"href":"https:\/\/jnats.eu\/ro\/wp-json\/wp\/v2\/product_cat?post=3879"},{"taxonomy":"product_tag","embeddable":true,"href":"https:\/\/jnats.eu\/ro\/wp-json\/wp\/v2\/product_tag?post=3879"}],"curies":[{"name":"wp","href":"https:\/\/api.w.org\/{rel}","templated":true}]}}