{"id":394,"date":"2024-03-04T14:32:58","date_gmt":"2024-03-04T12:32:58","guid":{"rendered":"http:\/\/jnats.eu\/?post_type=product&#038;p=394"},"modified":"2024-12-27T19:01:11","modified_gmt":"2024-12-27T17:01:11","slug":"nakayama-asagi-daigokujo-finishing-natural-whetstone","status":"publish","type":"product","link":"https:\/\/jnats.eu\/ro\/product-2\/nakayama-asagi-daigokujo-finishing-natural-whetstone\/","title":{"rendered":"Nakayama Asagi Daigokujo Finisare piatr\u0103 de abrazit natural\u0103\u00a0"},"content":{"rendered":"<p>Aceasta este o piatr\u0103 de ascu\u021bit de calitate superioar\u0103, iar dac\u0103 ar fi complet\u0103, ar costa \u00een jur de 2.500 de euro. Desigur, oric\u00e2t de mult s-ar a\u0219chi, munca tolei \u00een sine nu se schimb\u0103.<\/p>\n\n\n\n<p>Din fotografie se poate spune c\u0103 aceasta este o piatr\u0103 natural\u0103 de calitate superioar\u0103, mai ales c\u0103 este Nakayama, iar fine\u021bea texturii ei dep\u0103\u0219e\u0219te celelalte pietre de ascu\u021bit.<\/p>\n\n\n\n<p>At\u00e2t metalele neferoase, c\u00e2t \u0219i o\u021belul vor deveni ca o oglind\u0103, dar nu aplica\u021bi prea mult\u0103 for\u021b\u0103; doar lucreaz\u0103 la boabele abrazive care ies \u00een eviden\u021b\u0103, iar la final, relaxeaz\u0103-te \u0219i \u0219lefuie\u0219te ca \u0219i cum ai zdrobi boabele abrazive. \u00cen aceast\u0103 perioad\u0103 a anului, folose\u0219te ap\u0103 cald\u0103, asem\u0103n\u0103toare cu cea dintr-o baie, \u00een loc de ap\u0103 rece, pentru c\u0103 abia atunci vor fi dezv\u0103luite cele mai bune propriet\u0103\u021bi ale pietrei.<\/p>\n\n\n\n<figure class=\"wp-block-embed is-type-video is-provider-youtube wp-block-embed-youtube wp-embed-aspect-16-9 wp-has-aspect-ratio\"><div class=\"wp-block-embed__wrapper\">\n<div class=\"video-container\"><iframe title=\"Nakayama Asagi Daigokujo Finisare piatr\u0103 de copt natural\u0103 Kamisori Henkotsu\" width=\"1170\" height=\"658\" src=\"https:\/\/www.youtube.com\/embed\/oMNIi4q7loc?feature=oembed\" frameborder=\"0\" allow=\"accelerometer; autoplay; clipboard-write; encrypted-media; gyroscope; picture-in-picture; web-share\" referrerpolicy=\"strict-origin-when-cross-origin\" allowfullscreen><\/iframe><\/div>\n<\/div><\/figure>","protected":false},"excerpt":{"rendered":"<ul>\n<li>Dimensiune aproximativ 204 x 76 x 28 mm<\/li>\n<li>Greutate aproximativ 970 g<\/li>\n<li>Duritate 4.5<\/li>\n<li>Col\u021b spart<\/li>\n<\/ul>","protected":false},"featured_media":400,"comment_status":"open","ping_status":"closed","template":"","meta":[],"product_brand":[],"product_cat":[22],"product_tag":[45,74,71,49],"class_list":{"0":"post-394","1":"product","2":"type-product","3":"status-publish","4":"has-post-thumbnail","6":"product_cat-jnats","7":"product_tag-asagi","8":"product_tag-daigokujo","9":"product_tag-finishing","10":"product_tag-nakayama","11":"product_shipping_class-iprastas","13":"first","14":"outofstock","15":"sale","16":"shipping-taxable","17":"purchasable","18":"product-type-simple"},"_links":{"self":[{"href":"https:\/\/jnats.eu\/ro\/wp-json\/wp\/v2\/product\/394","targetHints":{"allow":["GET"]}}],"collection":[{"href":"https:\/\/jnats.eu\/ro\/wp-json\/wp\/v2\/product"}],"about":[{"href":"https:\/\/jnats.eu\/ro\/wp-json\/wp\/v2\/types\/product"}],"replies":[{"embeddable":true,"href":"https:\/\/jnats.eu\/ro\/wp-json\/wp\/v2\/comments?post=394"}],"wp:featuredmedia":[{"embeddable":true,"href":"https:\/\/jnats.eu\/ro\/wp-json\/wp\/v2\/media\/400"}],"wp:attachment":[{"href":"https:\/\/jnats.eu\/ro\/wp-json\/wp\/v2\/media?parent=394"}],"wp:term":[{"taxonomy":"product_brand","embeddable":true,"href":"https:\/\/jnats.eu\/ro\/wp-json\/wp\/v2\/product_brand?post=394"},{"taxonomy":"product_cat","embeddable":true,"href":"https:\/\/jnats.eu\/ro\/wp-json\/wp\/v2\/product_cat?post=394"},{"taxonomy":"product_tag","embeddable":true,"href":"https:\/\/jnats.eu\/ro\/wp-json\/wp\/v2\/product_tag?post=394"}],"curies":[{"name":"wp","href":"https:\/\/api.w.org\/{rel}","templated":true}]}}