{"id":401,"date":"2024-03-04T14:43:17","date_gmt":"2024-03-04T12:43:17","guid":{"rendered":"http:\/\/jnats.eu\/?post_type=product&#038;p=401"},"modified":"2025-07-12T08:41:41","modified_gmt":"2025-07-12T05:41:41","slug":"red-pin-%e8%b5%a4%e3%83%94%e3%83%b3%e7%a0%a5%e7%9f%b3-finishing-natural-whetstone","status":"publish","type":"product","link":"https:\/\/jnats.eu\/ro\/product-2\/red-pin-%e8%b5%a4%e3%83%94%e3%83%b3%e7%a0%a5%e7%9f%b3-finishing-natural-whetstone\/","title":{"rendered":"Ozuku Ikimurasaki \u8d64\u30d4\u30f3\u7825\u77f3 Finisare Natural whetstone"},"content":{"rendered":"<ul class=\"wp-block-list\">\n<li>Dimensiune aprox. 14,6 x 8,2 x 2,3 cm<\/li>\n\n\n\n<li>Greutate aprox. 650 g<\/li>\n<\/ul>\n\n\n\n<p>O piatr\u0103 de finisare excelent\u0103 pentru ascu\u021bire, cu duritate suficient\u0103. \u00cen special, Ikimurasaki sunt cunoscu\u021bi pentru reac\u021bia lor bun\u0103 la o\u021bel \u0219i sunt adesea folosi\u021bi pentru ascu\u021birea aparatelor de ras. De\u0219i nu este un articol nou, se pare c\u0103 a fost folosit cu mare grij\u0103 \u0219i aten\u021bie, l\u0103s\u00e2nd o impresie foarte bun\u0103.<\/p>\n\n\n\n<p>Ascu\u021bimea unui aparat de ras este direct legat\u0103 de valoarea frizeriei \u0219i se pare c\u0103 \u00een trecut erau mul\u021bi frizeri care cheltuiau mul\u021bi bani pe pietre naturale. Recent, \u00eenlocuirea lamei a devenit obi\u0219nuit\u0103 din cauza problemelor legate de ascu\u021birea aparatelor de ras \u0219i a preocup\u0103rilor de igien\u0103, dar unele frizerii \u00eenc\u0103 mai folosesc astfel de pietre de ascu\u021bit \u0219i le p\u0103streaz\u0103 de ceva timp \u00eentr-un dulap sterilizat.<br>Au r\u0103mas foarte pu\u021bine pietre ro\u0219ii Nakayama sau Ozuku, chiar \u0219i \u00een magazinele din Kyoto. Aceasta este o piatr\u0103 foarte valoroas\u0103.<\/p>\n\n\n\n<p>Asigura\u021bi-v\u0103 c\u0103 utiliza\u021bi ap\u0103 cald\u0103 pentru ascu\u021bire. Aceasta este o piatr\u0103 japonez\u0103 natural\u0103 bun\u0103.<\/p>\n\n\n\n<p><\/p>","protected":false},"excerpt":{"rendered":"<p><!-- wp:list --><\/p>\n<ul><!-- wp:list-item --><\/p>\n<li>Dimensiune aprox. 14,6 x 8,2 x 2,3 cm<\/li>\n<p><!-- \/wp:list-item --><\/p>\n<p><!-- wp:list-item --><\/p>\n<li>Greutate aprox. 650 g<\/li>\n<li>Duritate Lv 4,5<\/li>\n<\/ul>","protected":false},"featured_media":406,"comment_status":"open","ping_status":"closed","template":"","meta":[],"product_brand":[],"product_cat":[22],"product_tag":[71,90,91],"class_list":{"0":"post-401","1":"product","2":"type-product","3":"status-publish","4":"has-post-thumbnail","6":"product_cat-jnats","7":"product_tag-finishing","8":"product_tag-natural-whetstone","9":"product_tag-red-pin","10":"product_shipping_class-iprastas","12":"first","13":"outofstock","14":"sale","15":"shipping-taxable","16":"purchasable","17":"product-type-simple"},"_links":{"self":[{"href":"https:\/\/jnats.eu\/ro\/wp-json\/wp\/v2\/product\/401","targetHints":{"allow":["GET"]}}],"collection":[{"href":"https:\/\/jnats.eu\/ro\/wp-json\/wp\/v2\/product"}],"about":[{"href":"https:\/\/jnats.eu\/ro\/wp-json\/wp\/v2\/types\/product"}],"replies":[{"embeddable":true,"href":"https:\/\/jnats.eu\/ro\/wp-json\/wp\/v2\/comments?post=401"}],"wp:featuredmedia":[{"embeddable":true,"href":"https:\/\/jnats.eu\/ro\/wp-json\/wp\/v2\/media\/406"}],"wp:attachment":[{"href":"https:\/\/jnats.eu\/ro\/wp-json\/wp\/v2\/media?parent=401"}],"wp:term":[{"taxonomy":"product_brand","embeddable":true,"href":"https:\/\/jnats.eu\/ro\/wp-json\/wp\/v2\/product_brand?post=401"},{"taxonomy":"product_cat","embeddable":true,"href":"https:\/\/jnats.eu\/ro\/wp-json\/wp\/v2\/product_cat?post=401"},{"taxonomy":"product_tag","embeddable":true,"href":"https:\/\/jnats.eu\/ro\/wp-json\/wp\/v2\/product_tag?post=401"}],"curies":[{"name":"wp","href":"https:\/\/api.w.org\/{rel}","templated":true}]}}