{"id":4031,"date":"2026-01-03T10:10:38","date_gmt":"2026-01-03T08:10:38","guid":{"rendered":"https:\/\/jnats.eu\/?post_type=product&#038;p=4031"},"modified":"2026-01-15T12:57:28","modified_gmt":"2026-01-15T10:57:28","slug":"nenaudoti-chobomasa-vintaziniai-japoniski-skustuvai-kamisori","status":"publish","type":"product","link":"https:\/\/jnats.eu\/ro\/product-2\/nenaudoti-chobomasa-vintaziniai-japoniski-skustuvai-kamisori\/","title":{"rendered":"Aparate de ras kamisori japoneze de epoc\u0103 Chobomasa neutilizate"},"content":{"rendered":"<figure class=\"wp-block-embed is-type-video is-provider-youtube wp-block-embed-youtube wp-embed-aspect-9-16 wp-has-aspect-ratio\"><div class=\"wp-block-embed__wrapper\">\n<div class=\"video-container\"><iframe title=\"Chobomasa vintage kamisori japonez\" width=\"563\" height=\"1000\" src=\"https:\/\/www.youtube.com\/embed\/UT2s0rEBxoQ?feature=oembed\" frameborder=\"0\" allow=\"accelerometer; autoplay; clipboard-write; encrypted-media; gyroscope; picture-in-picture; web-share\" referrerpolicy=\"strict-origin-when-cross-origin\" allowfullscreen><\/iframe><\/div>\n<\/div><\/figure>","protected":false},"excerpt":{"rendered":"<ul>\n<li>La fel ca sabia tradi\u021bional\u0103 de samurai, katana, aceste Kamisori au fost forjate manual din 2 p\u0103r\u021bi. Partea t\u0103ietoare este realizat\u0103 din o\u021bel cu con\u021binut ridicat de carbon, \u00een timp ce stratul de sus\u021binere este realizat dintr-un o\u021bel mai simplu. Stratul de o\u021bel este dur, \u00een timp ce cadrul mai moale asigur\u0103 rezisten\u021ba necesar\u0103 la rupere.<\/li>\n<li>Este vizibil\u0103 o oarecare degresare. Rugin\u0103 \u00eendep\u0103rtat\u0103 cu h\u00e2rtie cu 6 surse #2500 \u0219i past\u0103 diamantat\u0103 Venev 7\/5.<\/li>\n<li>Primii cump\u0103r\u0103tori vor primi kamisori mai buni! Ulterior, vom vinde resturile la un pre\u021b mai mic.<\/li>\n<li>Toate aparatele de ras sunt u\u0219or diferite, deoarece sunt fabricate manual.<\/li>\n<li>Greutate: 32 g.<\/li>\n<li>Lungime total\u0103: 140 mm<\/li>\n<li>\u00cen\u0103l\u021bime: 18 mm<\/li>\n<li>Grosime la panglic\u0103: 6mm<\/li>\n<li>Lungimea lamei: 43 mm<\/li>\n<\/ul>","protected":false},"featured_media":5566,"comment_status":"open","ping_status":"closed","template":"","meta":[],"product_brand":[],"product_cat":[23],"product_tag":[322,25],"class_list":{"0":"post-4031","1":"product","2":"type-product","3":"status-publish","4":"has-post-thumbnail","6":"product_cat-razors","7":"product_tag-chobomasa","8":"product_tag-kamisori","9":"product_shipping_class-light","11":"first","12":"outofstock","13":"shipping-taxable","14":"product-type-variable"},"_links":{"self":[{"href":"https:\/\/jnats.eu\/ro\/wp-json\/wp\/v2\/product\/4031","targetHints":{"allow":["GET"]}}],"collection":[{"href":"https:\/\/jnats.eu\/ro\/wp-json\/wp\/v2\/product"}],"about":[{"href":"https:\/\/jnats.eu\/ro\/wp-json\/wp\/v2\/types\/product"}],"replies":[{"embeddable":true,"href":"https:\/\/jnats.eu\/ro\/wp-json\/wp\/v2\/comments?post=4031"}],"wp:featuredmedia":[{"embeddable":true,"href":"https:\/\/jnats.eu\/ro\/wp-json\/wp\/v2\/media\/5566"}],"wp:attachment":[{"href":"https:\/\/jnats.eu\/ro\/wp-json\/wp\/v2\/media?parent=4031"}],"wp:term":[{"taxonomy":"product_brand","embeddable":true,"href":"https:\/\/jnats.eu\/ro\/wp-json\/wp\/v2\/product_brand?post=4031"},{"taxonomy":"product_cat","embeddable":true,"href":"https:\/\/jnats.eu\/ro\/wp-json\/wp\/v2\/product_cat?post=4031"},{"taxonomy":"product_tag","embeddable":true,"href":"https:\/\/jnats.eu\/ro\/wp-json\/wp\/v2\/product_tag?post=4031"}],"curies":[{"name":"wp","href":"https:\/\/api.w.org\/{rel}","templated":true}]}}