{"id":4063,"date":"2025-03-17T15:13:08","date_gmt":"2025-03-17T13:13:08","guid":{"rendered":"https:\/\/jnats.eu\/?post_type=product&#038;p=4063"},"modified":"2025-03-18T09:06:03","modified_gmt":"2025-03-18T07:06:03","slug":"aiwatani-karasu-naturalus-japoniskas-akmuo-galandinimui","status":"publish","type":"product","link":"https:\/\/jnats.eu\/ro\/product-2\/aiwatani-karasu-naturalus-japoniskas-akmuo-galandinimui\/","title":{"rendered":"Aiwatani Karasu piatr\u0103 de ascu\u021bit japonez\u0103 natural\u0103"},"content":{"rendered":"<p><strong>Aiwatani Karasu<\/strong> <strong>Piatr\u0103 de \u0219lefuire natural\u0103 japonez\u0103<\/strong><\/p>\n\n\n\n<p>Aiwatani este o piatr\u0103 de ascu\u021bit natural\u0103 japonez\u0103 de \u00eenalt\u0103 calitate pentru ascu\u021birea excep\u021bional\u0103 a cu\u021bitelor \u0219i uneltelor. Extras\u0103 din minele antice japoneze, aceast\u0103 piatr\u0103 are o textur\u0103 extrem de fin\u0103, ceea ce \u00eei permite s\u0103 ob\u021bin\u0103 o ascu\u021bime impecabil\u0103 \u0219i o suprafa\u021b\u0103 ca o oglind\u0103.<\/p>\n\n\n\n<figure class=\"wp-block-embed is-type-video is-provider-youtube wp-block-embed-youtube wp-embed-aspect-16-9 wp-has-aspect-ratio\"><div class=\"wp-block-embed__wrapper\">\n<div class=\"video-container\"><iframe title=\"Aiwatani Pietre de ascu\u021bit japoneze naturale\" width=\"1170\" height=\"658\" src=\"https:\/\/www.youtube.com\/embed\/7KUe1vRixzw?feature=oembed\" frameborder=\"0\" allow=\"accelerometer; autoplay; clipboard-write; encrypted-media; gyroscope; picture-in-picture; web-share\" referrerpolicy=\"strict-origin-when-cross-origin\" allowfullscreen><\/iframe><\/div>\n<\/div><\/figure>\n\n\n\n<p>\ud83d\udd39 <strong>De \u00eenalt\u0103 calitate<\/strong> - Piatr\u0103 natural\u0103 autentic\u0103 din Japonia.<br>\ud83d\udd39 <strong>Viteza medie de m\u0103cinare<\/strong> - asigur\u0103 o suprafa\u021b\u0103 neted\u0103 \u0219i uniform\u0103 a muchiei de t\u0103iere.<br>\ud83d\udd39 <strong>Utilizare versatil\u0103<\/strong> - Potrivit pentru cu\u021bite de buc\u0103t\u0103rie, unelte de t\u00e2mpl\u0103rie sau sculptur\u0103.<br>\ud83d\udd39 <strong>Durabil<\/strong> - se disting prin durabilitate \u0219i uzur\u0103 economic\u0103.<\/p>\n\n\n\n<p>Descoperi\u021bi adev\u0103rata m\u0103iestrie japonez\u0103 de ascu\u021bire cu piatra natural\u0103 Aiwatani!<\/p>","protected":false},"excerpt":{"rendered":"<ul class=\"wp-block-list\">\n<li>Potrivit pentru cu\u021bite de finisare, foarfece, t\u00e2mpl\u0103rie \u0219i alte unelte.<\/li>\n<li>Dimensiuni aprox: 220x130x22 mm<\/li>\n<li>Greutate: 1450 g<\/li>\n<li>Duritate: Lv 4<\/li>\n<li>Linii sigure<\/li>\n<li>Viteza medie de func\u021bionare. Accelera\u021bia poate fi ob\u021binut\u0103 cu o suspensie cu cuie sau cu o plac\u0103 diamantat\u0103 brut\u0103.<\/li>\n<li>Capac inferior cu lac<\/li>\n<li>V\u0103 recomand\u0103m s\u0103 lucra\u021bi cu ap\u0103 cald\u0103, deoarece apa rece reduce viteza \u0219i r\u0103spunsul.<\/li>\n<\/ul>","protected":false},"featured_media":4067,"comment_status":"open","ping_status":"closed","template":"","meta":[],"product_brand":[],"product_cat":[22],"product_tag":[65,57],"class_list":{"0":"post-4063","1":"product","2":"type-product","3":"status-publish","4":"has-post-thumbnail","6":"product_cat-jnats","7":"product_tag-aiwatani","8":"product_tag-karasu","9":"product_shipping_class-iprastas","11":"first","12":"outofstock","13":"shipping-taxable","14":"purchasable","15":"product-type-simple"},"_links":{"self":[{"href":"https:\/\/jnats.eu\/ro\/wp-json\/wp\/v2\/product\/4063","targetHints":{"allow":["GET"]}}],"collection":[{"href":"https:\/\/jnats.eu\/ro\/wp-json\/wp\/v2\/product"}],"about":[{"href":"https:\/\/jnats.eu\/ro\/wp-json\/wp\/v2\/types\/product"}],"replies":[{"embeddable":true,"href":"https:\/\/jnats.eu\/ro\/wp-json\/wp\/v2\/comments?post=4063"}],"wp:featuredmedia":[{"embeddable":true,"href":"https:\/\/jnats.eu\/ro\/wp-json\/wp\/v2\/media\/4067"}],"wp:attachment":[{"href":"https:\/\/jnats.eu\/ro\/wp-json\/wp\/v2\/media?parent=4063"}],"wp:term":[{"taxonomy":"product_brand","embeddable":true,"href":"https:\/\/jnats.eu\/ro\/wp-json\/wp\/v2\/product_brand?post=4063"},{"taxonomy":"product_cat","embeddable":true,"href":"https:\/\/jnats.eu\/ro\/wp-json\/wp\/v2\/product_cat?post=4063"},{"taxonomy":"product_tag","embeddable":true,"href":"https:\/\/jnats.eu\/ro\/wp-json\/wp\/v2\/product_tag?post=4063"}],"curies":[{"name":"wp","href":"https:\/\/api.w.org\/{rel}","templated":true}]}}