{"id":4071,"date":"2025-03-17T15:18:56","date_gmt":"2025-03-17T13:18:56","guid":{"rendered":"https:\/\/jnats.eu\/?post_type=product&#038;p=4071"},"modified":"2025-03-18T09:06:16","modified_gmt":"2025-03-18T07:06:16","slug":"aiwatani-kiita-ikimurasaki-naturalus-japoniskas-akmuo-galandinimui","status":"publish","type":"product","link":"https:\/\/jnats.eu\/ro\/product-2\/aiwatani-kiita-ikimurasaki-naturalus-japoniskas-akmuo-galandinimui\/","title":{"rendered":"Aiwatani Kiita Ikimurasaki Piatr\u0103 natural\u0103 japonez\u0103 de ascu\u021bit"},"content":{"rendered":"<p>Aiwatani este o piatr\u0103 natural\u0103 japonez\u0103 de ascu\u021bit de o calitate excep\u021bional\u0103, ca \u0219i cum ar fi fost creat\u0103 \u00een mod deliberat de natur\u0103 pentru me\u0219terii care pre\u021buiesc precizia \u0219i durabilitatea. Aceast\u0103 piatr\u0103 \u00eendep\u0103rteaz\u0103 u\u0219or, dar eficient denivel\u0103rile, oferind lamei o ascu\u021bime impecabil\u0103 \u0219i o suprafa\u021b\u0103 neted\u0103.<\/p>\n\n\n\n<figure class=\"wp-block-embed is-type-video is-provider-youtube wp-block-embed-youtube wp-embed-aspect-16-9 wp-has-aspect-ratio\"><div class=\"wp-block-embed__wrapper\">\n<div class=\"video-container\"><iframe title=\"Aiwatani Pietre de ascu\u021bit japoneze naturale\" width=\"1170\" height=\"658\" src=\"https:\/\/www.youtube.com\/embed\/7KUe1vRixzw?feature=oembed\" frameborder=\"0\" allow=\"accelerometer; autoplay; clipboard-write; encrypted-media; gyroscope; picture-in-picture; web-share\" referrerpolicy=\"strict-origin-when-cross-origin\" allowfullscreen><\/iframe><\/div>\n<\/div><\/figure>\n\n\n\n<p>\u2705 <strong>100 % natural<\/strong> - extrase din z\u0103c\u0103minte japoneze autentice.<br>\u2705 <strong>Calitate perfect\u0103 de ascu\u021bire<\/strong> - ofer\u0103 cu\u021bitelor \u0219i uneltelor o ascu\u021bime maxim\u0103.<br>\u2705 <strong>U\u0219urin\u021ba de utilizare<\/strong> - Nu este nevoie de mult efort pentru a ob\u021bine rezultate profesionale.<br>\u2705 <strong>Durabilitate<\/strong> - Durabil \u0219i rezistent la uzur\u0103.<\/p>\n\n\n\n<p>Alegerea perfect\u0103 at\u00e2t pentru profesioni\u0219ti, c\u00e2t \u0219i pentru iubitorii de instrumente ascu\u021bite!<\/p>","protected":false},"excerpt":{"rendered":"<ul class=\"wp-block-list\">\n<li>Potrivit pentru cu\u021bite de finisare, foarfece, t\u00e2mpl\u0103rie \u0219i alte unelte.<\/li>\n<li>Dimensiuni aprox: 210x118x42 mm<\/li>\n<li>Greutate: 2130 g<\/li>\n<li>Duritate: Lv 3.5<\/li>\n<li>Viteza medie de func\u021bionare. Accelera\u021bia poate fi ob\u021binut\u0103 cu o suspensie cu cuie sau cu o plac\u0103 diamantat\u0103 brut\u0103.<\/li>\n<li>V\u0103 recomand\u0103m s\u0103 lucra\u021bi cu ap\u0103 cald\u0103, deoarece apa rece reduce viteza \u0219i r\u0103spunsul.<\/li>\n<\/ul>","protected":false},"featured_media":4074,"comment_status":"open","ping_status":"closed","template":"","meta":[],"product_brand":[],"product_cat":[22],"product_tag":[65,141],"class_list":{"0":"post-4071","1":"product","2":"type-product","3":"status-publish","4":"has-post-thumbnail","6":"product_cat-jnats","7":"product_tag-aiwatani","8":"product_tag-kiita","9":"product_shipping_class-iprastas","11":"first","12":"outofstock","13":"shipping-taxable","14":"purchasable","15":"product-type-simple"},"_links":{"self":[{"href":"https:\/\/jnats.eu\/ro\/wp-json\/wp\/v2\/product\/4071","targetHints":{"allow":["GET"]}}],"collection":[{"href":"https:\/\/jnats.eu\/ro\/wp-json\/wp\/v2\/product"}],"about":[{"href":"https:\/\/jnats.eu\/ro\/wp-json\/wp\/v2\/types\/product"}],"replies":[{"embeddable":true,"href":"https:\/\/jnats.eu\/ro\/wp-json\/wp\/v2\/comments?post=4071"}],"wp:featuredmedia":[{"embeddable":true,"href":"https:\/\/jnats.eu\/ro\/wp-json\/wp\/v2\/media\/4074"}],"wp:attachment":[{"href":"https:\/\/jnats.eu\/ro\/wp-json\/wp\/v2\/media?parent=4071"}],"wp:term":[{"taxonomy":"product_brand","embeddable":true,"href":"https:\/\/jnats.eu\/ro\/wp-json\/wp\/v2\/product_brand?post=4071"},{"taxonomy":"product_cat","embeddable":true,"href":"https:\/\/jnats.eu\/ro\/wp-json\/wp\/v2\/product_cat?post=4071"},{"taxonomy":"product_tag","embeddable":true,"href":"https:\/\/jnats.eu\/ro\/wp-json\/wp\/v2\/product_tag?post=4071"}],"curies":[{"name":"wp","href":"https:\/\/api.w.org\/{rel}","templated":true}]}}