{"id":4079,"date":"2025-03-17T15:24:27","date_gmt":"2025-03-17T13:24:27","guid":{"rendered":"https:\/\/jnats.eu\/?post_type=product&#038;p=4079"},"modified":"2025-05-22T11:43:48","modified_gmt":"2025-05-22T08:43:48","slug":"aiwatani-lotus-naturalus-japoniskas-akmuo-galandinimui","status":"publish","type":"product","link":"https:\/\/jnats.eu\/ro\/product-2\/aiwatani-lotus-naturalus-japoniskas-akmuo-galandinimui\/","title":{"rendered":"Aiwatani Lotus Natural piatr\u0103 japonez\u0103 pentru ascu\u021bit"},"content":{"rendered":"<p>Aceasta este o piatr\u0103 de ascu\u021bit natural\u0103 japonez\u0103 de calitate superioar\u0103 extras\u0103 din Mun\u021bii Aiwatani, conceput\u0103 pentru o ascu\u021bire precis\u0103 \u0219i de lung\u0103 durat\u0103. Aceast\u0103 piatr\u0103 autentic\u0103, extras\u0103 din minele tradi\u021bionale japoneze, are o structur\u0103 abraziv\u0103 perfect\u0103 care \u00eei permite s\u0103 men\u021bin\u0103 uniform \u0219i bl\u00e2nd geometria lamei \u0219i s\u0103 ofere o ascu\u021bire impecabil\u0103.<\/p>\n\n\n\n<figure class=\"wp-block-embed is-type-video is-provider-youtube wp-block-embed-youtube wp-embed-aspect-16-9 wp-has-aspect-ratio\"><div class=\"wp-block-embed__wrapper\">\n<div class=\"video-container\"><iframe title=\"Aiwatani Pietre de ascu\u021bit japoneze naturale\" width=\"1170\" height=\"658\" src=\"https:\/\/www.youtube.com\/embed\/7KUe1vRixzw?feature=oembed\" frameborder=\"0\" allow=\"accelerometer; autoplay; clipboard-write; encrypted-media; gyroscope; picture-in-picture; web-share\" referrerpolicy=\"strict-origin-when-cross-origin\" allowfullscreen><\/iframe><\/div>\n<\/div><\/figure>\n\n\n\n<p>\ud83d\udd39 <strong>Me\u0219te\u0219ugul natural japonez\u0103<\/strong> \u2013 o piatr\u0103 autentic\u0103 pentru profesioni\u0219ti \u0219i entuzia\u0219ti.<br>\ud83d\udd39 <strong>Textura grozav\u0103<\/strong> \u2013 asigur\u0103 o ascu\u021bire extrem de bl\u00e2nd\u0103 \u0219i eficient\u0103 f\u0103r\u0103 \u00eendep\u0103rtarea inutil\u0103 a metalului.<br>\ud83d\udd39 <strong>Durabilitate<\/strong> \u2013 se poarta incet si ramane eficient multi ani.<br>\ud83d\udd39 <strong>Utilizare versatil\u0103<\/strong> \u2013 potrivit at\u00e2t pentru cu\u021bite, c\u00e2t \u0219i pentru t\u00e2mpl\u0103rie mic\u0103 sau alte unelte.<\/p>\n\n\n\n<p>Cu piatra de ascu\u021bit Aiwatani ve\u021bi ob\u021bine de fiecare dat\u0103 o claritate japonez\u0103 adev\u0103rat\u0103 \u0219i rezultate profesionale!<\/p>","protected":false},"excerpt":{"rendered":"<ul class=\"wp-block-list\">\n<li>Potrivit pentru cu\u021bite de finisare, foarfece, t\u00e2mpl\u0103rie \u0219i alte unelte.<\/li>\n<li>Dimensiuni aprox.: 210x74x85 mm<\/li>\n<li>Greutate: 3160 g<\/li>\n<li>Duritate: Lv 4.5<\/li>\n<li>Viteza medie de func\u021bionare. Accelera\u021bia poate fi ob\u021binut\u0103 cu o suspensie cu cuie sau cu o plac\u0103 diamantat\u0103 brut\u0103.<\/li>\n<li>Liniile \u0219i semnele de \u0219ters nu interfereaz\u0103 cu ascu\u021birea.<\/li>\n<li>V\u0103 recomand\u0103m s\u0103 lucra\u021bi cu ap\u0103 cald\u0103, deoarece apa rece reduce viteza \u0219i r\u0103spunsul.<\/li>\n<\/ul>","protected":false},"featured_media":4083,"comment_status":"open","ping_status":"closed","template":"","meta":[],"product_brand":[],"product_cat":[22],"product_tag":[65,277],"class_list":{"0":"post-4079","1":"product","2":"type-product","3":"status-publish","4":"has-post-thumbnail","6":"product_cat-jnats","7":"product_tag-aiwatani","8":"product_tag-lotus","9":"product_shipping_class-iprastas","11":"first","12":"instock","13":"sale","14":"shipping-taxable","15":"purchasable","16":"product-type-simple"},"_links":{"self":[{"href":"https:\/\/jnats.eu\/ro\/wp-json\/wp\/v2\/product\/4079","targetHints":{"allow":["GET"]}}],"collection":[{"href":"https:\/\/jnats.eu\/ro\/wp-json\/wp\/v2\/product"}],"about":[{"href":"https:\/\/jnats.eu\/ro\/wp-json\/wp\/v2\/types\/product"}],"replies":[{"embeddable":true,"href":"https:\/\/jnats.eu\/ro\/wp-json\/wp\/v2\/comments?post=4079"}],"wp:featuredmedia":[{"embeddable":true,"href":"https:\/\/jnats.eu\/ro\/wp-json\/wp\/v2\/media\/4083"}],"wp:attachment":[{"href":"https:\/\/jnats.eu\/ro\/wp-json\/wp\/v2\/media?parent=4079"}],"wp:term":[{"taxonomy":"product_brand","embeddable":true,"href":"https:\/\/jnats.eu\/ro\/wp-json\/wp\/v2\/product_brand?post=4079"},{"taxonomy":"product_cat","embeddable":true,"href":"https:\/\/jnats.eu\/ro\/wp-json\/wp\/v2\/product_cat?post=4079"},{"taxonomy":"product_tag","embeddable":true,"href":"https:\/\/jnats.eu\/ro\/wp-json\/wp\/v2\/product_tag?post=4079"}],"curies":[{"name":"wp","href":"https:\/\/api.w.org\/{rel}","templated":true}]}}