{"id":408,"date":"2024-03-04T14:56:03","date_gmt":"2024-03-04T12:56:03","guid":{"rendered":"http:\/\/jnats.eu\/?post_type=product&#038;p=408"},"modified":"2025-07-07T22:37:22","modified_gmt":"2025-07-07T19:37:22","slug":"shobudani-8-layer-daigoku-quality-finishing-natural-whetstone","status":"publish","type":"product","link":"https:\/\/jnats.eu\/ro\/product-2\/shobudani-8-layer-daigoku-quality-finishing-natural-whetstone\/","title":{"rendered":"Shobudani 8 straturi, piatr\u0103 de \u0219lefuit natural\u0103 de calitate Daigoku"},"content":{"rendered":"<p>Dimensiuni 20,7 x 7,8 x 3,2 cm<br>Greutate 1 250 g<\/p>\n\n\n\n<p>Aceast\u0103 piatr\u0103 are o despic\u0103tur\u0103 cimentat\u0103, dar mai este un drum lung de parcurs. \u00cen plus, chiar \u0219i atunci c\u00e2nd este atins, col\u021bul deteriorat poate fi \u00eendep\u0103rtat pentru a evita interferen\u021bele cu ascu\u021birea. Dac\u0103 performan\u021ba ar fi sub medie, col\u021bul ar putea fi aruncat, dar<br>deoarece are opt straturi, poate fi folosit. Excavarea acestui strat de piatr\u0103 a fost finalizat\u0103 \u00een urm\u0103 cu aproximativ 200 de ani, dar este cu siguran\u021b\u0103 acolo.<\/p>\n\n\n\n<p>Piatra de \u0219lefuit cu opt straturi a fost foarte popular\u0103 pentru \u0219lefuirea s\u0103biilor artistice \u00een perioada Edo. Motivul pare s\u0103 fie acela c\u0103 \u0219lefuirea fin\u0103 are mai pu\u021bine imperfec\u021biuni, iar \u0219lefuirea se poate face prin reglaje fine. \u00cen epoca Taihei, s\u0103biile nu erau doar instrumente de crim\u0103, ci se impuseser\u0103 deja ca opere de art\u0103.<\/p>\n\n\n\n<p> Chiar \u0219i acum, c\u00e2nd vizitez ascu\u021bitori de s\u0103bii care au ie\u0219it din afaceri, dau uneori peste diferite pietre de \u0219lefuit cu opt straturi. Printre acestea, Nakayama cu 8 straturi este v\u00e2ndut\u0103 la pre\u021buri foarte mari.<\/p>\n\n\n\n<p>Propriet\u0103\u021bile de mai sus \u00eel fac ideal pentru ajustarea suprafe\u021bei cu\u021bitelor, a d\u0103l\u021bilor de finisare \u0219i a pl\u0103cilor.<br>Oric\u00e2t de mult nu mi-a\u0219 dori, cred c\u0103 pot spune c\u0103 \u0219ansele de a \u00eent\u00e2lni pietre cu opt straturi \u00een viitor sunt aproape nule.<br>Calitate garantat\u0103.<\/p>","protected":false},"excerpt":{"rendered":"<ul>\n<li><strong>Dimensiuni: 207 x 78 x 32 mm<\/strong><\/li>\n<li><strong>Greutate: 1 250 g<\/strong><\/li>\n<li>Perfect pentru un finisaj kasumi<\/li>\n<\/ul>","protected":false},"featured_media":414,"comment_status":"open","ping_status":"closed","template":"","meta":[],"product_brand":[],"product_cat":[22],"product_tag":[93,94,71,90,92,44],"class_list":{"0":"post-408","1":"product","2":"type-product","3":"status-publish","4":"has-post-thumbnail","6":"product_cat-jnats","7":"product_tag-8-layer","8":"product_tag-daigoku","9":"product_tag-finishing","10":"product_tag-natural-whetstone","11":"product_tag-quality","12":"product_tag-shobudani","13":"product_shipping_class-iprastas","15":"first","16":"outofstock","17":"shipping-taxable","18":"purchasable","19":"product-type-simple"},"_links":{"self":[{"href":"https:\/\/jnats.eu\/ro\/wp-json\/wp\/v2\/product\/408","targetHints":{"allow":["GET"]}}],"collection":[{"href":"https:\/\/jnats.eu\/ro\/wp-json\/wp\/v2\/product"}],"about":[{"href":"https:\/\/jnats.eu\/ro\/wp-json\/wp\/v2\/types\/product"}],"replies":[{"embeddable":true,"href":"https:\/\/jnats.eu\/ro\/wp-json\/wp\/v2\/comments?post=408"}],"wp:featuredmedia":[{"embeddable":true,"href":"https:\/\/jnats.eu\/ro\/wp-json\/wp\/v2\/media\/414"}],"wp:attachment":[{"href":"https:\/\/jnats.eu\/ro\/wp-json\/wp\/v2\/media?parent=408"}],"wp:term":[{"taxonomy":"product_brand","embeddable":true,"href":"https:\/\/jnats.eu\/ro\/wp-json\/wp\/v2\/product_brand?post=408"},{"taxonomy":"product_cat","embeddable":true,"href":"https:\/\/jnats.eu\/ro\/wp-json\/wp\/v2\/product_cat?post=408"},{"taxonomy":"product_tag","embeddable":true,"href":"https:\/\/jnats.eu\/ro\/wp-json\/wp\/v2\/product_tag?post=408"}],"curies":[{"name":"wp","href":"https:\/\/api.w.org\/{rel}","templated":true}]}}