{"id":4104,"date":"2025-03-18T11:49:21","date_gmt":"2025-03-18T09:49:21","guid":{"rendered":"https:\/\/jnats.eu\/?post_type=product&#038;p=4104"},"modified":"2025-06-06T08:20:38","modified_gmt":"2025-06-06T05:20:38","slug":"nenaudoti-vintaziniai-japoniski-skustuvai-hayashi","status":"publish","type":"product","link":"https:\/\/jnats.eu\/ro\/product-2\/nenaudoti-vintaziniai-japoniski-skustuvai-hayashi\/","title":{"rendered":"Aparate de ras japoneze Hayashi de epoc\u0103 neutilizate"},"content":{"rendered":"<p>Brici japonezi de epoc\u0103 nefolosit Hayashi pentru uz de frizer Prima calitate 888 Extra Steel H. Diamond Best Hollow Ground<\/p>\n\n\n\n<figure class=\"wp-block-embed is-type-video is-provider-youtube wp-block-embed-youtube wp-embed-aspect-16-9 wp-has-aspect-ratio\"><div class=\"wp-block-embed__wrapper\">\n<div class=\"video-container\"><iframe title=\"Aparate de ras japoneze Hayashi de epoc\u0103 neutilizate\" width=\"1170\" height=\"658\" src=\"https:\/\/www.youtube.com\/embed\/Wkn7XDpylsA?feature=oembed\" frameborder=\"0\" allow=\"accelerometer; autoplay; clipboard-write; encrypted-media; gyroscope; picture-in-picture; web-share\" referrerpolicy=\"strict-origin-when-cross-origin\" allowfullscreen><\/iframe><\/div>\n<\/div><\/figure>","protected":false},"excerpt":{"rendered":"<ul>\n<li>Hayashi pentru frizer de prima calitate 888 Extra Steel H. Diamond Best Hollow Ground<\/li>\n<li>M\u00e2ner din polimer<\/li>\n<li>Cutie de h\u00e2rtie<\/li>\n<li>Greutate - 50 g<\/li>\n<li>Dimensiunile lamei \u2013 75x20x6 mm<\/li>\n<li>Briciurile nu au fost folosite, dar datorit\u0103 depozit\u0103rii \u00eendelungate au zg\u00e2rieturi minore, iar v\u00e2rfurile sunt u\u0219or corodate. Rugina a fost \u00eendep\u0103rtat\u0103 cu o perie de bronz \u0219i lustruit\u0103 cu past\u0103 de diamant 3\/2.<\/li>\n<\/ul>","protected":false},"featured_media":4107,"comment_status":"open","ping_status":"closed","template":"","meta":[],"product_brand":[],"product_cat":[23],"product_tag":[324],"class_list":{"0":"post-4104","1":"product","2":"type-product","3":"status-publish","4":"has-post-thumbnail","6":"product_cat-razors","7":"product_tag-hayashi","8":"product_shipping_class-light","10":"first","11":"outofstock","12":"shipping-taxable","13":"product-type-variable"},"_links":{"self":[{"href":"https:\/\/jnats.eu\/ro\/wp-json\/wp\/v2\/product\/4104","targetHints":{"allow":["GET"]}}],"collection":[{"href":"https:\/\/jnats.eu\/ro\/wp-json\/wp\/v2\/product"}],"about":[{"href":"https:\/\/jnats.eu\/ro\/wp-json\/wp\/v2\/types\/product"}],"replies":[{"embeddable":true,"href":"https:\/\/jnats.eu\/ro\/wp-json\/wp\/v2\/comments?post=4104"}],"wp:featuredmedia":[{"embeddable":true,"href":"https:\/\/jnats.eu\/ro\/wp-json\/wp\/v2\/media\/4107"}],"wp:attachment":[{"href":"https:\/\/jnats.eu\/ro\/wp-json\/wp\/v2\/media?parent=4104"}],"wp:term":[{"taxonomy":"product_brand","embeddable":true,"href":"https:\/\/jnats.eu\/ro\/wp-json\/wp\/v2\/product_brand?post=4104"},{"taxonomy":"product_cat","embeddable":true,"href":"https:\/\/jnats.eu\/ro\/wp-json\/wp\/v2\/product_cat?post=4104"},{"taxonomy":"product_tag","embeddable":true,"href":"https:\/\/jnats.eu\/ro\/wp-json\/wp\/v2\/product_tag?post=4104"}],"curies":[{"name":"wp","href":"https:\/\/api.w.org\/{rel}","templated":true}]}}