{"id":4135,"date":"2025-03-19T13:51:34","date_gmt":"2025-03-19T11:51:34","guid":{"rendered":"https:\/\/jnats.eu\/?post_type=product&#038;p=4135"},"modified":"2025-11-03T23:53:03","modified_gmt":"2025-11-03T21:53:03","slug":"nisshoyama-suita-naturalus-japoniskas-akmuo-galandinimui-ir-kasumi-finisui","status":"publish","type":"product","link":"https:\/\/jnats.eu\/ro\/product-2\/nisshoyama-suita-naturalus-japoniskas-akmuo-galandinimui-ir-kasumi-finisui\/","title":{"rendered":"Nisshoyama Suita Piatr\u0103 natural\u0103 japonez\u0103 pentru ascu\u021bire \u0219i finisare Kasumi"},"content":{"rendered":"<p>Suita este un tip de piatr\u0103 de ascu\u021bit japonez\u0103 natural\u0103, extras\u0103 din anumite straturi geologice din Japonia. Aceste pietre au o structur\u0103 poroas\u0103 \u0219i au adesea mici cavit\u0103\u021bi numite \u201esu\u201d. Datorita acestei structuri, pietrele Suita isi elibereaza rapid suspensia, ceea ce ajuta la ascutirea lamei eficient si uniform. Sunt apreciate \u00een special pentru capacitatea lor de a oferi lamelor un finisaj de \u00eenalt\u0103 calitate \u0219i ascu\u021bire de lung\u0103 durat\u0103, precum \u0219i un contrast izbitor \u00eentre o\u021belul dur \u0219i cel mai moale (finisajul Kasumi).<\/p>\n\n\n\n<figure class=\"wp-block-embed is-type-video is-provider-youtube wp-block-embed-youtube wp-embed-aspect-16-9 wp-has-aspect-ratio\"><div class=\"wp-block-embed__wrapper\">\n<div class=\"video-container\"><iframe title=\"Hapstone T2 vs Jnats: Nisshoyama Suita, Ozuku, Ohira, Karasu, Tomae\" width=\"1170\" height=\"658\" src=\"https:\/\/www.youtube.com\/embed\/HXBtpEUmp3Q?feature=oembed\" frameborder=\"0\" allow=\"accelerometer; autoplay; clipboard-write; encrypted-media; gyroscope; picture-in-picture; web-share\" referrerpolicy=\"strict-origin-when-cross-origin\" allowfullscreen><\/iframe><\/div>\n<\/div><\/figure>","protected":false},"excerpt":{"rendered":"<ul class=\"wp-block-list\">\n<li>Potrivit pentru finisarea cu\u021bitelor, foarfecelor, t\u00e2mpl\u0103rie \u0219i alte unelte, precum \u0219i pentru finisarea cu dalt\u0103.<\/li>\n<li>Dimensiuni aprox.: 165x105x37 mm<\/li>\n<li>Greutate: 1450 g<\/li>\n<li>Duritate: Lv 3,7<\/li>\n<li>Linii sigure<\/li>\n<li>V\u0103 recomand\u0103m s\u0103 folosi\u021bi ap\u0103 cald\u0103 pentru ascu\u021bire atunci c\u00e2nd lucra\u021bi cu pietre, deoarece apa rece afecteaz\u0103 viteza \u0219i r\u0103spunsul de \u0219lefuire.<\/li>\n<\/ul>","protected":false},"featured_media":4136,"comment_status":"open","ping_status":"closed","template":"","meta":[],"product_brand":[],"product_cat":[22],"product_tag":[179,50],"class_list":{"0":"post-4135","1":"product","2":"type-product","3":"status-publish","4":"has-post-thumbnail","6":"product_cat-jnats","7":"product_tag-nisshoyama","8":"product_tag-suita","9":"product_shipping_class-iprastas","11":"first","12":"outofstock","13":"shipping-taxable","14":"purchasable","15":"product-type-simple"},"_links":{"self":[{"href":"https:\/\/jnats.eu\/ro\/wp-json\/wp\/v2\/product\/4135","targetHints":{"allow":["GET"]}}],"collection":[{"href":"https:\/\/jnats.eu\/ro\/wp-json\/wp\/v2\/product"}],"about":[{"href":"https:\/\/jnats.eu\/ro\/wp-json\/wp\/v2\/types\/product"}],"replies":[{"embeddable":true,"href":"https:\/\/jnats.eu\/ro\/wp-json\/wp\/v2\/comments?post=4135"}],"wp:featuredmedia":[{"embeddable":true,"href":"https:\/\/jnats.eu\/ro\/wp-json\/wp\/v2\/media\/4136"}],"wp:attachment":[{"href":"https:\/\/jnats.eu\/ro\/wp-json\/wp\/v2\/media?parent=4135"}],"wp:term":[{"taxonomy":"product_brand","embeddable":true,"href":"https:\/\/jnats.eu\/ro\/wp-json\/wp\/v2\/product_brand?post=4135"},{"taxonomy":"product_cat","embeddable":true,"href":"https:\/\/jnats.eu\/ro\/wp-json\/wp\/v2\/product_cat?post=4135"},{"taxonomy":"product_tag","embeddable":true,"href":"https:\/\/jnats.eu\/ro\/wp-json\/wp\/v2\/product_tag?post=4135"}],"curies":[{"name":"wp","href":"https:\/\/api.w.org\/{rel}","templated":true}]}}