{"id":415,"date":"2024-03-04T15:10:19","date_gmt":"2024-03-04T13:10:19","guid":{"rendered":"http:\/\/jnats.eu\/?post_type=product&#038;p=415"},"modified":"2025-09-29T16:19:30","modified_gmt":"2025-09-29T13:19:30","slug":"otaniyama-hondo-daigokujo-finishing-natural-whetstone","status":"publish","type":"product","link":"https:\/\/jnats.eu\/ro\/product-2\/otaniyama-hondo-daigokujo-finishing-natural-whetstone\/","title":{"rendered":"Otaniyama Hondo Daigokujo Razor Finishing Natural Whetstone"},"content":{"rendered":"<p>Hondo Daigokujo sunt pietrele de ascu\u021bit de cea mai \u00eenalt\u0103 calitate dintre pietrele Otaniyama. Muntele Otani este situat la aproximativ 10 kilometri nord-vest de centrul Prim\u0103riei Kameoka \u0219i este numele colectiv pentru mul\u021bi mun\u021bi. Acesta este un strat de piatr\u0103 de \u0219lefuit care con\u021bine multe particule abrazive \u0219i pare s\u0103 fi fost extras \u00een timpul erei Showa, deoarece culoarea neagr\u0103 era considerat\u0103 ghinion \u0219i a fost evitat\u0103 \u00een perioada Edo. <\/p>\n\n\n\n<p>Calitatea pietrelor este bun\u0103, dar nu sunt cunoscute pe scar\u0103 larg\u0103 pentru c\u0103 nu li s-a permis s\u0103 se al\u0103ture Asocia\u021biei de Piatr\u0103 Natural\u0103 de la Kyoto, deoarece acestora din urm\u0103 nu le-a pl\u0103cut faptul c\u0103 pe pia\u021b\u0103 se vindeau pietre ieftine, de \u00eenalt\u0103 calitate. Dup\u0103 aceea, un om de afaceri care importa \u0219i vindea \u00een principal uleiuri, tije, pl\u0103ci de \u00eendreptat etc. a observat aceast\u0103 piatr\u0103 de \u0219lefuit \u0219i a v\u00e2ndut-o din u\u0219\u0103 \u00een u\u0219\u0103 frizeriei din toat\u0103 Japonia \u0219i, treptat, s-a r\u0103sp\u00e2ndit. <\/p>\n\n\n\n<p>Aceast\u0103 piatr\u0103 este un amestec de Hondo-mae \u0219i Shiki-tomae, care ofer\u0103 cel mai bun finisaj. Acesta poate fi comparat cu finisajul Nakayama.<\/p>\n\n\n\n<p>La vremea respectiv\u0103, se vindea cam la acela\u0219i pre\u021b cu salariul de \u00eenceput al unui absolvent de facultate, dar fiindc\u0103 este o piatr\u0103 neagr\u0103, nu toat\u0103 lumea crede c\u0103 merit\u0103 at\u00e2t de mult. \u00cen ceea ce prive\u0219te aceast\u0103 piatr\u0103 de aghe\u021bat, este pu\u021bin moale, a\u0219a c\u0103 poate fi folosit\u0103 \u0219i pentru finisarea cu\u021bitelor.<\/p>\n\n\n\n<p>Este suficient de gros, a\u0219a c\u0103 va dura toat\u0103 via\u021ba. Dup\u0103 cum sugereaz\u0103 \u0219i numele, aceasta este o piatr\u0103 de ascu\u021bit universal\u0103 care poate fi folosit\u0103 nu numai pentru cu\u021bite, ci \u0219i pentru ascu\u021birea final\u0103 a bricilor, cu\u021bitelor mici, foarfecelor, avioanelor, dal\u021bilor etc., pentru a finaliza ascu\u021birea. Atractia lui Otaniyama este ca rezultatul este similar cu cel al pietrelor de ascutit de cea mai buna calitate.<\/p>\n\n\n\n<p>Apa rece va afecta \u00een mod semnificativ r\u0103spunsul o\u021belului \u00een timp, deci este mai bine s\u0103 folosi\u021bi ap\u0103 cald\u0103 la aproximativ 42 de grade Celsius atunci c\u00e2nd ascu\u021bi\u021bi.<\/p>\n\n\n\n<figure class=\"wp-block-embed is-type-video is-provider-youtube wp-block-embed-youtube wp-embed-aspect-16-9 wp-has-aspect-ratio\"><div class=\"wp-block-embed__wrapper\">\nhttps:\/\/youtu.be\/6k_XyH2uSsI\n<\/div><\/figure>","protected":false},"excerpt":{"rendered":"<ul>\n<li>Dimensiune aproximativa: 20,6 x 7,8 x 3,5 cm<\/li>\n<li>\u00a0Greutate aprox.: 1450 g<\/li>\n<li>Duritate Lv 4<\/li>\n<li>Ac\u021bioneaz\u0103 rapid \u0219i ofer\u0103 un b\u0103rbierit delicat. P\u0103rul este tuns din lateral dup\u0103 terminarea pe piatr\u0103. Nu este necesar\u0103 pila de unghii sau placa cu diamante.<\/li>\n<li>Una dintre cele mai bune pietre de ras pe care le-am v\u0103zut. Nu este foarte frumoas\u0103, dar func\u021bioneaz\u0103 bine.<\/li>\n<\/ul>","protected":false},"featured_media":420,"comment_status":"open","ping_status":"closed","template":"","meta":[],"product_brand":[],"product_cat":[22],"product_tag":[74,71,95,90,70],"class_list":{"0":"post-415","1":"product","2":"type-product","3":"status-publish","4":"has-post-thumbnail","6":"product_cat-jnats","7":"product_tag-daigokujo","8":"product_tag-finishing","9":"product_tag-hondo","10":"product_tag-natural-whetstone","11":"product_tag-otaniyama","12":"product_shipping_class-iprastas","14":"first","15":"outofstock","16":"sale","17":"shipping-taxable","18":"purchasable","19":"product-type-simple"},"_links":{"self":[{"href":"https:\/\/jnats.eu\/ro\/wp-json\/wp\/v2\/product\/415","targetHints":{"allow":["GET"]}}],"collection":[{"href":"https:\/\/jnats.eu\/ro\/wp-json\/wp\/v2\/product"}],"about":[{"href":"https:\/\/jnats.eu\/ro\/wp-json\/wp\/v2\/types\/product"}],"replies":[{"embeddable":true,"href":"https:\/\/jnats.eu\/ro\/wp-json\/wp\/v2\/comments?post=415"}],"wp:featuredmedia":[{"embeddable":true,"href":"https:\/\/jnats.eu\/ro\/wp-json\/wp\/v2\/media\/420"}],"wp:attachment":[{"href":"https:\/\/jnats.eu\/ro\/wp-json\/wp\/v2\/media?parent=415"}],"wp:term":[{"taxonomy":"product_brand","embeddable":true,"href":"https:\/\/jnats.eu\/ro\/wp-json\/wp\/v2\/product_brand?post=415"},{"taxonomy":"product_cat","embeddable":true,"href":"https:\/\/jnats.eu\/ro\/wp-json\/wp\/v2\/product_cat?post=415"},{"taxonomy":"product_tag","embeddable":true,"href":"https:\/\/jnats.eu\/ro\/wp-json\/wp\/v2\/product_tag?post=415"}],"curies":[{"name":"wp","href":"https:\/\/api.w.org\/{rel}","templated":true}]}}