{"id":4216,"date":"2025-03-21T10:45:10","date_gmt":"2025-03-21T08:45:10","guid":{"rendered":"https:\/\/jnats.eu\/?post_type=product&#038;p=4216"},"modified":"2025-11-26T14:32:17","modified_gmt":"2025-11-26T12:32:17","slug":"nos-new-kinmoji-kamisori","status":"publish","type":"product","link":"https:\/\/jnats.eu\/ro\/product-2\/nos-new-kinmoji-kamisori\/","title":{"rendered":"NOS New Kinmoji Camisori"},"content":{"rendered":"<p><strong>Kamisori<\/strong> \u2013 acestea sunt aparate de ras drepte japoneze care difer\u0103 de cele occidentale datorit\u0103 designului lor asimetric al lamei \u0219i m\u00e2nerului mai simplu. Sunt adesea folosite pentru b\u0103rbierit tradi\u021bional japonez \u0219i sunt apreciate pentru precizia lor.<\/p>\n\n\n\n<figure class=\"wp-block-embed is-type-video is-provider-youtube wp-block-embed-youtube wp-embed-aspect-16-9 wp-has-aspect-ratio\"><div class=\"wp-block-embed__wrapper\">\n<div class=\"video-container\"><iframe title=\"NOS New Kinmoji Camisori\" width=\"1170\" height=\"658\" src=\"https:\/\/www.youtube.com\/embed\/KNuzSOG5IiQ?feature=oembed\" frameborder=\"0\" allow=\"accelerometer; autoplay; clipboard-write; encrypted-media; gyroscope; picture-in-picture; web-share\" referrerpolicy=\"strict-origin-when-cross-origin\" allowfullscreen><\/iframe><\/div>\n<\/div><\/figure>\n\n\n\n<p><strong>Kinmoji nou<\/strong> \u2013 este un brand care produce acest tip de aparat de ras. Numele \u00eenseamn\u0103 \u201eNew Golden Script\u201d (\u91d1\u6587\u5b57 - \u201eKinmoji\u201d \u00eenseamn\u0103 \u201elitere de aur\u201d \u00een japonez\u0103). <\/p>\n\n\n\n<p><strong>Lama de otel<\/strong> \u2013 aceste aparate de ras sunt fabricate din o\u021bel carbon de \u00eenalt\u0103 calitate, care este considerat deosebit de potrivit pentru b\u0103rbierit datorit\u0103 clarit\u0103\u021bii \u0219i durabilit\u0103\u021bii sale. Piesele din o\u021bel dur sunt sudate \u00eentr-o linie ondulat\u0103 la un cadru din o\u021bel mai moale.<\/p>","protected":false},"excerpt":{"rendered":"<p><strong>Dimensiunile tuturor Kamisori sunt u\u0219or diferite deoarece sunt realizate manual!<\/strong><\/p>\n<ul>\n<li>Sunt urme de timp \u0219i rugina. V\u0103 rug\u0103m s\u0103 revizui\u021bi cu aten\u021bie fotografiile \u0219i videoclipul.<\/li>\n<li>Nr. 1 folosit si celelalte trei nefolosite.<\/li>\n<li>Lungime total\u0103 aproximativ 150 mm<\/li>\n<li>\u00cen\u0103l\u021bime aproximativ 19 mm (utilizat \u2013 18 mm)<\/li>\n<li>Lungimea muchiei de t\u0103iere aprox. 41 mm<\/li>\n<li>Grosimea lamei este de aproximativ 5 mm.<\/li>\n<li>greutate aproximativ 37 g.<\/li>\n<li>M\u00e2ner din plastic moale<\/li>\n<li><strong>Fabricat \u00een Japonia la mijlocul lunii mai<\/strong><\/li>\n<\/ul>","protected":false},"featured_media":4218,"comment_status":"open","ping_status":"closed","template":"","meta":[],"product_brand":[],"product_cat":[23],"product_tag":[25,327,55],"class_list":{"0":"post-4216","1":"product","2":"type-product","3":"status-publish","4":"has-post-thumbnail","6":"product_cat-razors","7":"product_tag-kamisori","8":"product_tag-new-kinmoji","9":"product_tag-nos","10":"product_shipping_class-light","12":"first","13":"instock","14":"shipping-taxable","15":"product-type-variable"},"_links":{"self":[{"href":"https:\/\/jnats.eu\/ro\/wp-json\/wp\/v2\/product\/4216","targetHints":{"allow":["GET"]}}],"collection":[{"href":"https:\/\/jnats.eu\/ro\/wp-json\/wp\/v2\/product"}],"about":[{"href":"https:\/\/jnats.eu\/ro\/wp-json\/wp\/v2\/types\/product"}],"replies":[{"embeddable":true,"href":"https:\/\/jnats.eu\/ro\/wp-json\/wp\/v2\/comments?post=4216"}],"wp:featuredmedia":[{"embeddable":true,"href":"https:\/\/jnats.eu\/ro\/wp-json\/wp\/v2\/media\/4218"}],"wp:attachment":[{"href":"https:\/\/jnats.eu\/ro\/wp-json\/wp\/v2\/media?parent=4216"}],"wp:term":[{"taxonomy":"product_brand","embeddable":true,"href":"https:\/\/jnats.eu\/ro\/wp-json\/wp\/v2\/product_brand?post=4216"},{"taxonomy":"product_cat","embeddable":true,"href":"https:\/\/jnats.eu\/ro\/wp-json\/wp\/v2\/product_cat?post=4216"},{"taxonomy":"product_tag","embeddable":true,"href":"https:\/\/jnats.eu\/ro\/wp-json\/wp\/v2\/product_tag?post=4216"}],"curies":[{"name":"wp","href":"https:\/\/api.w.org\/{rel}","templated":true}]}}