{"id":422,"date":"2024-03-04T15:16:08","date_gmt":"2024-03-04T13:16:08","guid":{"rendered":"http:\/\/jnats.eu\/?post_type=product&#038;p=422"},"modified":"2024-11-03T18:25:28","modified_gmt":"2024-11-03T16:25:28","slug":"otaniyama-daigokujo-finishing-natural-whetstone","status":"publish","type":"product","link":"https:\/\/jnats.eu\/ro\/product-2\/otaniyama-daigokujo-finishing-natural-whetstone\/","title":{"rendered":"Otaniyama Daigokujo Razor Finishing Natural Whetstone"},"content":{"rendered":"<p>Hondo Daigokujo sunt pietre de ascu\u021bit de cea mai \u00eenalt\u0103 calitate printre Otaniyama. Muntele Otani este situat la aproximativ 10 kilometri nord-vest de centrul prim\u0103riei Kameoka \u0219i este numele comun al mai multor mun\u021bi. Este un strat de piatr\u0103 de \u0219lefuit care con\u021bine multe particule abrazive \u0219i pare s\u0103 fi fost extras \u00een timpul erei Showa, deoarece culoarea neagr\u0103 era considerat\u0103 a aduce ghinion \u0219i era evitat\u0103 \u00een perioada Edo.<\/p>\n\n\n\n<p>Calitatea pietrelor este bun\u0103, dar acestea nu sunt cunoscute pe scar\u0103 larg\u0103, deoarece nu li s-a permis s\u0103 se al\u0103ture Asocia\u021biei pietrelor naturale din Kyoto, deoarece acesteia din urm\u0103 nu \u00eei pl\u0103ceau pietrele ieftine \u0219i de \u00eenalt\u0103 calitate de pe pia\u021b\u0103. Acesta a fost urmat de un antreprenor care \u00een principal<br>a importat \u0219i a v\u00e2ndut lubrifian\u021bi, tije, fiare de c\u0103lcat etc., a reperat aceast\u0103 piatr\u0103 de \u0219lefuit \u0219i<br>au fost v\u00e2ndute din u\u0219\u0103 \u00een u\u0219\u0103 la coaforii din \u00eentreaga Japonie \u0219i s-au r\u0103sp\u00e2ndit treptat.<\/p>\n\n\n\n<p>Aceast\u0103 piatr\u0103 este un amestec de Hondo-mae \u0219i Shiki-tomae, care ofer\u0103 cel mai bun finisaj. Acesta poate fi comparat cu finisajul Nakayama.<\/p>\n\n\n\n<p>La vremea respectiv\u0103, a fost v\u00e2ndut\u0103 pentru aproximativ acela\u0219i pre\u021b ca salariul de \u00eenceput al unui absolvent de universitate, dar deoarece este o piatr\u0103 neagr\u0103, nu toat\u0103 lumea crede c\u0103 valoreaz\u0103 at\u00e2t de mult. \u00cen ceea ce prive\u0219te aceast\u0103 piatr\u0103 de \u0219lefuit, aceasta este u\u0219or moale, astfel \u00eenc\u00e2t poate fi folosit\u0103 \u0219i pentru finisarea cu\u021bitelor. <\/p>\n\n\n\n<p>Piatra este suficient de groas\u0103 pentru a dura o via\u021b\u0103 \u00eentreag\u0103. Dup\u0103 cum sugereaz\u0103 \u0219i numele, este o piatr\u0103 de \u0219lefuit versatil\u0103, care poate fi utilizat\u0103 nu numai pentru cu\u021bite, ci \u0219i pentru finisarea briciurilor, cu\u021bitelor mici, foarfecelor, limelor, daltelor etc. Atrac\u021bia Otaniyama este c\u0103 finisajul este similar cu cel al pietrelor de \u0219lefuit de cea mai \u00eenalt\u0103 calitate.<\/p>\n\n\n\n<p>Apa rece va afecta \u00een mod semnificativ r\u0103spunsul o\u021belului \u00een timp, deci este mai bine s\u0103 folosi\u021bi ap\u0103 cald\u0103 la aproximativ 42 de grade Celsius atunci c\u00e2nd ascu\u021bi\u021bi.<\/p>\n\n\n\n<figure class=\"wp-block-embed is-type-video is-provider-youtube wp-block-embed-youtube wp-embed-aspect-16-9 wp-has-aspect-ratio\"><div class=\"wp-block-embed__wrapper\">\n<div class=\"video-container\"><iframe title=\"Otaniyama Daigokujo - Cea mai bun\u0103 piatr\u0103 natural\u0103 pentru brici\" width=\"1170\" height=\"658\" src=\"https:\/\/www.youtube.com\/embed\/6k_XyH2uSsI?feature=oembed\" frameborder=\"0\" allow=\"accelerometer; autoplay; clipboard-write; encrypted-media; gyroscope; picture-in-picture; web-share\" referrerpolicy=\"strict-origin-when-cross-origin\" allowfullscreen><\/iframe><\/div>\n<\/div><\/figure>","protected":false},"excerpt":{"rendered":"<ul>\n<li>Dimensiuni aproximative: 20,0 x 7,0 x 2,4 cm<\/li>\n<li>\u00a0Greutate aprox: 820 g<\/li>\n<li>Duritate Lv 4<\/li>\n<li>Func\u021bioneaz\u0103 rapid \u0219i ofer\u0103 un b\u0103rbierit delicat. Taie p\u0103rul imediat dup\u0103 finisarea pe piatr\u0103. Nagura sau placa diamantat\u0103 nu sunt necesare.<\/li>\n<li>Una dintre cele mai bune pietre de ras pe care le-am v\u0103zut. Nu este foarte frumoas\u0103, dar func\u021bioneaz\u0103 bine.<\/li>\n<\/ul>","protected":false},"featured_media":1259,"comment_status":"open","ping_status":"closed","template":"","meta":[],"product_brand":[],"product_cat":[22],"product_tag":[74,71,90,70],"class_list":{"0":"post-422","1":"product","2":"type-product","3":"status-publish","4":"has-post-thumbnail","6":"product_cat-jnats","7":"product_tag-daigokujo","8":"product_tag-finishing","9":"product_tag-natural-whetstone","10":"product_tag-otaniyama","11":"product_shipping_class-iprastas","13":"first","14":"outofstock","15":"sale","16":"shipping-taxable","17":"purchasable","18":"product-type-simple"},"_links":{"self":[{"href":"https:\/\/jnats.eu\/ro\/wp-json\/wp\/v2\/product\/422","targetHints":{"allow":["GET"]}}],"collection":[{"href":"https:\/\/jnats.eu\/ro\/wp-json\/wp\/v2\/product"}],"about":[{"href":"https:\/\/jnats.eu\/ro\/wp-json\/wp\/v2\/types\/product"}],"replies":[{"embeddable":true,"href":"https:\/\/jnats.eu\/ro\/wp-json\/wp\/v2\/comments?post=422"}],"wp:featuredmedia":[{"embeddable":true,"href":"https:\/\/jnats.eu\/ro\/wp-json\/wp\/v2\/media\/1259"}],"wp:attachment":[{"href":"https:\/\/jnats.eu\/ro\/wp-json\/wp\/v2\/media?parent=422"}],"wp:term":[{"taxonomy":"product_brand","embeddable":true,"href":"https:\/\/jnats.eu\/ro\/wp-json\/wp\/v2\/product_brand?post=422"},{"taxonomy":"product_cat","embeddable":true,"href":"https:\/\/jnats.eu\/ro\/wp-json\/wp\/v2\/product_cat?post=422"},{"taxonomy":"product_tag","embeddable":true,"href":"https:\/\/jnats.eu\/ro\/wp-json\/wp\/v2\/product_tag?post=422"}],"curies":[{"name":"wp","href":"https:\/\/api.w.org\/{rel}","templated":true}]}}