{"id":4251,"date":"2025-03-26T14:26:20","date_gmt":"2025-03-26T12:26:20","guid":{"rendered":"https:\/\/jnats.eu\/?post_type=product&#038;p=4251"},"modified":"2025-04-11T10:44:17","modified_gmt":"2025-04-11T07:44:17","slug":"ohira-awasedo-2","status":"publish","type":"product","link":"https:\/\/jnats.eu\/ro\/product-2\/ohira-awasedo-2\/","title":{"rendered":"Ohira Awasedo Lv 4"},"content":{"rendered":"<p>Fine\u021bea acestei pietre de ascu\u021bit natural\u0103 de \u00eenalt\u0103 densitate este aproximativ echivalent\u0103 cu num\u0103rul sintetic #8000. Dac\u0103 dori\u021bi s\u0103 accelera\u021bi lucrul, este recomandat s\u0103 folosi\u021bi o plac\u0103 de piatr\u0103 Nagura sau diamant pentru a crea o suspensie \u00eenainte de \u00eenceperea fiec\u0103rei sesiuni de ascu\u021bire \u0219i s\u0103 folosi\u021bi ap\u0103 cald\u0103 ca lubrifiant pentru un feedback mai bun de ascu\u021bire. Ohira poate func\u021biona cu succes f\u0103r\u0103 aceste \u201edansuri de tobe\u201d.<\/p>\n\n\n\n<figure class=\"wp-block-embed is-type-video is-provider-youtube wp-block-embed-youtube wp-embed-aspect-16-9 wp-has-aspect-ratio\"><div class=\"wp-block-embed__wrapper\">\n<div class=\"video-container\"><iframe title=\"Ascu\u021birea Chobomasa kamisori - Ohira, Nakayama Tomae, Kanyama Strop\" width=\"1170\" height=\"658\" src=\"https:\/\/www.youtube.com\/embed\/tbFJJ1lm87I?feature=oembed\" frameborder=\"0\" allow=\"accelerometer; autoplay; clipboard-write; encrypted-media; gyroscope; picture-in-picture; web-share\" referrerpolicy=\"strict-origin-when-cross-origin\" allowfullscreen><\/iframe><\/div>\n<\/div><\/figure>\n\n\n\n<p>Nu este nevoie s\u0103 \u00eenmuia\u021bi pietre de coacere japoneze. Doar stropi\u021bi cu ap\u0103 pe suprafa\u021b\u0103 \u0219i sunte\u021bi gata s\u0103 o utiliza\u021bi. Dup\u0103 ascu\u021bire, cl\u0103ti\u021bi \u0219i l\u0103sa\u021bi s\u0103 se usuce la temperatura camerei. Nu l\u0103sa\u021bi \u00een ap\u0103 mult timp.<\/p>","protected":false},"excerpt":{"rendered":"<ul>\n<li>Potrivit pentru cu\u021bite de finisare, t\u00e2mpl\u0103rie \u0219i alte unelte.<\/li>\n<li>Dimensiuni aprox.: 205x78x33 mm<\/li>\n<li>Greutate: 1060 g<\/li>\n<li>Duritate: Lv 4<\/li>\n<li>Suprafa\u021b\u0103 neted\u0103 \u0219i gata de utilizare<\/li>\n<\/ul>","protected":false},"featured_media":4256,"comment_status":"open","ping_status":"closed","template":"","meta":[],"product_brand":[],"product_cat":[22],"product_tag":[47],"class_list":{"0":"post-4251","1":"product","2":"type-product","3":"status-publish","4":"has-post-thumbnail","6":"product_cat-jnats","7":"product_tag-ohira","8":"product_shipping_class-iprastas","10":"first","11":"instock","12":"shipping-taxable","13":"purchasable","14":"product-type-simple"},"_links":{"self":[{"href":"https:\/\/jnats.eu\/ro\/wp-json\/wp\/v2\/product\/4251","targetHints":{"allow":["GET"]}}],"collection":[{"href":"https:\/\/jnats.eu\/ro\/wp-json\/wp\/v2\/product"}],"about":[{"href":"https:\/\/jnats.eu\/ro\/wp-json\/wp\/v2\/types\/product"}],"replies":[{"embeddable":true,"href":"https:\/\/jnats.eu\/ro\/wp-json\/wp\/v2\/comments?post=4251"}],"wp:featuredmedia":[{"embeddable":true,"href":"https:\/\/jnats.eu\/ro\/wp-json\/wp\/v2\/media\/4256"}],"wp:attachment":[{"href":"https:\/\/jnats.eu\/ro\/wp-json\/wp\/v2\/media?parent=4251"}],"wp:term":[{"taxonomy":"product_brand","embeddable":true,"href":"https:\/\/jnats.eu\/ro\/wp-json\/wp\/v2\/product_brand?post=4251"},{"taxonomy":"product_cat","embeddable":true,"href":"https:\/\/jnats.eu\/ro\/wp-json\/wp\/v2\/product_cat?post=4251"},{"taxonomy":"product_tag","embeddable":true,"href":"https:\/\/jnats.eu\/ro\/wp-json\/wp\/v2\/product_tag?post=4251"}],"curies":[{"name":"wp","href":"https:\/\/api.w.org\/{rel}","templated":true}]}}