{"id":4313,"date":"2025-04-09T11:32:24","date_gmt":"2025-04-09T08:32:24","guid":{"rendered":"https:\/\/jnats.eu\/?post_type=product&#038;p=4313"},"modified":"2025-11-25T09:10:14","modified_gmt":"2025-11-25T07:10:14","slug":"kamisori-henkotsu-hureka-kobayashi-kinsei-ippon-renda","status":"publish","type":"product","link":"https:\/\/jnats.eu\/ro\/product-2\/kamisori-henkotsu-hureka-kobayashi-kinsei-ippon-renda\/","title":{"rendered":"Kamisori Henkotsu, Hureka, Kobayashi Kinsei, Ippon Renda"},"content":{"rendered":"<figure class=\"wp-block-embed is-type-video is-provider-youtube wp-block-embed-youtube wp-embed-aspect-16-9 wp-has-aspect-ratio\"><div class=\"wp-block-embed__wrapper\">\n<div class=\"video-container\"><iframe title=\"Kamisori Henkotsu, Hureka, Kobayashi Kinsei, Ippon Renda\" width=\"1170\" height=\"658\" src=\"https:\/\/www.youtube.com\/embed\/UGGiu8uU1nI?feature=oembed\" frameborder=\"0\" allow=\"accelerometer; autoplay; clipboard-write; encrypted-media; gyroscope; picture-in-picture; web-share\" referrerpolicy=\"strict-origin-when-cross-origin\" allowfullscreen><\/iframe><\/div>\n<\/div><\/figure>\n\n\n\n<p>Similar cu o sabie tradi\u021bional\u0103 de samurai, ace\u0219ti Kamisori au fost forja\u021bi manual din 2 straturi, partea t\u0103ietoare din o\u021bel cu con\u021binut ridicat de carbon \u0219i stratul de sus\u021binere a unuia mai simplu. Stratul de o\u021bel este fragil \u0219i dur, \u00een timp ce carcasa ofer\u0103 flexibilitatea \u0219i rezisten\u021ba la rupere necesare.<\/p>\n\n\n\n<p>Ambele straturi nu sunt rezistente la rugin\u0103, a\u0219a c\u0103 p\u0103stra\u021bi \u00eentotdeauna aparatul de ras uscat dup\u0103 b\u0103rbierit \u0219i proteja\u021bi-l cu un strat sub\u021bire de ulei sau lubrifiant netoxic (de exemplu, Balistol). De ce rugine\u0219te acest cu\u021bit? Cu\u021bitele din inox sunt fabricate dintr-un aliaj care va preveni formarea petelor de coroziune, dar va fi \u0219i mai pu\u021bin dure. O\u021belul cu con\u021binut ridicat de carbon, precum stratul de t\u0103iere al acestui Kamisori, ofer\u0103 o duritate mult mai mare \u0219i va men\u021bine un b\u0103rbierit fin mult mai mult timp \u00eenainte de a fi nevoie s\u0103 fie ascu\u021bit din nou!<\/p>\n\n\n\n<p>Kamisori sunt lame de ras japoneze de \u00eenalt\u0103 calitate, realizate de mae\u0219trii me\u0219te\u0219ugurilor lor. Ace\u0219ti kamisori sunt foarte aprecia\u021bi \u00een comunitatea tradi\u021bional\u0103 japonez\u0103 de b\u0103rbierit din urm\u0103toarele motive:<\/p>\n\n\n\n<hr class=\"wp-block-separator has-alpha-channel-opacity\"\/>\n\n\n\n<h3 class=\"wp-block-heading\"> <strong>Ce este un camisole?<\/strong><\/h3>\n\n\n\n<ul class=\"wp-block-list\">\n<li>Kamisori este o lam\u0103 de ras tradi\u021bional\u0103 japonez\u0103 care difer\u0103 de aparatele de ras occidentale. <em>brici drept<\/em> prin aceea c\u0103 au adesea o pant\u0103 asimetric\u0103 a lamei (o parte este dreapt\u0103, cealalt\u0103 este curb\u0103).<\/li>\n\n\n\n<li>Folosit pentru b\u0103rbierit f\u0103r\u0103 lame \u00eenlocuibile, este o unealt\u0103 solid\u0103 din o\u021bel care necesit\u0103 ascu\u021bire \u0219i \u00eentre\u021binere.<\/li>\n<\/ul>\n\n\n\n<hr class=\"wp-block-separator has-alpha-channel-opacity\"\/>\n\n\n\n<h3 class=\"wp-block-heading\"><strong>Caracteristicile unice ale lui Kamisori:<\/strong><\/h3>\n\n\n\n<ol class=\"wp-block-list\">\n<li><strong>Lucrat manual<\/strong> \u2013 fiecare lam\u0103 este realizat\u0103 manual de un maestru folosind tehnici tradi\u021bionale de fier\u0103rie.<\/li>\n\n\n\n<li><strong>O\u021bel de \u00eenalt\u0103 calitate<\/strong> \u2013 des folosit <em>Shirogami<\/em> (White Paper Steel) sau <em>Aogami<\/em> (Blue Paper Steel) o\u021bel care \u00ee\u0219i p\u0103streaz\u0103 perfect claritatea.<\/li>\n\n\n\n<li><strong>Design asimetric<\/strong> \u2013 tipic pentru camisolele tradi\u021bionale, permite un b\u0103rbierit extrem de precis.<\/li>\n\n\n\n<li><strong>Estetic\u0103<\/strong> \u2013 are adesea detalii gravate artistic (de exemplu, caractere kanji), elegan\u021b\u0103 \u00een stil japonez.<\/li>\n\n\n\n<li><strong>Reputa\u0163ie<\/strong> \u2013 Me\u0219terii japonezi sunt printre cei mai cunoscu\u021bi produc\u0103tori de instrumente de b\u0103rbierit vintage.<\/li>\n<\/ol>\n\n\n\n<p><\/p>\n\n\n\n<p>Henkotsu kamisori este un alt nume foarte apreciat \u00een lumea lamelor de ras tradi\u021bionale japoneze. Acest <strong>de epoc\u0103 (vechi)<\/strong> cu\u021bite kamisori, fabricate \u00een mare parte \u00een secolul al XX-lea. la \u00eenceputul sau \u00een timpul r\u0103zboiului (precum \u0219i \u00een perioada postbelic\u0103), \u0219i au devenit acum obiecte r\u00e2vnite printre colec\u021bionari \u0219i pasiona\u021bii de b\u0103rbierit.<\/p>\n\n\n\n<hr class=\"wp-block-separator has-alpha-channel-opacity\"\/>\n\n\n\n<h3 class=\"wp-block-heading\"><strong>Ce este Henkotsu?<\/strong><\/h3>\n\n\n\n<ul class=\"wp-block-list\">\n<li><strong>&quot;Henkotsu&quot; (os mort)<\/strong> poate \u00eensemna literal \u201e\u00eenc\u0103p\u0103\u021b\u00e2nat\u201d sau \u201eexcentric\u201d, dar \u00een lumea b\u0103rbieritului este <strong>marca de produc\u0103tor (sau de me\u0219ter).<\/strong>, care a fost gravat pe lama kamisori.<\/li>\n\n\n\n<li>Aceste aparate de ras au fost fabricate <strong>Perioada Showa (c. 1926\u20131989)<\/strong>, iar unele chiar mai devreme - <strong>Taish\u014d (1912\u20131926)<\/strong> sau chiar <strong>Meiji (1868\u20131912)<\/strong> perioad\u0103.<\/li>\n\n\n\n<li>Cele mai multe dintre ele au fost produse <strong>\u00cen Osaka sau Tokyo<\/strong>, \u00een raioane celebre de cu\u021bit.<\/li>\n<\/ul>\n\n\n\n<hr class=\"wp-block-separator has-alpha-channel-opacity\"\/>\n\n\n\n<h3 class=\"wp-block-heading\"><strong>Ce face Henkotsu kamisori at\u00e2t de special?<\/strong><\/h3>\n\n\n\n<ol class=\"wp-block-list\">\n<li><strong>Autentic \u0219i vintage<\/strong> \u2013 acestea sunt instrumente de b\u0103rbierit istorice, adesea caracterizate de <em>wabi sabi<\/em> estetic\u0103 (simplitate, antichitate, form\u0103 neideal\u0103).<\/li>\n\n\n\n<li><strong>O\u021bel de \u00eenalt\u0103 calitate<\/strong> \u2013 vechii kamisori au fost forja\u021bi din japoneza tradi\u021bional\u0103 <em>tamahagane<\/em> sau o\u021bel carbon dur.<\/li>\n\n\n\n<li><strong>Forma unica<\/strong> \u2013 un design camisori clasic, minimalist, adesea f\u0103r\u0103 m\u00e2nere, cu imprimare subtil\u0103 de kanji.<\/li>\n\n\n\n<li><strong>Bun\u0103 reputa\u021bie printre colec\u021bionari<\/strong> \u2013 Numele Henkotsu este adesea comparat cu al\u021bi produc\u0103tori celebri de epoc\u0103 precum Iwasaki sau Tanifuji.<\/li>\n\n\n\n<li><strong>Perfect ascu\u021bit<\/strong> \u2013 Cu\u021bitele Henkotsu \u00eentre\u021binute corespunz\u0103tor men\u021bin o t\u0103ietur\u0103 foarte ascu\u021bit\u0103 \u0219i neted\u0103.<\/li>\n<\/ol>","protected":false},"excerpt":{"rendered":"<ol>\n<li>Henkotsu<\/li>\n<li>Henkotsu<\/li>\n<li>Hurrek<\/li>\n<li>Kobayashi Kinsei<\/li>\n<li>Ippon Renda<\/li>\n<li>Ippon Renda<\/li>\n<li>Ippon Renda<\/li>\n<li>Ippon Renda<\/li>\n<li>Ippon Renda<\/li>\n<\/ol>\n<p><!-- wp:paragraph --><\/p>\n<p><strong>Folosi\u021bi \u0219i nu ascu\u021bi\u021bi.<\/strong> Pu\u021bin afectat de coroziune.<\/p>\n<p><!-- \/wp:paragraph --><\/p>\n<p><!-- wp:paragraph --><\/p>\n<p>Dac\u0103 nu vezi nr. \u00eenseamn\u0103 c\u0103 articolul este v\u00e2ndut.<\/p>\n<p><!-- \/wp:paragraph --><\/p>","protected":false},"featured_media":4315,"comment_status":"open","ping_status":"closed","template":"","meta":[],"product_brand":[],"product_cat":[23],"product_tag":[314,328,330,25,329],"class_list":{"0":"post-4313","1":"product","2":"type-product","3":"status-publish","4":"has-post-thumbnail","6":"product_cat-razors","7":"product_tag-henkotsu","8":"product_tag-hureka","9":"product_tag-ippon-renda","10":"product_tag-kamisori","11":"product_tag-kobayashi-kinsei","12":"product_shipping_class-light","14":"first","15":"instock","16":"shipping-taxable","17":"purchasable","18":"product-type-variable"},"_links":{"self":[{"href":"https:\/\/jnats.eu\/ro\/wp-json\/wp\/v2\/product\/4313","targetHints":{"allow":["GET"]}}],"collection":[{"href":"https:\/\/jnats.eu\/ro\/wp-json\/wp\/v2\/product"}],"about":[{"href":"https:\/\/jnats.eu\/ro\/wp-json\/wp\/v2\/types\/product"}],"replies":[{"embeddable":true,"href":"https:\/\/jnats.eu\/ro\/wp-json\/wp\/v2\/comments?post=4313"}],"wp:featuredmedia":[{"embeddable":true,"href":"https:\/\/jnats.eu\/ro\/wp-json\/wp\/v2\/media\/4315"}],"wp:attachment":[{"href":"https:\/\/jnats.eu\/ro\/wp-json\/wp\/v2\/media?parent=4313"}],"wp:term":[{"taxonomy":"product_brand","embeddable":true,"href":"https:\/\/jnats.eu\/ro\/wp-json\/wp\/v2\/product_brand?post=4313"},{"taxonomy":"product_cat","embeddable":true,"href":"https:\/\/jnats.eu\/ro\/wp-json\/wp\/v2\/product_cat?post=4313"},{"taxonomy":"product_tag","embeddable":true,"href":"https:\/\/jnats.eu\/ro\/wp-json\/wp\/v2\/product_tag?post=4313"}],"curies":[{"name":"wp","href":"https:\/\/api.w.org\/{rel}","templated":true}]}}