{"id":4416,"date":"2025-04-17T09:44:20","date_gmt":"2025-04-17T06:44:20","guid":{"rendered":"https:\/\/jnats.eu\/?post_type=product&#038;p=4416"},"modified":"2025-12-16T13:35:50","modified_gmt":"2025-12-16T11:35:50","slug":"nakayama-tomae","status":"publish","type":"product","link":"https:\/\/jnats.eu\/ro\/product-2\/nakayama-tomae\/","title":{"rendered":"Nakayama Tomae"},"content":{"rendered":"<figure class=\"wp-block-embed is-type-video is-provider-youtube wp-block-embed-youtube wp-embed-aspect-16-9 wp-has-aspect-ratio\"><div class=\"wp-block-embed__wrapper\">\n<div class=\"video-container\"><iframe title=\"Nakayama Tomae, Gosa, Maruka, Ohira vs C.V. Heljestrand nr. 133\" width=\"1170\" height=\"658\" src=\"https:\/\/www.youtube.com\/embed\/BxxCe3bcOhE?start=485&#038;feature=oembed\" frameborder=\"0\" allow=\"accelerometer; autoplay; clipboard-write; encrypted-media; gyroscope; picture-in-picture; web-share\" referrerpolicy=\"strict-origin-when-cross-origin\" allowfullscreen><\/iframe><\/div>\n<\/div><\/figure>\n\n\n\n<p>Nakayama Tomae este o piatr\u0103 natural\u0103 japonez\u0103 de ascu\u021bit de \u00eenalt\u0103 calitate din mina Nakayama din partea de est a Japoniei, l\u00e2ng\u0103 Kyoto. Aceste pietre sunt foarte apreciate de cei care ascut cu\u021bite, lame de ras \u0219i alte instrumente ascu\u021bite pentru propriet\u0103\u021bile lor unice \u0219i performan\u021bele lor excelente. Iat\u0103 c\u00e2teva informa\u021bii de baz\u0103 despre Nakayama Tomae:<\/p>\n\n\n\n<h3 class=\"wp-block-heading\">Caracteristici:<\/h3>\n\n\n\n<ol class=\"wp-block-list\">\n<li><strong>Origine \u0219i compozi\u021bie<\/strong>:\n<ul class=\"wp-block-list\">\n<li>Pietrele Nakayama Tomae sunt extrase din mina Nakayama, care este renumit\u0103 pentru pietrele sale awasedo (de ascu\u021bire).<\/li>\n<\/ul>\n<\/li>\n\n\n\n<li>Pietrele sunt foarte dure \u0219i cu granula\u021bie fin\u0103, ceea ce le face ideale pentru lustruirea \u0219i ascu\u021birea final\u0103.<\/li>\n\n\n\n<li><strong>Utilizare<\/strong>:\n<ul class=\"wp-block-list\">\n<li>Pietrele Nakayama Tomae sunt utilizate \u00een principal ca pietre de finisare \u00een procesul de ascu\u021bire, oferind o margine foarte ascu\u021bit\u0103 \u0219i lustruit\u0103 lamei.<\/li>\n\n\n\n<li>Acestea sunt deosebit de populare pentru ascu\u021birea cu\u021bitelor japoneze (de exemplu, Yanagiba, Deba), a briciurilor drepte \u0219i a uneltelor pentru prelucrarea lemnului.<\/li>\n\n\n\n<li>Datorit\u0103 durit\u0103\u021bii \u0219i texturii lor fine, acestea ob\u021bin o suprafa\u021b\u0103 a lamei ca o oglind\u0103, care nu este doar ascu\u021bit\u0103, ci \u0219i pl\u0103cut\u0103 din punct de vedere estetic.<\/li>\n<\/ul>\n<\/li>\n\n\n\n<li><strong>Senza\u021bie de ascu\u021bire<\/strong>:\n<ul class=\"wp-block-list\">\n<li>Pietrele Nakayama sunt cunoscute pentru senza\u021bia pl\u0103cut\u0103 de ascu\u021bire - acestea ofer\u0103 un contact neted, \"m\u0103t\u0103sos\" cu lama \u00een compara\u021bie cu alte pietre naturale.<\/li>\n\n\n\n<li>Suprafa\u021ba lor permite controlul precis al procesului de ascu\u021bire, ceea ce este deosebit de important pentru profesioni\u0219ti.<\/li>\n<\/ul>\n<\/li>\n\n\n\n<li><strong>Rupum<\/strong>:\n<ul class=\"wp-block-list\">\n<li>Pietrele Nakayama Tomae nu au un grad standard de \"granula\u021bie\" (grosime) precum pietrele sintetice, dar sunt \u00een general considerate foarte fine, \u00een jur de 8000-12000+ granula\u021bie.<\/li>\n\n\n\n<li>Acestea sunt adesea utilizate dup\u0103 pietre mai mari (de exemplu, 1000-6000 grit) pentru a finaliza procesul de ascu\u021bire.<\/li>\n<\/ul>\n<\/li>\n<\/ol>\n\n\n\n<h3 class=\"wp-block-heading\">\u00centre\u021binere \u0219i utilizare:<\/h3>\n\n\n\n<ul class=\"wp-block-list\">\n<li><strong>Preg\u0103tirea<\/strong>: Suprafa\u021ba pietrei trebuie umezit\u0103 cu ap\u0103 \u00eenainte de utilizare. Piatra trebuie s\u0103 fie umed\u0103 la ascu\u021bire pentru a permite apei s\u0103 ac\u021bioneze ca un lubrifiant.<\/li>\n\n\n\n<li><strong>Tehnologie<\/strong>: Cu\u021bitul este \u021binut la un unghi de 15-30\u00b0 \u00een timpul ascu\u021birii, cu mi\u0219c\u0103ri diagonale \u00eenainte \u0219i \u00eenapoi pe suprafa\u021ba pietrei. Dup\u0103 utilizare, piatra se cur\u0103\u021b\u0103 cu o perie moale \u0219i se usuc\u0103 \u00eentr-o zon\u0103 ventilat\u0103.<\/li>\n\n\n\n<li><strong>Avertismente<\/strong>: Nu este potrivit\u0103 pentru ascu\u021birea cu\u021bitelor zim\u021bate sau a foarfecelor. Piatra este fragil\u0103 \u0219i trebuie protejat\u0103 de lovituri sau c\u0103deri.<\/li>\n<\/ul>\n\n\n\n<h3 class=\"wp-block-heading\">Aspecte de pia\u021b\u0103:<\/h3>\n\n\n\n<ul class=\"wp-block-list\">\n<li><strong>Raritate<\/strong>: Mina Nakayama este \u00eenchis\u0103, astfel \u00eenc\u00e2t oferta acestor pietre este limitat\u0103, ceea ce le face scumpe \u0219i de dorit pentru colec\u021bionari \u0219i profesioni\u0219ti.<\/li>\n\n\n\n<li><strong>Pre\u0163<\/strong>Pre\u021burile pietrelor Nakayama Tomae pot varia de la c\u00e2teva sute la mii de euro, \u00een func\u021bie de m\u0103rime, calitate \u0219i culoare (de exemplu, Kiita galben\u0103 este foarte scump\u0103).<\/li>\n<\/ul>\n\n\n\n<h3 class=\"wp-block-heading\">De ce este Nakayama Tomae special?<\/h3>\n\n\n\n<ul class=\"wp-block-list\">\n<li>Pietrele Nakayama, \u00een special Tomae, sunt considerate a fi printre cele mai bune pietre naturale de ascu\u021bit din lume datorit\u0103 durit\u0103\u021bii lor, texturii fine \u0219i propriet\u0103\u021bilor minerale unice.<\/li>\n\n\n\n<li>Capacitatea lor de a crea o margine foarte ascu\u021bit\u0103 \u0219i lustruit\u0103 le face indispensabile pentru ascu\u021birea tradi\u021bional\u0103 japonez\u0103, unde estetica, precum \u0219i func\u021bionalitatea sunt importante.<\/li>\n<\/ul>","protected":false},"excerpt":{"rendered":"<ul>\n<li>Potrivit pentru cu\u021bite de finisare, foarfece, t\u00e2mpl\u0103rie \u0219i alte unelte.<\/li>\n<li>Dimensiuni: 210x80x33 mm<\/li>\n<li>Greutate cu suport: 1680 g<\/li>\n<li>Duritate: Lv 4,8<\/li>\n<li>Suprafa\u021ba este neted\u0103 \u0219i gata de utilizare.<\/li>\n<\/ul>","protected":false},"featured_media":4760,"comment_status":"open","ping_status":"closed","template":"","meta":[],"product_brand":[],"product_cat":[22],"product_tag":[49,67],"class_list":{"0":"post-4416","1":"product","2":"type-product","3":"status-publish","4":"has-post-thumbnail","6":"product_cat-jnats","7":"product_tag-nakayama","8":"product_tag-tomae","9":"product_shipping_class-iprastas","11":"first","12":"outofstock","13":"shipping-taxable","14":"purchasable","15":"product-type-simple"},"_links":{"self":[{"href":"https:\/\/jnats.eu\/ro\/wp-json\/wp\/v2\/product\/4416","targetHints":{"allow":["GET"]}}],"collection":[{"href":"https:\/\/jnats.eu\/ro\/wp-json\/wp\/v2\/product"}],"about":[{"href":"https:\/\/jnats.eu\/ro\/wp-json\/wp\/v2\/types\/product"}],"replies":[{"embeddable":true,"href":"https:\/\/jnats.eu\/ro\/wp-json\/wp\/v2\/comments?post=4416"}],"wp:featuredmedia":[{"embeddable":true,"href":"https:\/\/jnats.eu\/ro\/wp-json\/wp\/v2\/media\/4760"}],"wp:attachment":[{"href":"https:\/\/jnats.eu\/ro\/wp-json\/wp\/v2\/media?parent=4416"}],"wp:term":[{"taxonomy":"product_brand","embeddable":true,"href":"https:\/\/jnats.eu\/ro\/wp-json\/wp\/v2\/product_brand?post=4416"},{"taxonomy":"product_cat","embeddable":true,"href":"https:\/\/jnats.eu\/ro\/wp-json\/wp\/v2\/product_cat?post=4416"},{"taxonomy":"product_tag","embeddable":true,"href":"https:\/\/jnats.eu\/ro\/wp-json\/wp\/v2\/product_tag?post=4416"}],"curies":[{"name":"wp","href":"https:\/\/api.w.org\/{rel}","templated":true}]}}