{"id":4422,"date":"2025-04-17T09:52:42","date_gmt":"2025-04-17T06:52:42","guid":{"rendered":"https:\/\/jnats.eu\/?post_type=product&#038;p=4422"},"modified":"2025-06-16T07:11:07","modified_gmt":"2025-06-16T04:11:07","slug":"nakayama-gosa","status":"publish","type":"product","link":"https:\/\/jnats.eu\/ro\/product-2\/nakayama-gosa\/","title":{"rendered":"Nakayama Gosa"},"content":{"rendered":"<figure class=\"wp-block-embed is-type-video is-provider-youtube wp-block-embed-youtube wp-embed-aspect-16-9 wp-has-aspect-ratio\"><div class=\"wp-block-embed__wrapper\">\n<div class=\"video-container\"><iframe title=\"Nakayama Tomae, Gosa, Maruka, Ohira vs C.V. Heljestrand nr. 133\" width=\"1170\" height=\"658\" src=\"https:\/\/www.youtube.com\/embed\/BxxCe3bcOhE?start=826&#038;feature=oembed\" frameborder=\"0\" allow=\"accelerometer; autoplay; clipboard-write; encrypted-media; gyroscope; picture-in-picture; web-share\" referrerpolicy=\"strict-origin-when-cross-origin\" allowfullscreen><\/iframe><\/div>\n<\/div><\/figure>\n\n\n\n<p>Nakayama Gosa este o piatr\u0103 de ascu\u021bit natural\u0103 japonez\u0103 extras\u0103 din faimoasa min\u0103 Nakayama de l\u00e2ng\u0103 Kyoto, Japonia. Aceste pietre fac parte din categoria \"awasedo\", adic\u0103 pietre de finisare, \u0219i sunt foarte apreciate de pasiona\u021bii de ascu\u021bit cu\u021bite, lame \u0219i unelte pentru propriet\u0103\u021bile lor excep\u021bionale. Cu toate acestea, Gosa este un tip specific de piatr\u0103 Nakayama care difer\u0103 de altele, cum ar fi Tomae, prin compozi\u021bia mineral\u0103 \u0219i caracteristicile de ascu\u021bire.<\/p>\n\n\n\n<h3 class=\"wp-block-heading\">Informa\u021bii de baz\u0103 despre Nakayama Gosa:<\/h3>\n\n\n\n<ol class=\"wp-block-list\">\n<li><strong>Origine \u0219i compozi\u021bie<\/strong>:\n<ul class=\"wp-block-list\">\n<li>Pietrele Nakayama Gosa sunt extrase din mina Nakayama, care este acum \u00eenchis\u0103, ceea ce face ca aceste pietre s\u0103 fie rare \u0219i pre\u021bioase.<\/li>\n\n\n\n<li>\"Pietrele Gosa au adesea o nuan\u021b\u0103 ro\u0219iatic\u0103, cenu\u0219ie sau g\u0103lbuie, uneori cu modele unice numite \"Iromono\". Culoarea \u0219i textura lor depind de compozi\u021bia unor minerale precum cuar\u021bul \u0219i argila.<\/li>\n\n\n\n<li>Gossas sunt foarte asem\u0103n\u0103toare cu Nakayama Tomae sau, de asemenea, cu granula\u021bie foarte fin\u0103, ideale pentru lustruirea final\u0103.<\/li>\n<\/ul>\n<\/li>\n\n\n\n<li><strong>Utilizare<\/strong>:\n<ul class=\"wp-block-list\">\n<li>Pietrele Nakayama Gosa sunt utilizate ca pietre de finisare, oferind lamei o muchie foarte ascu\u021bit\u0103 \u0219i asem\u0103n\u0103toare unei oglinzi. Sunt adesea alese pentru ascu\u021birea cu\u021bitelor japoneze (de exemplu, Santoku, Gyuto), a briciurilor drepte sau a uneltelor pentru prelucrarea lemnului.<\/li>\n\n\n\n<li>Acestea sunt potrivite \u00een special pentru cei care doresc o senza\u021bie de ascu\u021bire echilibrat\u0103 - nu prea dur\u0103, dar suficient de eficient\u0103 pentru modelarea marginii.<\/li>\n<\/ul>\n<\/li>\n\n\n\n<li><strong>Senza\u021bie de ascu\u021bire<\/strong>:\n<ul class=\"wp-block-list\">\n<li>Pietrele Nakayama Gosa sunt cunoscute pentru senza\u021bia lor de ascu\u021bire \"cremoas\u0103\" sau \"moale\", care este mai pl\u0103cut\u0103 dec\u00e2t multe pietre dure.<\/li>\n\n\n\n<li>Acestea permit controlul precis al procesului de ascu\u021bire, iar suprafa\u021ba lor se adapteaz\u0103 rapid la lam\u0103, asigur\u00e2nd un contact perfect.<\/li>\n<\/ul>\n<\/li>\n\n\n\n<li><strong>Rupum<\/strong>:\n<ul class=\"wp-block-list\">\n<li>De\u0219i pietrele naturale nu au acela\u0219i grad precis de \"granula\u021bie\" ca pietrele sintetice, Nakayama Gosa este \u00een general considerat a fi \u00een intervalul 8000-10.000+ granula\u021bie, \u00een func\u021bie de fine\u021bea pietrei.<\/li>\n\n\n\n<li>Acestea sunt adesea utilizate dup\u0103 pietre cu granula\u021bie medie (de exemplu, granula\u021bie 4000-6000) pentru a finaliza procesul de ascu\u021bire \u0219i a ob\u021bine o muchie foarte ascu\u021bit\u0103.<\/li>\n<\/ul>\n<\/li>\n<\/ol>\n\n\n\n<h3 class=\"wp-block-heading\">De ce este Nakayama Gosa special?<\/h3>\n\n\n\n<p>Pietrele Nakayama Gosa sunt apreciate pentru echilibrul lor \u00eentre moliciune \u0219i fine\u021be, permi\u021b\u00e2nd un rezultat profesional de ascu\u021bire cu un proces pl\u0103cut. Raritatea lor \u0219i propriet\u0103\u021bile minerale unice le fac r\u00e2vnite de iubitorii tradi\u021biei japoneze de ascu\u021bire.<\/p>","protected":false},"excerpt":{"rendered":"<div class=\"woocommerce-product-details__short-description\">\n<ul>\n<li>Ideal pentru finisarea briciurilor, cu\u021bitelor, foarfecelor, t\u00e2mpl\u0103riei \u0219i a altor unelte.<\/li>\n<li>Dimensiuni: 208x76x27 mm<\/li>\n<li>Greutate: 1120 g<\/li>\n<li>Duritate: Lv 5<\/li>\n<li>Suprafa\u021ba este neted\u0103 \u0219i gata de utilizare.<\/li>\n<\/ul>\n<\/div>","protected":false},"featured_media":4762,"comment_status":"open","ping_status":"closed","template":"","meta":[],"product_brand":[],"product_cat":[22],"product_tag":[335,49],"class_list":{"0":"post-4422","1":"product","2":"type-product","3":"status-publish","4":"has-post-thumbnail","6":"product_cat-jnats","7":"product_tag-gosa","8":"product_tag-nakayama","9":"product_shipping_class-iprastas","11":"first","12":"instock","13":"shipping-taxable","14":"purchasable","15":"product-type-simple"},"_links":{"self":[{"href":"https:\/\/jnats.eu\/ro\/wp-json\/wp\/v2\/product\/4422","targetHints":{"allow":["GET"]}}],"collection":[{"href":"https:\/\/jnats.eu\/ro\/wp-json\/wp\/v2\/product"}],"about":[{"href":"https:\/\/jnats.eu\/ro\/wp-json\/wp\/v2\/types\/product"}],"replies":[{"embeddable":true,"href":"https:\/\/jnats.eu\/ro\/wp-json\/wp\/v2\/comments?post=4422"}],"wp:featuredmedia":[{"embeddable":true,"href":"https:\/\/jnats.eu\/ro\/wp-json\/wp\/v2\/media\/4762"}],"wp:attachment":[{"href":"https:\/\/jnats.eu\/ro\/wp-json\/wp\/v2\/media?parent=4422"}],"wp:term":[{"taxonomy":"product_brand","embeddable":true,"href":"https:\/\/jnats.eu\/ro\/wp-json\/wp\/v2\/product_brand?post=4422"},{"taxonomy":"product_cat","embeddable":true,"href":"https:\/\/jnats.eu\/ro\/wp-json\/wp\/v2\/product_cat?post=4422"},{"taxonomy":"product_tag","embeddable":true,"href":"https:\/\/jnats.eu\/ro\/wp-json\/wp\/v2\/product_tag?post=4422"}],"curies":[{"name":"wp","href":"https:\/\/api.w.org\/{rel}","templated":true}]}}