{"id":4436,"date":"2025-04-17T10:08:55","date_gmt":"2025-04-17T07:08:55","guid":{"rendered":"https:\/\/jnats.eu\/?post_type=product&#038;p=4436"},"modified":"2025-06-13T12:43:54","modified_gmt":"2025-06-13T09:43:54","slug":"ohira-tomae","status":"publish","type":"product","link":"https:\/\/jnats.eu\/ro\/product-2\/ohira-tomae\/","title":{"rendered":"Ohira Tomae"},"content":{"rendered":"<figure class=\"wp-block-embed is-type-video is-provider-youtube wp-block-embed-youtube wp-embed-aspect-16-9 wp-has-aspect-ratio\"><div class=\"wp-block-embed__wrapper\">\n<div class=\"video-container\"><iframe title=\"Nakayama Tomae, Gosa, Maruka, Ohira vs C.V. Heljestrand nr. 133\" width=\"1170\" height=\"658\" src=\"https:\/\/www.youtube.com\/embed\/BxxCe3bcOhE?start=276&#038;feature=oembed\" frameborder=\"0\" allow=\"accelerometer; autoplay; clipboard-write; encrypted-media; gyroscope; picture-in-picture; web-share\" referrerpolicy=\"strict-origin-when-cross-origin\" allowfullscreen><\/iframe><\/div>\n<\/div><\/figure>\n\n\n\n<p>Ohira Tomae este unul dintre cele mai renumite \u0219i apreciate tipuri de pietre naturale japoneze de ascu\u021bit de pe Muntele Ohira (\u5927\u5e73\u5c71) din Kyoto. <\/p>\n\n\n\n<h3 class=\"wp-block-heading\"><strong>Caracteristici generale<\/strong><\/h3>\n\n\n\n<ul class=\"wp-block-list\">\n<li><strong>Tip:<\/strong> Piatr\u0103 natural\u0103 de finisare.<\/li>\n\n\n\n<li><strong>Rugozitate:<\/strong> \u00cenalt\u0103 - adesea considerat\u0103 a fi foarte aproape sau chiar peste granula\u021bia sintetic\u0103 8000+, de\u0219i pietrele naturale nu au o granula\u021bie standardizat\u0103.<\/li>\n\n\n\n<li><strong>Utilizare:<\/strong> Se utilizeaz\u0103 pentru lustruirea final\u0103 a lamelor (cu\u021bite, dalt\u0103, s\u0103bii etc.). Este deosebit de apreciat\u0103 pentru capacitatea sa de a ob\u021bine o suprafa\u021b\u0103 asem\u0103n\u0103toare oglinzii \u0219i de a scoate \u00een eviden\u021b\u0103 efectul \"kasumi\" (contrast mat\/oglind\u0103).<\/li>\n\n\n\n<li><strong>Sentiment:<\/strong> Mai ales o senza\u021bie moale, de \"unt\" la \u0219lefuire.<\/li>\n<\/ul>\n\n\n\n<h3 class=\"wp-block-heading\"><strong>Clasificarea lui Tomae<\/strong><\/h3>\n\n\n\n<ul class=\"wp-block-list\">\n<li>\"Tomae\" (\u6238\u524d) se refer\u0103 la un anumit strat sau tip de piatr\u0103 g\u0103sit \u00een unii mun\u021bi, inclusiv Ohira. Este una dintre principalele categorii de pietre naturale de ascu\u021bit, al\u0103turi de Asagi, Kiita, Shiro Suita etc.<\/li>\n\n\n\n<li>Pietrele Tomae de pe Muntele Ohira sunt de obicei considerate <strong>\u00eenalt\u0103 calitate<\/strong>, adesea potrivite at\u00e2t pentru unelte, c\u00e2t \u0219i pentru lucr\u0103ri mai mici.<\/li>\n<\/ul>\n\n\n\n<h3 class=\"wp-block-heading\"><strong>Personalizare<\/strong><\/h3>\n\n\n\n<ul class=\"wp-block-list\">\n<li>Artizanii care lucreaz\u0103 cu unelte sau cu\u021bite tradi\u021bionale japoneze apreciaz\u0103 Ohira Tomae pentru moliciunea, ascu\u021bimea, controlul \u0219i calitatea suprafe\u021bei.<\/li>\n\n\n\n<li>Este deosebit de popular printre cei care caut\u0103 un finisaj \"kasumi\" - un contrast \u00eentre metalul lustruit \u0219i cel mat.<\/li>\n<\/ul>","protected":false},"excerpt":{"rendered":"<div class=\"woocommerce-product-details__short-description\">\n<ul>\n<li>Potrivit pentru finisarea cu\u021bitelor, foarfecelor, t\u00e2mpl\u0103riei \u0219i a altor unelte. Prefinisare pentru aparate de ras.<\/li>\n<li>Dimensiuni: 205x75x30 mm<\/li>\n<li>Greutate: 1190 g<\/li>\n<li>Duritate: Lv 4<\/li>\n<li>Suprafa\u021ba este neted\u0103 \u0219i gata de utilizare.<\/li>\n<\/ul>\n<\/div>","protected":false},"featured_media":4761,"comment_status":"open","ping_status":"closed","template":"","meta":[],"product_brand":[],"product_cat":[22],"product_tag":[47,67],"class_list":{"0":"post-4436","1":"product","2":"type-product","3":"status-publish","4":"has-post-thumbnail","6":"product_cat-jnats","7":"product_tag-ohira","8":"product_tag-tomae","9":"product_shipping_class-iprastas","11":"first","12":"instock","13":"shipping-taxable","14":"purchasable","15":"product-type-simple"},"_links":{"self":[{"href":"https:\/\/jnats.eu\/ro\/wp-json\/wp\/v2\/product\/4436","targetHints":{"allow":["GET"]}}],"collection":[{"href":"https:\/\/jnats.eu\/ro\/wp-json\/wp\/v2\/product"}],"about":[{"href":"https:\/\/jnats.eu\/ro\/wp-json\/wp\/v2\/types\/product"}],"replies":[{"embeddable":true,"href":"https:\/\/jnats.eu\/ro\/wp-json\/wp\/v2\/comments?post=4436"}],"wp:featuredmedia":[{"embeddable":true,"href":"https:\/\/jnats.eu\/ro\/wp-json\/wp\/v2\/media\/4761"}],"wp:attachment":[{"href":"https:\/\/jnats.eu\/ro\/wp-json\/wp\/v2\/media?parent=4436"}],"wp:term":[{"taxonomy":"product_brand","embeddable":true,"href":"https:\/\/jnats.eu\/ro\/wp-json\/wp\/v2\/product_brand?post=4436"},{"taxonomy":"product_cat","embeddable":true,"href":"https:\/\/jnats.eu\/ro\/wp-json\/wp\/v2\/product_cat?post=4436"},{"taxonomy":"product_tag","embeddable":true,"href":"https:\/\/jnats.eu\/ro\/wp-json\/wp\/v2\/product_tag?post=4436"}],"curies":[{"name":"wp","href":"https:\/\/api.w.org\/{rel}","templated":true}]}}