{"id":4509,"date":"2025-04-30T14:47:15","date_gmt":"2025-04-30T11:47:15","guid":{"rendered":"https:\/\/jnats.eu\/?post_type=product&#038;p=4509"},"modified":"2026-02-12T09:28:34","modified_gmt":"2026-02-12T07:28:34","slug":"nakayama-kiita-lv-4","status":"publish","type":"product","link":"https:\/\/jnats.eu\/ro\/product-2\/nakayama-kiita-lv-4\/","title":{"rendered":"Nakayama Kiita Lv 4"},"content":{"rendered":"<figure class=\"wp-block-embed is-type-video is-provider-youtube wp-block-embed-youtube wp-embed-aspect-16-9 wp-has-aspect-ratio\"><div class=\"wp-block-embed__wrapper\">\n<div class=\"video-container\"><iframe title=\"Ascu\u021birea briciului Puma: Aizu, Aiwatani, Nakayama Kiita, Nashiji, Karasu\" width=\"1170\" height=\"658\" src=\"https:\/\/www.youtube.com\/embed\/fu4WmCwVvQU?start=416&#038;feature=oembed\" frameborder=\"0\" allow=\"accelerometer; autoplay; clipboard-write; encrypted-media; gyroscope; picture-in-picture; web-share\" referrerpolicy=\"strict-origin-when-cross-origin\" allowfullscreen><\/iframe><\/div>\n<\/div><\/figure>\n\n\n\n<p>Nakayama Kiita Lv 4 este o piatr\u0103 de ascu\u021bit natural\u0103 japonez\u0103 de \u00eenalt\u0103 calitate (toishi) pentru cu\u021bite, bricege \u0219i unelte. <\/p>\n\n\n\n<ul class=\"wp-block-list\">\n<li><strong>Origine \u0219i calitate<\/strong>: Aceasta este o piatr\u0103 din mina Nakayama, renumit\u0103 pentru calitatea sa excep\u021bional\u0103 \u0219i culoarea galben\u0103 rar\u0103 (kiita), care este foarte apreciat\u0103 \u00een Japonia. Este clasificat\u0103 ca fiind de colec\u021bie pentru raritatea \u0219i estetica sa.<a href=\"https:\/\/www.japanesenaturalstones.com\/nakayama-kiita-lv-4-5-a1225\/\" target=\"_blank\" rel=\"noreferrer noopener\"><\/a><a href=\"https:\/\/www.japanesenaturalstones.com\/nakayama-kiita-lv-4-a1845\/\" target=\"_blank\" rel=\"noreferrer noopener\"><\/a><\/li>\n\n\n\n<li><strong>Duritate \u0219i fine\u021be<\/strong>: Nivelul de duritate este Lv 4, dar fine\u021bea este de aproximativ 8000 Grit, astfel \u00eenc\u00e2t piatra este suficient de fin\u0103 pentru ascu\u021birea final\u0103. Nu este considerat\u0103 nici prea tare, nici prea moale, ceea ce o face u\u0219or de utilizat, \u00een special pentru \u00eencep\u0103tori.<a href=\"https:\/\/www.japanesenaturalstones.com\/nakayama-kiita-lv-4-a1845\/\" target=\"_blank\" rel=\"noreferrer noopener\"><\/a><\/li>\n\n\n\n<li><strong>Utilizare<\/strong>: Ideal pentru ascu\u021birea uneltelor mici sau a cu\u021bitelor mici. Poate fi folosit cu o piatr\u0103 nagura pentru a \u00eembun\u0103t\u0103\u021bi rezultatele ascu\u021birii. Pentru briciuri (kamisori \u0219i occidentale) - prefinisare.<\/li>\n\n\n\n<li><strong>Finisare<\/strong>: Ofer\u0103 un finisaj semi-oglind\u0103 care este estetic \u0219i func\u021bional, asigur\u00e2nd o lam\u0103 extrem de ascu\u021bit\u0103.<a href=\"https:\/\/www.japanesenaturalstones.com\/nakayama-kiita-lv-4-5-a1225\/\" target=\"_blank\" rel=\"noreferrer noopener\"><\/a><a href=\"https:\/\/www.japanesenaturalstones.com\/nakayama-kiita-lv-4-a1845\/\" target=\"_blank\" rel=\"noreferrer noopener\"><\/a><\/li>\n\n\n\n<li><strong>Aspect<\/strong>: O combina\u021bie de gri \u0219i galben, f\u0103r\u0103 linii toxice sau incluziuni, pentru o ascu\u021bire curat\u0103 \u0219i lin\u0103. <\/li>\n\n\n\n<li><strong>Caracteristici speciale<\/strong>R: Piatra este u\u0219or de utilizat, produce o \u00eendep\u0103rtare rapid\u0103 a metalului, iar senza\u021bia de ascu\u021bire este extrem de lin\u0103 \u0219i pl\u0103cut\u0103.<a href=\"https:\/\/www.japanesenaturalstones.com\/nakayama-kiita-lv-4-5-a1225\/\" target=\"_blank\" rel=\"noreferrer noopener\"><\/a><a href=\"https:\/\/www.japanesenaturalstones.com\/nakayama-sunashi-suita-kiita-lv-4-a787\/\" target=\"_blank\" rel=\"noreferrer noopener\"><\/a><\/li>\n<\/ul>\n\n\n\n<p>Piatra este rar\u0103 \u0219i pre\u021buit\u0103 at\u00e2t pentru propriet\u0103\u021bile sale practice de ascu\u021bire, c\u00e2t \u0219i pentru frumuse\u021bea sa \u0219i este adesea considerat\u0103 un obiect de colec\u021bie. <\/p>","protected":false},"excerpt":{"rendered":"<ul>\n<li>Potrivit pentru finisarea cu\u021bitelor, foarfecelor, t\u00e2mpl\u0103riei \u0219i a altor unelte. Prefinisare pentru aparate de ras.<\/li>\n<li>Dimensiuni: 205x75x36 mm<\/li>\n<li>Greutate cu suport: 1280 g<\/li>\n<li>Duritate: Lv 4<\/li>\n<li>O piatr\u0103 rapid\u0103, premium pentru finalizare. Marca Maruka p\u0103strat\u0103, dar estompat\u0103.<\/li>\n<\/ul>","protected":false},"featured_media":4517,"comment_status":"open","ping_status":"closed","template":"","meta":[],"product_brand":[],"product_cat":[22],"product_tag":[141,336,49],"class_list":{"0":"post-4509","1":"product","2":"type-product","3":"status-publish","4":"has-post-thumbnail","6":"product_cat-jnats","7":"product_tag-kiita","8":"product_tag-lv-4","9":"product_tag-nakayama","10":"product_shipping_class-iprastas","12":"first","13":"outofstock","14":"shipping-taxable","15":"purchasable","16":"product-type-simple"},"_links":{"self":[{"href":"https:\/\/jnats.eu\/ro\/wp-json\/wp\/v2\/product\/4509","targetHints":{"allow":["GET"]}}],"collection":[{"href":"https:\/\/jnats.eu\/ro\/wp-json\/wp\/v2\/product"}],"about":[{"href":"https:\/\/jnats.eu\/ro\/wp-json\/wp\/v2\/types\/product"}],"replies":[{"embeddable":true,"href":"https:\/\/jnats.eu\/ro\/wp-json\/wp\/v2\/comments?post=4509"}],"wp:featuredmedia":[{"embeddable":true,"href":"https:\/\/jnats.eu\/ro\/wp-json\/wp\/v2\/media\/4517"}],"wp:attachment":[{"href":"https:\/\/jnats.eu\/ro\/wp-json\/wp\/v2\/media?parent=4509"}],"wp:term":[{"taxonomy":"product_brand","embeddable":true,"href":"https:\/\/jnats.eu\/ro\/wp-json\/wp\/v2\/product_brand?post=4509"},{"taxonomy":"product_cat","embeddable":true,"href":"https:\/\/jnats.eu\/ro\/wp-json\/wp\/v2\/product_cat?post=4509"},{"taxonomy":"product_tag","embeddable":true,"href":"https:\/\/jnats.eu\/ro\/wp-json\/wp\/v2\/product_tag?post=4509"}],"curies":[{"name":"wp","href":"https:\/\/api.w.org\/{rel}","templated":true}]}}