{"id":452,"date":"2024-03-06T13:32:58","date_gmt":"2024-03-06T11:32:58","guid":{"rendered":"http:\/\/jnats.eu\/?post_type=product&#038;p=452"},"modified":"2026-02-13T00:54:17","modified_gmt":"2026-02-12T22:54:17","slug":"suncraft-elegancia-sefo-peilis-20cm","status":"publish","type":"product","link":"https:\/\/jnats.eu\/ro\/product-2\/suncraft-elegancia-sefo-peilis-20cm\/","title":{"rendered":"Cu\u021bit buc\u0103tar Suncraft Elegance 20cm"},"content":{"rendered":"<figure class=\"wp-block-embed is-type-video is-provider-youtube wp-block-embed-youtube wp-embed-aspect-16-9 wp-has-aspect-ratio\"><div class=\"wp-block-embed__wrapper\">\n<div class=\"video-container\"><iframe title=\"Suncraft \u2014 SG2 fals sau cel mai bun cu\u021bit din lume? Ascu\u021birea cu\u021bitului Ohira Suita\" width=\"1170\" height=\"658\" src=\"https:\/\/www.youtube.com\/embed\/oKKMLcZ-l28?feature=oembed\" frameborder=\"0\" allow=\"accelerometer; autoplay; clipboard-write; encrypted-media; gyroscope; picture-in-picture; web-share\" referrerpolicy=\"strict-origin-when-cross-origin\" allowfullscreen><\/iframe><\/div>\n<\/div><\/figure>\n\n\n\n<p>Cu\u021bitul de buc\u0103tar Suncraft Elegancia KSK-01 20 cm este un cu\u021bit de buc\u0103tar uimitor, cu o form\u0103 elegant\u0103. Este confortabil de \u021binut \u00een m\u00e2n\u0103 \u0219i ideal pentru t\u0103ierea legumelor \u0219i a c\u0103rnii.<\/p>\n\n\n\n<p>Cu seria Suncraft Elegancia, Suncraft ofer\u0103 o colec\u021bie elegant\u0103 \u0219i frumoas\u0103 de cu\u021bite. Supergold2, una dintre cele mai fine clase de o\u021bel pudr\u0103, a fost utilizat\u0103 pentru produc\u021bia acestor cu\u021bite, combinat\u0103 cu un m\u00e2ner din lemn Pakka. Aceast\u0103 serie este conceput\u0103 pentru utilizare pe termen lung. Caracteristica distinctiv\u0103 a acestei colec\u021bii este l\u0103\u021bimea cu\u021bitelor. M\u00e2nerul are, de asemenea, o form\u0103 special\u0103, u\u0219or curbat\u0103. Acest lucru permite persoanelor cu m\u00e2ini mari s\u0103 foloseasc\u0103 cu u\u0219urin\u021b\u0103 aceste cu\u021bite.<\/p>\n\n\n\n<p>Lamele cu\u021bitelor Suncraft Elegancia sunt fabricate din o\u021bel praf SG2. Acesta este un tip de o\u021bel care poate fi ascu\u021bit la o suprafa\u021b\u0103 foarte ascu\u021bit\u0103. De asemenea, este rezistent la coroziune. Lama este foarte lat\u0103, permi\u021b\u00e2nd un spa\u021biu suficient sub m\u00e2ner. Acest lucru permite persoanelor cu m\u00e2ini mari s\u0103 utilizeze cu u\u0219urin\u021b\u0103 seria Elegancia.<\/p>\n\n\n\n<p><strong>\u00cenclinarea lamei este \u00een form\u0103 convex\u0103 (lynx), care p\u0103trunde \u0219i alunec\u0103 foarte u\u0219or prin produs. Aceast\u0103 form\u0103 este, f\u0103r\u0103 \u00eendoial\u0103, cea mai potrivit\u0103 pentru cu\u021bitele de buc\u0103t\u0103rie, dar din cauza complexit\u0103\u021bii produc\u021biei este rar \u00eent\u00e2lnit\u0103.<\/strong><\/p>\n\n\n\n<p>Suncraft Elegancia are un m\u00e2ner unic realizat din lemn de pakka. Acesta are o form\u0103 curbat\u0103 care face ca aceste cu\u021bite s\u0103 fie foarte confortabile de \u021binut \u00een m\u00e2n\u0103. Alama de la \u00eenceputul m\u00e2nerului \u00eei confer\u0103 un aspect rafinat. V\u0103 rug\u0103m s\u0103 re\u021bine\u021bi! Aceste cu\u021bite nu pot fi sp\u0103late \u00een ma\u0219ina de sp\u0103lat vase!<\/p>\n\n\n\n<p>Cu\u021bite de buc\u0103t\u0103rie japoneze elegante Suncraft<br>Compania japonez\u0103 Suncraft \u0219tie cum s\u0103 fac\u0103 un cu\u021bit de buc\u0103t\u0103rie elegant. Ei produc cu\u021bite tradi\u021bionale, de \u00eenalt\u0103 calitate \u0219i premium \u00een ora\u0219ul Seki, Japonia, din 1948. Suncraft produce o gam\u0103 larg\u0103 de cu\u021bite, astfel \u00eenc\u00e2t exist\u0103 un cu\u021bit de buc\u0103t\u0103rie Suncraft pentru fiecare.<\/p>\n\n\n\n<h2 class=\"wp-block-heading\">O\u021bel SG2: Descriere<\/h2>\n\n\n\n<p><strong>SG2<\/strong> (Super Gold 2) \u2014 aceasta <strong>O\u021bel inoxidabil japonez din metalurgie pulberoas\u0103<\/strong>, conceput pentru o claritate extrem de ridicat\u0103, durabilitate \u0219i rezisten\u021b\u0103 la coroziune. Este fabricat de <strong>Takefu Special Steel Co., Ltd.<\/strong> \u00cen Japonia, SG2 este adesea utilizat \u00een cu\u021bite de buc\u0103t\u0103rie de \u00eenalt\u0103 calitate \u0219i unelte de t\u0103iere de lux datorit\u0103 propriet\u0103\u021bilor sale unice.<\/p>\n\n\n\n<hr class=\"wp-block-separator has-alpha-channel-opacity\"\/>\n\n\n\n<h2 class=\"wp-block-heading\">Compozi\u021bie chimic\u0103 SG2 (tipic)<\/h2>\n\n\n\n<figure class=\"wp-block-table\"><table class=\"has-fixed-layout\"><thead><tr><th>Element<\/th><th>Cantitate (%)<\/th><\/tr><\/thead><tbody><tr><td>C (Carbon)<\/td><td>1,25\u20131,45<\/td><\/tr><tr><td>Cr (Crom)<\/td><td>14,0\u201316,0<\/td><\/tr><tr><td>Mo (Molibden)<\/td><td>2.3\u20133.3<\/td><\/tr><tr><td>V (Vanadiu)<\/td><td>1,8\u20132,2<\/td><\/tr><\/tbody><\/table><\/figure>\n\n\n\n<p><strong>Duritate<\/strong>dup\u0103 tratamentul termic poate ajunge <strong>HRC 62\u201364<\/strong>, men\u021bin\u00e2nd \u00een acela\u0219i timp o rezisten\u021b\u0103 ridicat\u0103 la uzur\u0103.<\/p>\n\n\n\n<hr class=\"wp-block-separator has-alpha-channel-opacity\"\/>\n\n\n\n<h2 class=\"wp-block-heading\">Avantajele o\u021belului SG2<\/h2>\n\n\n\n<p>\ud83d\udd2a <strong>Nivel extrem de ridicat de claritate<\/strong><br>Structura fin\u0103 din carbur\u0103 a SG2 v\u0103 permite s\u0103 ascu\u021bi\u021bi cu\u021bitele la un unghi foarte sub\u021bire \u0219i ascu\u021bit. Ideal pentru geometrii convexe sau cu te\u0219itur\u0103 sub\u021bire.<\/p>\n\n\n\n<p>\ud83d\udee1\ufe0f <strong>Rezisten\u021b\u0103 excelent\u0103 la coroziune<\/strong><br>Datorit\u0103 con\u021binutului ridicat de crom, SG2 este <strong>inox<\/strong>, prin urmare, mai pu\u021bin predispus la ruginire \u0219i \u00eennegrire \u00een condi\u021bii de buc\u0103t\u0103rie.<\/p>\n\n\n\n<p>\ud83e\uddf1 <strong>Rezisten\u021b\u0103 foarte bun\u0103 la abraziune<\/strong><br>SG2 \u00ee\u0219i men\u021bine ascu\u021bimea mai mult timp, chiar \u0219i atunci c\u00e2nd este utilizat pe produse mai dure sau t\u0103ieturi mai dificile (de exemplu, piele de pe\u0219te, nuci, legume cu piele tare).<\/p>\n\n\n\n<p>\u2696\ufe0f <strong>Bine echilibrat \u00eentre duritate \u0219i rezisten\u021b\u0103<\/strong><br>Spre deosebire de o\u021belurile pulverulente extrem de fragile, SG2 are o elasticitate suficient\u0103, ceea ce \u00eel face mai pu\u021bin probabil s\u0103 se a\u0219chieze la muchii foarte ascu\u021bite, \u00een special cu geometria corect\u0103 (de exemplu, convex\u0103).<\/p>\n\n\n\n<p>\ud83d\udee0\ufe0f <strong>Perfect pentru ascu\u021birea pietrelor naturale japoneze<\/strong><br>Datorit\u0103 carburilor fine, SG2 reac\u021bioneaz\u0103 foarte bine cu <strong>pietre naturale<\/strong>, permi\u021b\u00e2ndu-v\u0103 s\u0103 ob\u021bine\u021bi o suprafa\u021b\u0103 cu o claritate similar\u0103 oglinzii.<\/p>\n\n\n\n<hr class=\"wp-block-separator has-alpha-channel-opacity\"\/>\n\n\n\n<h2 class=\"wp-block-heading\">Dezavantaje SG2 (unde merit\u0103 s\u0103 le cunoa\u0219te\u021bi)<\/h2>\n\n\n\n<ul class=\"wp-block-list\">\n<li><strong>Mai scump dec\u00e2t o\u021belurile conven\u021bionale<\/strong> datorit\u0103 tehnologiei metalurgiei pulberilor.<\/li>\n\n\n\n<li>Dac\u0103 este prelucrat necorespunz\u0103tor sau \u00eent\u0103rit excesiv, poate deveni pu\u021bin mai fragil.<\/li>\n\n\n\n<li>De\u0219i este foarte rezistent la coroziune, ca orice cu\u021bit din o\u021bel inoxidabil, se poate p\u0103ta dac\u0103 este l\u0103sat \u00een umiditate pentru o perioad\u0103 lung\u0103 de timp.<\/li>\n<\/ul>","protected":false},"excerpt":{"rendered":"<p>Cu\u021bitul de buc\u0103tar Suncraft Elegancia KSK-01 20 cm este un cu\u021bit de buc\u0103tar uimitor, cu o form\u0103 elegant\u0103. Este confortabil de \u021binut \u00een m\u00e2n\u0103 \u0219i ideal pentru t\u0103ierea legumelor \u0219i a c\u0103rnii.<\/p>\n<p><strong>\u00cenclinarea lamei este \u00een form\u0103 convex\u0103 (lynx), care p\u0103trunde \u0219i alunec\u0103 foarte u\u0219or prin produs. Aceast\u0103 form\u0103 este, f\u0103r\u0103 \u00eendoial\u0103, cea mai potrivit\u0103 pentru cu\u021bitele de buc\u0103t\u0103rie, dar este, din p\u0103cate, foarte rar\u0103 din cauza complexit\u0103\u021bii produc\u021biei.<\/strong> \u00a0<\/p>\n<p><!-- wp:list --><\/p>\n<ul class=\"wp-block-list\"><!-- wp:list-item --><\/p>\n<li><strong>Dimensiuni \u0219i greutate<\/strong><\/li>\n<p><!-- \/wp:list-item --><\/p>\n<p><!-- wp:list-item --><\/p>\n<li>\u00cen\u0103l\u021bimea lamei 5,8 cm<\/li>\n<p><!-- \/wp:list-item --><\/p>\n<p><!-- wp:list-item --><\/p>\n<li>Lungimea lamei 21 cm<\/li>\n<p><!-- \/wp:list-item --><\/p>\n<p><!-- wp:list-item --><\/p>\n<li>Grosimea lamei 2 mm<\/li>\n<p><!-- \/wp:list-item --><\/p>\n<p><!-- wp:list-item --><\/p>\n<li>Lungimea m\u00e2nerului 12 cm<\/li>\n<p><!-- \/wp:list-item --><\/p>\n<p><!-- wp:list-item --><\/p>\n<li>Lungime total\u0103 33 cm<\/li>\n<p><!-- \/wp:list-item --><\/p>\n<p><!-- wp:list-item --><\/p>\n<li>Greutate 190 g<\/li>\n<p><!-- \/wp:list-item --><\/p>\n<p><!-- wp:list-item --><\/p>\n<li>Material ambalaj din lemn<\/li>\n<p><!-- \/wp:list-item --><\/p>\n<p><!-- wp:list-item --><\/p>\n<li>Tip o\u021bel SG2<\/li>\n<p><!-- \/wp:list-item --><\/p>\n<p><!-- wp:list-item --><\/p>\n<li>Poate fi folosit de persoane dreptace sau st\u00e2ngace<\/li>\n<p><!-- \/wp:list-item --><\/ul>\n<p><!-- \/wp:list --><\/p>","protected":false},"featured_media":454,"comment_status":"open","ping_status":"closed","template":"","meta":[],"product_brand":[],"product_cat":[24],"product_tag":[104,103],"class_list":{"0":"post-452","1":"product","2":"type-product","3":"status-publish","4":"has-post-thumbnail","6":"product_cat-knifes","7":"product_tag-elegancia","8":"product_tag-suncraft","9":"product_shipping_class-iprastas","11":"first","12":"outofstock","13":"sale","14":"shipping-taxable","15":"purchasable","16":"product-type-simple"},"_links":{"self":[{"href":"https:\/\/jnats.eu\/ro\/wp-json\/wp\/v2\/product\/452","targetHints":{"allow":["GET"]}}],"collection":[{"href":"https:\/\/jnats.eu\/ro\/wp-json\/wp\/v2\/product"}],"about":[{"href":"https:\/\/jnats.eu\/ro\/wp-json\/wp\/v2\/types\/product"}],"replies":[{"embeddable":true,"href":"https:\/\/jnats.eu\/ro\/wp-json\/wp\/v2\/comments?post=452"}],"wp:featuredmedia":[{"embeddable":true,"href":"https:\/\/jnats.eu\/ro\/wp-json\/wp\/v2\/media\/454"}],"wp:attachment":[{"href":"https:\/\/jnats.eu\/ro\/wp-json\/wp\/v2\/media?parent=452"}],"wp:term":[{"taxonomy":"product_brand","embeddable":true,"href":"https:\/\/jnats.eu\/ro\/wp-json\/wp\/v2\/product_brand?post=452"},{"taxonomy":"product_cat","embeddable":true,"href":"https:\/\/jnats.eu\/ro\/wp-json\/wp\/v2\/product_cat?post=452"},{"taxonomy":"product_tag","embeddable":true,"href":"https:\/\/jnats.eu\/ro\/wp-json\/wp\/v2\/product_tag?post=452"}],"curies":[{"name":"wp","href":"https:\/\/api.w.org\/{rel}","templated":true}]}}