{"id":4523,"date":"2025-04-30T14:52:53","date_gmt":"2025-04-30T11:52:53","guid":{"rendered":"https:\/\/jnats.eu\/?post_type=product&#038;p=4523"},"modified":"2025-06-22T11:59:20","modified_gmt":"2025-06-22T08:59:20","slug":"nakayama-karasu-lv-5","status":"publish","type":"product","link":"https:\/\/jnats.eu\/ro\/product-2\/nakayama-karasu-lv-5\/","title":{"rendered":"Nakayama Karasu Lv 5"},"content":{"rendered":"<figure class=\"wp-block-embed is-type-video is-provider-youtube wp-block-embed-youtube wp-embed-aspect-16-9 wp-has-aspect-ratio\"><div class=\"wp-block-embed__wrapper\">\n<div class=\"video-container\"><iframe title=\"Ascu\u021birea briciului Puma: Aizu, Aiwatani, Nakayama Kiita, Nashiji, Karasu\" width=\"1170\" height=\"658\" src=\"https:\/\/www.youtube.com\/embed\/fu4WmCwVvQU?start=963&#038;feature=oembed\" frameborder=\"0\" allow=\"accelerometer; autoplay; clipboard-write; encrypted-media; gyroscope; picture-in-picture; web-share\" referrerpolicy=\"strict-origin-when-cross-origin\" allowfullscreen><\/iframe><\/div>\n<\/div><\/figure>\n\n\n\n<p>Nakayama Karasu Lv 5 este o piatr\u0103 natural\u0103 japonez\u0103 de ascu\u021bit (toishi) de \u00eenalt\u0103 calitate, foarte apreciat\u0103 pentru raritatea, estetica \u0219i propriet\u0103\u021bile sale excep\u021bionale de ascu\u021bire. Iat\u0103 o descriere bazat\u0103 pe informa\u021biile disponibile:<\/p>\n\n\n\n<ul class=\"wp-block-list\">\n<li><strong>Origine \u0219i calitate<\/strong>: O piatr\u0103 din mina Nakayama, renumit\u0103 pentru producerea unora dintre cele mai bune pietre de ascu\u021bit din lume. Numele Karasu (\"cioar\u0103\") provine de la modelul s\u0103u unic de pete negre sau \u00eentunecate pe un fond gri sau albastru (mizu asagi), care seam\u0103n\u0103 cu penele unei ciori. Este o piatr\u0103 de colec\u021bie \u0219i este deosebit de rar\u0103 \u0219i apreciat\u0103 de colec\u021bionari.<a href=\"https:\/\/www.japanesenaturalstones.com\/nakayama-san-karasu-lv-5-a265\/\" target=\"_blank\" rel=\"noreferrer noopener\"><\/a><a href=\"https:\/\/japanese-whetstones.com\/products\/nakayama-karasu-lv-5\" target=\"_blank\" rel=\"noreferrer noopener\"><\/a><\/li>\n\n\n\n<li><strong>Duritate \u0219i fine\u021be<\/strong>: Nivel de duritate Lv 5 (dur), fine\u021be de 1500Grit, ceea ce face piatra super fin\u0103, ideal\u0103 pentru ascu\u021birea final\u0103. Suprafa\u021ba este foarte neted\u0103, f\u0103r\u0103 linii toxice sau incluziuni, asigur\u00e2nd o ascu\u021bire curat\u0103 \u0219i precis\u0103.<a href=\"https:\/\/www.japanesenaturalstones.com\/nakayama-karasu-lv-5-a1603\/\" target=\"_blank\" rel=\"noreferrer noopener\"><\/a><a href=\"https:\/\/zenrazorjapan.com\/products\/nakayama-asagi-karasu-hardness-5-fineness-5\" target=\"_blank\" rel=\"noreferrer noopener\"><\/a><\/li>\n\n\n\n<li><strong>Utilizare<\/strong>: Scopul principal este ascu\u021birea final\u0103 a briciurilor (kamisori \u0219i occidentale), a uneltelor mici (de ex. d\u0103l\u021bi) sau a cu\u021bitelor. Potrivit pentru ob\u021binerea unor muchii extrem de ascu\u021bite, ofer\u0103 un finisaj neted, aproape oglind\u0103. Se recomand\u0103 utilizarea cu o piatr\u0103 nagura, \u00een special pentru briciurile occidentale, pentru a ob\u021bine rezultate optime mai rapid.<a href=\"https:\/\/www.japanesenaturalstones.com\/nakayama-san-karasu-lv-5-a265\/\" target=\"_blank\" rel=\"noreferrer noopener\"><\/a><a href=\"https:\/\/www.japanesenaturalstones.com\/nakayama-maruichi-kamisori-karasu-lv-5-a1743\/\" target=\"_blank\" rel=\"noreferrer noopener\"><\/a><\/li>\n\n\n\n<li><strong>Finisare<\/strong>: Ofer\u0103 o muchie foarte lucioas\u0103, ascu\u021bit\u0103 \u0219i neted\u0103 pentru b\u0103rbierit de precizie sau scule. Piatra este destul de abraziv\u0103 pe metal.<a href=\"https:\/\/www.japanesenaturalstones.com\/nakayama-maruichi-karasu-suita-lv-4-5-a1636\/\" target=\"_blank\" rel=\"noreferrer noopener\"><\/a><\/li>\n\n\n\n<li><strong>Aspect<\/strong>: Se caracterizeaz\u0103 printr-o baz\u0103 frumoas\u0103 gri sau gri alb\u0103strui (mizu asagi) cu pete negre str\u0103lucitoare karasu care str\u0103bat straturile de piatr\u0103. Piatra nu prezint\u0103 defecte precum fisuri sau linii toxice \u0219i este pl\u0103cut\u0103 din punct de vedere estetic. <\/li>\n<\/ul>","protected":false},"excerpt":{"rendered":"<ul>\n<li>Potrivit pentru finisarea briciurilor, cu\u021bitelor, foarfecelor, t\u00e2mpl\u0103riei \u0219i a altor unelte.<\/li>\n<li>Dimensiuni: 209x72x22 mm<\/li>\n<li>Greutate cu suport: 1170 g<\/li>\n<li>Duritate: Lv 5<\/li>\n<li>O piatr\u0103 rapid\u0103 pentru finisarea briciurilor.  Aceasta este o piatr\u0103 cu adev\u0103rat premium. Pute\u021bi vedea cu ochii dvs. \u00een videoclipul de mai jos.<\/li>\n<\/ul>","protected":false},"featured_media":4527,"comment_status":"open","ping_status":"closed","template":"","meta":[],"product_brand":[],"product_cat":[22],"product_tag":[57,337,49],"class_list":{"0":"post-4523","1":"product","2":"type-product","3":"status-publish","4":"has-post-thumbnail","6":"product_cat-jnats","7":"product_tag-karasu","8":"product_tag-lv-5","9":"product_tag-nakayama","10":"product_shipping_class-iprastas","12":"first","13":"outofstock","14":"shipping-taxable","15":"purchasable","16":"product-type-simple"},"_links":{"self":[{"href":"https:\/\/jnats.eu\/ro\/wp-json\/wp\/v2\/product\/4523","targetHints":{"allow":["GET"]}}],"collection":[{"href":"https:\/\/jnats.eu\/ro\/wp-json\/wp\/v2\/product"}],"about":[{"href":"https:\/\/jnats.eu\/ro\/wp-json\/wp\/v2\/types\/product"}],"replies":[{"embeddable":true,"href":"https:\/\/jnats.eu\/ro\/wp-json\/wp\/v2\/comments?post=4523"}],"wp:featuredmedia":[{"embeddable":true,"href":"https:\/\/jnats.eu\/ro\/wp-json\/wp\/v2\/media\/4527"}],"wp:attachment":[{"href":"https:\/\/jnats.eu\/ro\/wp-json\/wp\/v2\/media?parent=4523"}],"wp:term":[{"taxonomy":"product_brand","embeddable":true,"href":"https:\/\/jnats.eu\/ro\/wp-json\/wp\/v2\/product_brand?post=4523"},{"taxonomy":"product_cat","embeddable":true,"href":"https:\/\/jnats.eu\/ro\/wp-json\/wp\/v2\/product_cat?post=4523"},{"taxonomy":"product_tag","embeddable":true,"href":"https:\/\/jnats.eu\/ro\/wp-json\/wp\/v2\/product_tag?post=4523"}],"curies":[{"name":"wp","href":"https:\/\/api.w.org\/{rel}","templated":true}]}}