{"id":4533,"date":"2025-05-02T09:36:30","date_gmt":"2025-05-02T06:36:30","guid":{"rendered":"https:\/\/jnats.eu\/?post_type=product&#038;p=4533"},"modified":"2026-04-08T15:39:44","modified_gmt":"2026-04-08T12:39:44","slug":"vintaziniai-vokiski-skustuvai-puma-89-solingen","status":"publish","type":"product","link":"https:\/\/jnats.eu\/ro\/product-2\/vintaziniai-vokiski-skustuvai-puma-89-solingen\/","title":{"rendered":"Aparate de ras germane de epoc\u0103 Puma 89 Solingen"},"content":{"rendered":"<figure class=\"wp-block-embed is-type-video is-provider-youtube wp-block-embed-youtube wp-embed-aspect-16-9 wp-has-aspect-ratio\"><div class=\"wp-block-embed__wrapper\">\n<div class=\"video-container\"><iframe title=\"Aparate de ras germane de epoc\u0103 Puma 89 Solingen\" width=\"1170\" height=\"658\" src=\"https:\/\/www.youtube.com\/embed\/uWf2QJpylzg?feature=oembed\" frameborder=\"0\" allow=\"accelerometer; autoplay; clipboard-write; encrypted-media; gyroscope; picture-in-picture; web-share\" referrerpolicy=\"strict-origin-when-cross-origin\" allowfullscreen><\/iframe><\/div>\n<\/div><\/figure>\n\n\n\n<p>Aparatele de ras germane vintage Puma sunt apreciate ca instrumente de b\u0103rbierit de \u00eenalt\u0103 calitate \u0219i au fost fabricate \u00een Germania, \u00een principal \u00een Solingen, un ora\u0219 care a fost mult timp renumit pentru cu\u021bitele \u0219i instrumentele sale de b\u0103rbierit. \"Puma este un brand cunoscut, asociat nu numai cu articolele de \u00eembr\u0103c\u0103minte \u0219i \u00eenc\u0103l\u021b\u0103minte sport, ci \u0219i cu bricege tradi\u021bionale drepte \u0219i alte produse de cu\u021bit, care erau deosebit de populare la mijlocul secolului al XX-lea.<\/p>\n\n\n\n<ol class=\"wp-block-list\">\n<li><strong>Istoria produc\u021biei<\/strong>:\n<ul class=\"wp-block-list\">\n<li>\"Aparatele de ras Puma au fost fabricate \u00een Solingen, Germania, unde Puma-Werk Lauterjung und Sohn (fondat\u0103 \u00een 1769) este \u00eenc\u0103 activ\u0103. Aceast\u0103 societate era specializat\u0103 \u00een fabricarea de cu\u021bite, bricege \u0219i alte instrumente ascu\u021bite.<\/li>\n\n\n\n<li>Modelele vintage dateaz\u0103 mai ales din anii 1940 \u0219i 1970, c\u00e2nd aparatele de ras fabricate manual erau foarte populare.<\/li>\n\n\n\n<li>\"Aparatele de ras Puma au fost apreciate pentru me\u0219te\u0219ugul lor de precizie, durabilitate \u0219i design estetic.<\/li>\n<\/ul>\n<\/li>\n\n\n\n<li><strong>Caracteristici<\/strong>:\n<ul class=\"wp-block-list\">\n<li><strong>Materiale<\/strong>: Lamele sunt de obicei fabricate din o\u021bel carbon de \u00eenalt\u0103 calitate sau din o\u021bel inoxidabil pentru a fi ascu\u021bite \u0219i rezistente la coroziune. M\u00e2nerele sunt realizate din materiale naturale, cum ar fi cornul, lemnul, nacre sau plasticul (de exemplu, bachelit\u0103).<\/li>\n\n\n\n<li><strong>Design<\/strong>: Aparatele de ras Puma aveau adesea detalii gravate pe lam\u0103, cum ar fi logo-ul m\u0103rcii sau num\u0103rul modelului. Designul lor era elegant, cu aten\u021bie la detalii.<\/li>\n\n\n\n<li><strong>Modele<\/strong>R: Modelele de epoc\u0103 populare au numere unice (de exemplu, Puma 193, Puma 89) care indic\u0103 modele sau serii diferite.<\/li>\n<\/ul>\n<\/li>\n\n\n\n<li><strong>Valoare de colec\u021bie<\/strong>:\n<ul class=\"wp-block-list\">\n<li>Aparatele de ras Puma vintage sunt foarte apreciate de colec\u021bionari pentru raritatea, calitatea \u0219i semnifica\u021bia lor istoric\u0103. Sunt de dorit \u00een special modelele care sunt \u00een stare bun\u0103 sau care au ambalajul original.<\/li>\n\n\n\n<li>Pre\u021bul de pia\u021b\u0103 depinde de starea briciului, de raritatea modelului \u0219i de materialul m\u00e2nerului. Exemplarele bine conservate pot costa de la c\u00e2teva zeci la c\u00e2teva sute de euro.<\/li>\n<\/ul>\n<\/li>\n\n\n\n<li><strong>Utilizare \u0219i \u00eentre\u021binere<\/strong>:\n<ul class=\"wp-block-list\">\n<li>Aceste aparate de ras necesit\u0103 \u00eentre\u021binere periodic\u0103: re-afilare pe suportul de piele \u0219i protec\u021bie \u00eempotriva ruginii.<\/li>\n\n\n\n<li>Datorit\u0103 ascu\u021bimii \u0219i calit\u0103\u021bii lor, acestea sunt \u00eenc\u0103 folosite de pasiona\u021bii de b\u0103rbierit tradi\u021bional, de\u0219i necesit\u0103 mai mult\u0103 \u00eendem\u00e2nare dec\u00e2t aparatele de ras multifunc\u021bionale moderne.<\/li>\n<\/ul>\n<\/li>\n<\/ol>\n\n\n\n<h3 class=\"wp-block-heading\">De ce aparatele de ras Puma sunt considerate excep\u021bionale?<\/h3>\n\n\n\n<ul class=\"wp-block-list\">\n<li><strong>M\u0103iestrie<\/strong>: Solingen este un centru mondial pentru fabricarea cu\u021bitelor, iar Puma a men\u021binut cele mai \u00eenalte standarde.<\/li>\n\n\n\n<li><strong>Durabilitate<\/strong>: Aparatele de ras \u00eentre\u021binute corespunz\u0103tor pot dura zeci de ani.<\/li>\n\n\n\n<li><strong>Estetic\u0103<\/strong>: Designul elegant \u0219i detaliile realizate manual le fac nu numai func\u021bionale, ci \u0219i opere de art\u0103.<\/li>\n<\/ul>","protected":false},"excerpt":{"rendered":"<p>Aparate de ras germane Puma de epoc\u0103 folosite. Fabricate la mijlocul secolului trecut. \u00cenc\u0103 fabricate sub aceast\u0103 marc\u0103, dar inferioare razatoarelor de epoc\u0103 \u00een ceea ce prive\u0219te calitatea tratamentului termic \u0219i mecanic. Apreciat pentru b\u0103rbieritul s\u0103u moale. Exist\u0103 semne de coroziune, dar toate lamele sunt complet intacte, astfel \u00eenc\u00e2t ascu\u021birea \u0219i utilizarea nu vor fi o problem\u0103. Mecanica \u0219i geometria sunt perfecte. V\u0103 rug\u0103m s\u0103 v\u0103 uita\u021bi cu aten\u021bie la fotografii \u0219i video. <strong>Greutate 49-50 g.<\/strong><\/p>\n<ol>\n<li>Dimensiunile lamei - 80x20x4 mm. Ascu\u021bit\u0103 \u0219i cu cutie<\/li>\n<li>Dimensiunile lamei - 80x19x4 mm. Ascu\u021bit\u0103. \u0218lefuit cu conicitate \u00eenainte (sindromul morcovului)<\/li>\n<li>Dimensiunile lamei - 80x19x4 mm<\/li>\n<li>Dimensiunile lamei - 80x19x4 mm<\/li>\n<li>Dimensiunile lamei - 80x16x4 mm<\/li>\n<\/ol>\n<p><strong>Dac\u0103 nu vede\u021bi articolul \u00een lista derulant\u0103, \u00eenseamn\u0103 c\u0103 este v\u00e2ndut.\u00a0<\/strong><\/p>","protected":false},"featured_media":4538,"comment_status":"open","ping_status":"closed","template":"","meta":[],"product_brand":[],"product_cat":[23],"product_tag":[338,339,160],"class_list":{"0":"post-4533","1":"product","2":"type-product","3":"status-publish","4":"has-post-thumbnail","6":"product_cat-razors","7":"product_tag-puma","8":"product_tag-puma-89","9":"product_tag-skustuvai","10":"product_shipping_class-light","12":"first","13":"instock","14":"shipping-taxable","15":"purchasable","16":"product-type-variable"},"_links":{"self":[{"href":"https:\/\/jnats.eu\/ro\/wp-json\/wp\/v2\/product\/4533","targetHints":{"allow":["GET"]}}],"collection":[{"href":"https:\/\/jnats.eu\/ro\/wp-json\/wp\/v2\/product"}],"about":[{"href":"https:\/\/jnats.eu\/ro\/wp-json\/wp\/v2\/types\/product"}],"replies":[{"embeddable":true,"href":"https:\/\/jnats.eu\/ro\/wp-json\/wp\/v2\/comments?post=4533"}],"wp:featuredmedia":[{"embeddable":true,"href":"https:\/\/jnats.eu\/ro\/wp-json\/wp\/v2\/media\/4538"}],"wp:attachment":[{"href":"https:\/\/jnats.eu\/ro\/wp-json\/wp\/v2\/media?parent=4533"}],"wp:term":[{"taxonomy":"product_brand","embeddable":true,"href":"https:\/\/jnats.eu\/ro\/wp-json\/wp\/v2\/product_brand?post=4533"},{"taxonomy":"product_cat","embeddable":true,"href":"https:\/\/jnats.eu\/ro\/wp-json\/wp\/v2\/product_cat?post=4533"},{"taxonomy":"product_tag","embeddable":true,"href":"https:\/\/jnats.eu\/ro\/wp-json\/wp\/v2\/product_tag?post=4533"}],"curies":[{"name":"wp","href":"https:\/\/api.w.org\/{rel}","templated":true}]}}