{"id":4594,"date":"2025-05-13T11:05:22","date_gmt":"2025-05-13T08:05:22","guid":{"rendered":"https:\/\/jnats.eu\/?post_type=product&#038;p=4594"},"modified":"2026-03-08T21:17:40","modified_gmt":"2026-03-08T19:17:40","slug":"nos-chobomasa-kamisori-vintaziniai-japoniski-skustuvai","status":"publish","type":"product","link":"https:\/\/jnats.eu\/ro\/product-2\/nos-chobomasa-kamisori-vintaziniai-japoniski-skustuvai\/","title":{"rendered":"Aparate de ras japoneze de epoc\u0103 NOS Chobomasa kamisori"},"content":{"rendered":"<figure class=\"wp-block-embed is-type-video is-provider-youtube wp-block-embed-youtube wp-embed-aspect-16-9 wp-has-aspect-ratio\"><div class=\"wp-block-embed__wrapper\">\n<div class=\"video-container\"><iframe title=\"NOS Chobomasa Kamisori - Radele japoneze drepte de epoc\u0103\" width=\"1170\" height=\"658\" src=\"https:\/\/www.youtube.com\/embed\/AiR2JJ7mTRE?feature=oembed\" frameborder=\"0\" allow=\"accelerometer; autoplay; clipboard-write; encrypted-media; gyroscope; picture-in-picture; web-share\" referrerpolicy=\"strict-origin-when-cross-origin\" allowfullscreen><\/iframe><\/div>\n<\/div><\/figure>\n\n\n\n<p>Descoperi\u021bi adev\u0103rata m\u0103iestrie a b\u0103rbieritului japonez cu <strong>NOS Chobomasa Kamisori<\/strong> - aparate de ras japoneze de epoc\u0103 autentice, fabricate manual. Aceste aparate de ras sunt <strong>NOS (New Old Stock)<\/strong> - neutilizat, p\u0103strat \u00een stare excelent\u0103, direct din Japonia la mijlocul secolului al XX-lea.<\/p>\n\n\n\n<p>G\u0103tite \u00een mod tradi\u021bional <strong>kamisori<\/strong> \u00een form\u0103 de lame de ras, aceste aparate de ras ies \u00een eviden\u021b\u0103 <strong>lam\u0103 asimetric\u0103<\/strong> \u0219i <strong>o\u021bel carbon de \u00eenalt\u0103 calitate<\/strong> aliaj pentru o ascu\u021bime excep\u021bional\u0103 \u0219i utilizare de lung\u0103 durat\u0103. Fiecare aparat de ras capteaz\u0103 subtil spiritul vechilor me\u0219te\u0219uguri japoneze \u0219i func\u021bionalitatea excep\u021bional\u0103.<\/p>\n\n\n\n<p><strong>Caracteristici:<\/strong><\/p>\n\n\n\n<ul class=\"wp-block-list\">\n<li>Japonez\u0103 autentic\u0103 <strong>kamisori<\/strong> design<\/li>\n\n\n\n<li>NOS (New Old Stock) - neutilizat, de epoc\u0103<\/li>\n\n\n\n<li>De \u00eenalt\u0103 calitate <strong>lam\u0103 din o\u021bel carbon<\/strong><\/li>\n\n\n\n<li>Fabricat manual, produc\u021bie tradi\u021bional\u0103 \u00een Japonia<\/li>\n\n\n\n<li>At\u00e2t pentru colec\u021bionari, c\u00e2t \u0219i pentru pasiona\u021bii de b\u0103rbierit<\/li>\n<\/ul>\n\n\n\n<p><strong>Observa\u021bie:<\/strong> Din cauza vechimii produsului \u0219i a naturii lucr\u0103rii manuale, aspectul fiec\u0103rui aparat de ras poate varia u\u0219or.<\/p>","protected":false},"excerpt":{"rendered":"<ul>\n<li>La fel ca sabia tradi\u021bional\u0103 de samurai, katana, aceste Kamisori au fost forjate manual din 2 p\u0103r\u021bi. Partea t\u0103ietoare este realizat\u0103 din o\u021bel cu con\u021binut ridicat de carbon, \u00een timp ce stratul de sus\u021binere este realizat dintr-un o\u021bel mai simplu. Stratul de o\u021bel este dur, \u00een timp ce cadrul mai moale asigur\u0103 rezisten\u021ba necesar\u0103 la rupere.<\/li>\n<li>Este vizibil\u0103 o oarecare degresare. Rugin\u0103 \u00eendep\u0103rtat\u0103 cu h\u00e2rtie cu 6 surse #2500 \u0219i past\u0103 diamantat\u0103 Venev 7\/5.<\/li>\n<li>Toate camisolele sunt u\u0219or diferite deoarece sunt realizate manual.<\/li>\n<li>Greutate (aprox.): 33 g.<\/li>\n<li>Lungimea total\u0103 (aprox.): 140 mm<\/li>\n<li>\u00cen\u0103l\u021bime (aprox.): 18 mm<\/li>\n<li>Grosimea panglicii (aprox.): 6mm<\/li>\n<li>Lungimea lamei (aprox.): 44 mm<\/li>\n<li>Noua prindere de cauciuc Tosuke<\/li>\n<li><strong>Nr. 1-5 ascu\u021bite, nr. 6-7 neascu\u021bite.<\/strong><span data-mce-type=\"bookmark\" style=\"display: inline-block; width: 0px; overflow: hidden; line-height: 0;\" class=\"mce_SELRES_start\"><\/span><\/li>\n<li><strong>Dac\u0103 nu vede\u021bi articolul \u00een lista derulant\u0103, \u00eenseamn\u0103 c\u0103 este la v\u00e2nzare.<\/strong><\/li>\n<\/ul>","protected":false},"featured_media":4595,"comment_status":"open","ping_status":"closed","template":"","meta":[],"product_brand":[],"product_cat":[23],"product_tag":[322,25,55],"class_list":{"0":"post-4594","1":"product","2":"type-product","3":"status-publish","4":"has-post-thumbnail","6":"product_cat-razors","7":"product_tag-chobomasa","8":"product_tag-kamisori","9":"product_tag-nos","10":"product_shipping_class-light","12":"first","13":"instock","14":"shipping-taxable","15":"purchasable","16":"product-type-variable"},"_links":{"self":[{"href":"https:\/\/jnats.eu\/ro\/wp-json\/wp\/v2\/product\/4594","targetHints":{"allow":["GET"]}}],"collection":[{"href":"https:\/\/jnats.eu\/ro\/wp-json\/wp\/v2\/product"}],"about":[{"href":"https:\/\/jnats.eu\/ro\/wp-json\/wp\/v2\/types\/product"}],"replies":[{"embeddable":true,"href":"https:\/\/jnats.eu\/ro\/wp-json\/wp\/v2\/comments?post=4594"}],"wp:featuredmedia":[{"embeddable":true,"href":"https:\/\/jnats.eu\/ro\/wp-json\/wp\/v2\/media\/4595"}],"wp:attachment":[{"href":"https:\/\/jnats.eu\/ro\/wp-json\/wp\/v2\/media?parent=4594"}],"wp:term":[{"taxonomy":"product_brand","embeddable":true,"href":"https:\/\/jnats.eu\/ro\/wp-json\/wp\/v2\/product_brand?post=4594"},{"taxonomy":"product_cat","embeddable":true,"href":"https:\/\/jnats.eu\/ro\/wp-json\/wp\/v2\/product_cat?post=4594"},{"taxonomy":"product_tag","embeddable":true,"href":"https:\/\/jnats.eu\/ro\/wp-json\/wp\/v2\/product_tag?post=4594"}],"curies":[{"name":"wp","href":"https:\/\/api.w.org\/{rel}","templated":true}]}}