{"id":4667,"date":"2025-05-21T17:19:05","date_gmt":"2025-05-21T14:19:05","guid":{"rendered":"https:\/\/jnats.eu\/?post_type=product&#038;p=4667"},"modified":"2025-05-23T15:02:30","modified_gmt":"2025-05-23T12:02:30","slug":"zwilling-twin-cermax-mc66-zdp-189-peilis-micarta-20-cm-naudotas","status":"publish","type":"product","link":"https:\/\/jnats.eu\/ro\/product-2\/zwilling-twin-cermax-mc66-zdp-189-peilis-micarta-20-cm-naudotas\/","title":{"rendered":"Cu\u021bit ZWILLING TWIN CERMAX MC66 (ZDP-189) Micarta 20 cm (folosit)"},"content":{"rendered":"<figure class=\"wp-block-embed is-type-video is-provider-youtube wp-block-embed-youtube wp-embed-aspect-16-9 wp-has-aspect-ratio\"><div class=\"wp-block-embed__wrapper\">\n<div class=\"video-container\"><iframe title=\"Extreme Edge: Cu\u021bit ZDP-189 ascu\u021bit cu pietre de diamant \u0219i past\u0103 Elbor\" width=\"1170\" height=\"658\" src=\"https:\/\/www.youtube.com\/embed\/bgnKKZuFNmg?feature=oembed\" frameborder=\"0\" allow=\"accelerometer; autoplay; clipboard-write; encrypted-media; gyroscope; picture-in-picture; web-share\" referrerpolicy=\"strict-origin-when-cross-origin\" allowfullscreen><\/iframe><\/div>\n<\/div><\/figure>\n\n\n\n<p>Clasa superioar\u0103 <strong>ZWILLING TWIN CERMAX MC66<\/strong> Cu\u021bitul de buc\u0103tar este o combina\u021bie de m\u0103iestrie, inova\u021bie \u0219i tradi\u021bie. \u00cen inima cu\u021bitului se afl\u0103 legendarul <strong>O\u021bel MC66 (ZDP-189)<\/strong>, creat \u00een Japonia, renumit pentru duritatea sa extrem de mare (aproximativ <strong>66 HRC<\/strong>) \u0219i o reten\u021bie excep\u021bional\u0103 a ascu\u021bimii. Este unul dintre cele mai dure \u0219i mai durabile o\u021beluri de buc\u0103t\u0103rie din lume.<\/p>\n\n\n\n<p><strong>Caracteristicile cu\u021bitului:<\/strong><\/p>\n\n\n\n<ul class=\"wp-block-list\">\n<li><strong>Lam\u0103:<\/strong> f\u0103cut din <strong>MC66 (ZDP-189)<\/strong> o\u021bel pulverulent, men\u021bin\u00e2nd o durat\u0103 de via\u021b\u0103 extrem de lung\u0103 \u0219i permi\u021b\u00e2nd t\u0103ieturi precise \u0219i sub\u021biri.<\/li>\n\n\n\n<li><strong>Duritate:<\/strong> despre <strong>66 HRC<\/strong> \u2013 pentru un cu\u021bit de buc\u0103t\u0103rie de prim\u0103 clas\u0103.<\/li>\n\n\n\n<li><strong>Lungimea lamei:<\/strong> <strong>20 cm<\/strong> \u2013 un cu\u021bit de dimensiuni universale, potrivit pentru t\u0103ierea c\u0103rnii, pe\u0219telui \u0219i legumelor.<\/li>\n\n\n\n<li><strong>M\u00e2ner:<\/strong> din <strong>Micart\u0103<\/strong> \u2013 materiale durabile, rezistente la umiditate \u0219i schimb\u0103ri de temperatur\u0103, cu o priz\u0103 pl\u0103cut\u0103 \u0219i cald\u0103 \u0219i o textur\u0103 elegant\u0103 a lemnului.<\/li>\n\n\n\n<li><strong>Proiecta:<\/strong> Lam\u0103 \u00een stil japonez cu o suprafa\u021b\u0103 delicat\u0103 \u0219i lustruit\u0103, decorat\u0103 cu <strong>CERMAX<\/strong> logo-ul.<\/li>\n<\/ul>\n\n\n\n<p><strong>De ce merit\u0103 s\u0103 alegi?<\/strong><\/p>\n\n\n\n<ul class=\"wp-block-list\">\n<li>Unul dintre cele mai ascu\u021bite cu\u021bite folosite \u00een industrie, men\u021bin\u00e2ndu-\u0219i propriet\u0103\u021bile de t\u0103iere semnificativ mai mult timp dec\u00e2t majoritatea cu\u021bitelor clasice.<\/li>\n\n\n\n<li>O alegere excelent\u0103 at\u00e2t pentru buc\u0103tarii profesioni\u0219ti, c\u00e2t \u0219i pentru pasiona\u021bii de iu\u021beal\u0103 \u0219i calitate.<\/li>\n\n\n\n<li>Elegant \u0219i ergonomic \u2014 M\u00e2nerul Micarta nu numai c\u0103 arat\u0103 grozav, dar asigur\u0103 \u0219i o prindere sigur\u0103 \u0219i confortabil\u0103.<\/li>\n<\/ul>\n\n\n\n<p><strong>Fabricat \u00een Japonia<\/strong>, \u00een cooperare cu <strong>Zwilling J.A. Henckels<\/strong> \u2014 Mae\u0219tri germani \u00een fabricarea cu\u021bitelor.<\/p>","protected":false},"excerpt":{"rendered":"<ul>\n<li>Lungime total\u0103 33,6 cm<\/li>\n<li>Lungimea lamei 20,0 cm<\/li>\n<li>\u00cen\u0103l\u021bimea lamei 4,5 cm<\/li>\n<li>Miezul materialului lamei este fabricat din unul dintre cele mai bune o\u021beluri inoxidabile acoperite cu pulbere din lume MC66 (ZDP-189), protejat cu laminat, lam\u0103 \u00een form\u0103 de V, \u00eent\u0103rit\u0103 la rece Cryodur.<\/li>\n<li>Nivel de duritate 65-67 Rockwell<\/li>\n<li>Forma lamei moderat ascu\u021bit\u0103<\/li>\n<li>Suport \u0219i capac de cap\u0103t din o\u021bel inoxidabil, rezistent la rugin\u0103<\/li>\n<li>Lungimea m\u00e2nerului 13,0 cm<\/li>\n<li>Material m\u00e2ner Micarta negru, form\u0103 ergonomic\u0103<\/li>\n<li>Potrivit pentru utilizatorii st\u00e2ngaci \u0219i dreptaci<\/li>\n<li>Greutate 210 grame<\/li>\n<li><strong>Cu\u021bitul este folosit \u0219i u\u0219or zg\u00e2riat. Exist\u0103 o mic\u0103 t\u0103ietur\u0103 pe m\u00e2ner.<\/strong><\/li>\n<li>Ascu\u021bite cu pietre de ascu\u021bit diamantate DMD Professional 1000 \u2013 12.000 + past\u0103 de bor de 1 \u00b5m. Urm\u0103ri\u021bi videoclipul de mai jos.<\/li>\n<\/ul>","protected":false},"featured_media":4671,"comment_status":"open","ping_status":"closed","template":"","meta":[],"product_brand":[],"product_cat":[24],"product_tag":[],"class_list":{"0":"post-4667","1":"product","2":"type-product","3":"status-publish","4":"has-post-thumbnail","6":"product_cat-knifes","7":"product_shipping_class-iprastas","9":"first","10":"outofstock","11":"shipping-taxable","12":"purchasable","13":"product-type-simple"},"_links":{"self":[{"href":"https:\/\/jnats.eu\/ro\/wp-json\/wp\/v2\/product\/4667","targetHints":{"allow":["GET"]}}],"collection":[{"href":"https:\/\/jnats.eu\/ro\/wp-json\/wp\/v2\/product"}],"about":[{"href":"https:\/\/jnats.eu\/ro\/wp-json\/wp\/v2\/types\/product"}],"replies":[{"embeddable":true,"href":"https:\/\/jnats.eu\/ro\/wp-json\/wp\/v2\/comments?post=4667"}],"wp:featuredmedia":[{"embeddable":true,"href":"https:\/\/jnats.eu\/ro\/wp-json\/wp\/v2\/media\/4671"}],"wp:attachment":[{"href":"https:\/\/jnats.eu\/ro\/wp-json\/wp\/v2\/media?parent=4667"}],"wp:term":[{"taxonomy":"product_brand","embeddable":true,"href":"https:\/\/jnats.eu\/ro\/wp-json\/wp\/v2\/product_brand?post=4667"},{"taxonomy":"product_cat","embeddable":true,"href":"https:\/\/jnats.eu\/ro\/wp-json\/wp\/v2\/product_cat?post=4667"},{"taxonomy":"product_tag","embeddable":true,"href":"https:\/\/jnats.eu\/ro\/wp-json\/wp\/v2\/product_tag?post=4667"}],"curies":[{"name":"wp","href":"https:\/\/api.w.org\/{rel}","templated":true}]}}