{"id":4678,"date":"2025-05-24T12:33:23","date_gmt":"2025-05-24T09:33:23","guid":{"rendered":"https:\/\/jnats.eu\/?post_type=product&#038;p=4678"},"modified":"2025-07-05T11:19:22","modified_gmt":"2025-07-05T08:19:22","slug":"yeelong-m390-steel-8-chef-knife-used","status":"publish","type":"product","link":"https:\/\/jnats.eu\/ro\/product-2\/yeelong-m390-steel-8-chef-knife-used\/","title":{"rendered":"Cu\u021bit buc\u0103tar Yeelong M390 Steel 8\u2033 (folosit)"},"content":{"rendered":"<figure class=\"wp-block-embed is-type-video is-provider-youtube wp-block-embed-youtube wp-embed-aspect-16-9 wp-has-aspect-ratio\"><div class=\"wp-block-embed__wrapper\">\n<div class=\"video-container\"><iframe title=\"Masamotoyama Asagi Nashiji vs M390 Steel\" width=\"1170\" height=\"658\" src=\"https:\/\/www.youtube.com\/embed\/K1-qGuFrjYM?feature=oembed\" frameborder=\"0\" allow=\"accelerometer; autoplay; clipboard-write; encrypted-media; gyroscope; picture-in-picture; web-share\" referrerpolicy=\"strict-origin-when-cross-origin\" allowfullscreen><\/iframe><\/div>\n<\/div><\/figure>\n\n\n\n<p>Actualiza\u021bi-v\u0103 buc\u0103t\u0103ria cu <strong>Yeelong M390 8\u2033 Cu\u021bit buc\u0103tar<\/strong> - o unealt\u0103 de \u00eenalt\u0103 performan\u021b\u0103 conceput\u0103 pentru o t\u0103iere precis\u0103, f\u0103r\u0103 efort. Fabricat\u0103 din <strong>B\u00f6hler M390 o\u021bel inoxidabil<\/strong>, acest cu\u021bit ofer\u0103 rezultate remarcabile <strong>p\u0103strarea marginilor<\/strong>, <strong>rezisten\u021b\u0103 la coroziune<\/strong>, \u0219i o muchie ascu\u021bit\u0103 care dureaz\u0103.<\/p>\n\n\n\n<p>Perfect echilibrat <strong>Lam\u0103 de 8 inch<\/strong> face fa\u021b\u0103 cu u\u0219urin\u021b\u0103 tuturor sarcinilor din buc\u0103t\u0103rie: felierea c\u0103rnii, t\u0103ierea legumelor, tocarea ierburilor \u0219i multe altele. Finisajul s\u0103u lustruit \u00een oglind\u0103 adaug\u0103 elegan\u021b\u0103, \u00een timp ce m\u00e2nerul ergonomic ofer\u0103 o prindere sigur\u0103 \u0219i confortabil\u0103 pentru utilizare prelungit\u0103.<\/p>\n\n\n\n<p><strong>Caracteristici cheie:<\/strong><\/p>\n\n\n\n<ul class=\"wp-block-list\">\n<li>\ud83d\udd2a Premium <strong>B\u00f6hler M390 O\u021bel inoxidabil<\/strong> Compozi\u021bie chimic\u0103 (medie %)C1.90 Si0.70Mn0.30 Cr20.00 Mo1.00 V4.00 W0.60<\/li>\n\n\n\n<li>\ud83d\udccf <strong>Lam\u0103 de 8 inch<\/strong> pentru sarcini versatile \u00een buc\u0103t\u0103rie<\/li>\n\n\n\n<li>\ud83d\udc8e P\u0103strarea \u0219i ascu\u021birea excep\u021bional\u0103 a marginilor<\/li>\n\n\n\n<li>\ud83c\udf0a Finisaj \u00een oglind\u0103 rezistent la coroziune \u0219i uzur\u0103<\/li>\n\n\n\n<li>\ud83d\udd90\ufe0f M\u00e2ner ergonomic pentru control superior \u0219i confort<\/li>\n\n\n\n<li>\ud83d\udce6 Ideal pentru buc\u0103tari profesioni\u0219ti \u0219i buc\u0103tari de cas\u0103 pasiona\u021bi<\/li>\n<\/ul>\n\n\n\n<p><strong>Experimenta\u021bi performan\u021ba de t\u0103iere de nivel profesional \u00een buc\u0103t\u0103ria dvs.<\/strong><\/p>","protected":false},"excerpt":{"rendered":"<p>Calitate premium <strong data-start=\"311\" data-end=\"334\">Cu\u021bit de buc\u0103tar de 8 inch<\/strong> realizate din <strong data-start=\"345\" data-end=\"376\">B\u00f6hler M390 o\u021bel inoxidabil<\/strong>. Men\u021binere excep\u021bional\u0103 a marginilor, rezisten\u021b\u0103 la coroziune \u0219i t\u0103iere precis\u0103. Perfect pentru buc\u0103tarii profesioni\u0219ti \u0219i buc\u0103tarii pasiona\u021bi de acas\u0103.<\/p>\n<ul>\n<li>Lungime total\u0103 335 mm<\/li>\n<li>Lam\u0103 200x54x2 mm<\/li>\n<li>Greutate 274 g.<\/li>\n<li>Fabricat \u00een China<\/li>\n<\/ul>\n<p>Pute\u021bi vedea procesul de ascu\u021bire \u00een videoclipul de mai jos.<\/p>","protected":false},"featured_media":4681,"comment_status":"open","ping_status":"closed","template":"","meta":[],"product_brand":[],"product_cat":[24],"product_tag":[349],"class_list":{"0":"post-4678","1":"product","2":"type-product","3":"status-publish","4":"has-post-thumbnail","6":"product_cat-knifes","7":"product_tag-m390","8":"product_shipping_class-iprastas","10":"first","11":"outofstock","12":"shipping-taxable","13":"purchasable","14":"product-type-simple"},"_links":{"self":[{"href":"https:\/\/jnats.eu\/ro\/wp-json\/wp\/v2\/product\/4678","targetHints":{"allow":["GET"]}}],"collection":[{"href":"https:\/\/jnats.eu\/ro\/wp-json\/wp\/v2\/product"}],"about":[{"href":"https:\/\/jnats.eu\/ro\/wp-json\/wp\/v2\/types\/product"}],"replies":[{"embeddable":true,"href":"https:\/\/jnats.eu\/ro\/wp-json\/wp\/v2\/comments?post=4678"}],"wp:featuredmedia":[{"embeddable":true,"href":"https:\/\/jnats.eu\/ro\/wp-json\/wp\/v2\/media\/4681"}],"wp:attachment":[{"href":"https:\/\/jnats.eu\/ro\/wp-json\/wp\/v2\/media?parent=4678"}],"wp:term":[{"taxonomy":"product_brand","embeddable":true,"href":"https:\/\/jnats.eu\/ro\/wp-json\/wp\/v2\/product_brand?post=4678"},{"taxonomy":"product_cat","embeddable":true,"href":"https:\/\/jnats.eu\/ro\/wp-json\/wp\/v2\/product_cat?post=4678"},{"taxonomy":"product_tag","embeddable":true,"href":"https:\/\/jnats.eu\/ro\/wp-json\/wp\/v2\/product_tag?post=4678"}],"curies":[{"name":"wp","href":"https:\/\/api.w.org\/{rel}","templated":true}]}}