{"id":4750,"date":"2025-06-13T12:34:12","date_gmt":"2025-06-13T09:34:12","guid":{"rendered":"https:\/\/jnats.eu\/?post_type=product&#038;p=4750"},"modified":"2025-10-25T21:37:45","modified_gmt":"2025-10-25T18:37:45","slug":"komazen-japan-vidutinio-grudetumo-sintetinis-galandinimo-akmuo","status":"publish","type":"product","link":"https:\/\/jnats.eu\/ro\/product-2\/komazen-japan-vidutinio-grudetumo-sintetinis-galandinimo-akmuo\/","title":{"rendered":"Piatr\u0103 de ascu\u021bit sintetic\u0103 cu granula\u021bie medie Komazen Japan"},"content":{"rendered":"<p><strong>Komazen Japonia<\/strong> piatr\u0103 de \u0219lefuit sintetic\u0103 de marc\u0103.<\/p>\n\n\n\n<hr class=\"wp-block-separator has-alpha-channel-opacity\"\/>\n\n\n\n<h3 class=\"wp-block-heading\">\ud83d\udce6 Informa\u021bii generale:<\/h3>\n\n\n\n<ul class=\"wp-block-list\">\n<li><strong>Produc\u0103tor<\/strong>: Komazen Japonia<\/li>\n\n\n\n<li><strong>Marcarea produsului<\/strong>: \"Piatr\u0103 de ascu\u021bit\" \/ \"\u4e2d\u76ee\" (Ch\u016bme) \u00eenseamn\u0103 <strong>boabe medii<\/strong> (Japonez\u0103: \u4e2d\u76ee, ch\u016bme) piatr\u0103.<\/li>\n\n\n\n<li><strong>Dimensiuni<\/strong>: 200 \u00d7 50 \u00d7 25 mm (indicat pe cutie)<\/li>\n<\/ul>\n\n\n\n<hr class=\"wp-block-separator has-alpha-channel-opacity\"\/>\n\n\n\n<h3 class=\"wp-block-heading\">\ud83d\udccc Ce piatr\u0103:<\/h3>\n\n\n\n<p>Aceasta este <strong>piatr\u0103 de ap\u0103 sintetic\u0103<\/strong>utilizat pentru ascu\u021birea cu\u021bitelor \u0219i a uneltelor. Deoarece este marcat \"\u4e2d\u76ee\", granula\u021bia sa este de obicei \u00een jur de <strong>#1000<\/strong> (dimensiunea medie standard a boabelor \u00een conformitate cu sistemul japonez). Aceasta este o alegere excelent\u0103:<\/p>\n\n\n\n<ul class=\"wp-block-list\">\n<li>pentru ascu\u021birea zilnic\u0103 a cu\u021bitelor<\/li>\n\n\n\n<li>eliminarea neregularit\u0103\u021bilor minore<\/li>\n\n\n\n<li>modelarea marginii lamei \u00eenainte de a trece la pietre mai mici (de exemplu, #3000, #6000)<\/li>\n<\/ul>\n\n\n\n<hr class=\"wp-block-separator has-alpha-channel-opacity\"\/>\n\n\n\n<h3 class=\"wp-block-heading\">\ud83d\udccc Komazen Japonia:<\/h3>\n\n\n\n<p>Acesta este unul dintre <strong>Bugetar<\/strong> Produc\u0103tori japonezi de pietre sintetice. Pietrele lor sunt adesea folosite \u00een buc\u0103t\u0103rii, ateliere \u0219i de c\u0103tre pasiona\u021bi, deoarece ofer\u0103 un bun raport calitate-pre\u021b, dar nu sunt premium, precum Naniwa sau Shapton.<\/p>\n\n\n\n<hr class=\"wp-block-separator has-alpha-channel-opacity\"\/>\n\n\n\n<h3 class=\"wp-block-heading\">\ud83d\udccc Utilizare:<\/h3>\n\n\n\n<ul class=\"wp-block-list\">\n<li><strong>\u00cenainte de utilizare<\/strong> Se recomand\u0103 \u00eenmuierea \u00een ap\u0103 timp de 5-10 minute.<\/li>\n\n\n\n<li>Utiliza\u021bi cu ap\u0103 (nu uscat, nu cu ulei)<\/li>\n\n\n\n<li>Cl\u0103ti\u021bi dup\u0103 utilizare, usca\u021bi natural (nu utiliza\u021bi c\u0103ldur\u0103)<\/li>\n<\/ul>","protected":false},"excerpt":{"rendered":"<p><!-- wp:list --><\/p>\n<ul class=\"wp-block-list\"><!-- wp:list-item --><\/p>\n<li><strong>Produc\u0103tor<\/strong>: Komazen Japonia<\/li>\n<p><!-- \/wp:list-item --> <!-- wp:list-item --><\/p>\n<li><strong>Granula\u021bie medie<\/strong><\/li>\n<p><!-- \/wp:list-item --> <!-- wp:list-item --><\/p>\n<li><strong>Dimensiuni<\/strong>: 200 \u00d7 50 \u00d7 25 mm<\/li>\n<li>Cutie u\u0219or ternit\u0103, piatr\u0103 nefolosit\u0103<\/li>\n<p><!-- \/wp:list-item --><\/ul>\n<p><!-- \/wp:list --><\/p>","protected":false},"featured_media":4751,"comment_status":"open","ping_status":"closed","template":"","meta":[],"product_brand":[],"product_cat":[290],"product_tag":[356,355],"class_list":{"0":"post-4750","1":"product","2":"type-product","3":"status-publish","4":"has-post-thumbnail","6":"product_cat-whetstones","7":"product_tag-356","8":"product_tag-komazen","9":"product_shipping_class-iprastas","11":"first","12":"outofstock","13":"shipping-taxable","14":"purchasable","15":"product-type-simple"},"_links":{"self":[{"href":"https:\/\/jnats.eu\/ro\/wp-json\/wp\/v2\/product\/4750","targetHints":{"allow":["GET"]}}],"collection":[{"href":"https:\/\/jnats.eu\/ro\/wp-json\/wp\/v2\/product"}],"about":[{"href":"https:\/\/jnats.eu\/ro\/wp-json\/wp\/v2\/types\/product"}],"replies":[{"embeddable":true,"href":"https:\/\/jnats.eu\/ro\/wp-json\/wp\/v2\/comments?post=4750"}],"wp:featuredmedia":[{"embeddable":true,"href":"https:\/\/jnats.eu\/ro\/wp-json\/wp\/v2\/media\/4751"}],"wp:attachment":[{"href":"https:\/\/jnats.eu\/ro\/wp-json\/wp\/v2\/media?parent=4750"}],"wp:term":[{"taxonomy":"product_brand","embeddable":true,"href":"https:\/\/jnats.eu\/ro\/wp-json\/wp\/v2\/product_brand?post=4750"},{"taxonomy":"product_cat","embeddable":true,"href":"https:\/\/jnats.eu\/ro\/wp-json\/wp\/v2\/product_cat?post=4750"},{"taxonomy":"product_tag","embeddable":true,"href":"https:\/\/jnats.eu\/ro\/wp-json\/wp\/v2\/product_tag?post=4750"}],"curies":[{"name":"wp","href":"https:\/\/api.w.org\/{rel}","templated":true}]}}