{"id":4755,"date":"2025-06-13T12:41:02","date_gmt":"2025-06-13T09:41:02","guid":{"rendered":"https:\/\/jnats.eu\/?post_type=product&#038;p=4755"},"modified":"2025-07-02T08:50:54","modified_gmt":"2025-07-02T05:50:54","slug":"masahiro-600-galandinimo-akmuo","status":"publish","type":"product","link":"https:\/\/jnats.eu\/ro\/product-2\/masahiro-600-galandinimo-akmuo\/","title":{"rendered":"Masahiro 600 piatr\u0103 de ascu\u021bit"},"content":{"rendered":"<h2 class=\"wp-block-heading\">\ud83d\udce6 <strong>Masahiro #600 piatr\u0103 de ap\u0103<\/strong><\/h2>\n\n\n\n<h3 class=\"wp-block-heading\">Informa\u021bii generale:<\/h3>\n\n\n\n<ul class=\"wp-block-list\">\n<li><strong>Produc\u0103tor<\/strong>: Masahiro (Japonia)<\/li>\n\n\n\n<li><strong>Granula\u021bie<\/strong>: <strong>#600<\/strong><\/li>\n\n\n\n<li><strong>Tip<\/strong>: Piatr\u0103 de ap\u0103 sintetic\u0103 (piatr\u0103 de ap\u0103, trebuie s\u0103 fie \u00eenmuiat\u0103 \u00eenainte de utilizare)<\/li>\n\n\n\n<li><strong>Scop<\/strong>:\n<ul class=\"wp-block-list\">\n<li>Faza de reparare \u0219i modelare (de exemplu, pentru \u00eendep\u0103rtarea loviturilor minore, restabilirea profilului lamei)<\/li>\n\n\n\n<li>Ideal \u00eenainte de a trece la #1000 sau pietre mai mici<\/li>\n<\/ul>\n<\/li>\n\n\n\n<li><strong>Instruc\u021biuni de utilizare<\/strong> (\u00een japonez\u0103 pe o plac\u0103 de metal): <strong>\u5145\u5206\u6c34\u306b\u3064\u3051\u3066\u304b\u3089\u4f7f\u7528\u3057\u3066\u4e0b\u3055\u3044\u3002<\/strong><br>Traducere: <em>\"\u00cenmuia\u021bi \u00een suficient\u0103 ap\u0103 \u00eenainte de utilizare.\"<\/em><\/li>\n<\/ul>\n\n\n\n<hr class=\"wp-block-separator has-alpha-channel-opacity\"\/>\n\n\n\n<h2 class=\"wp-block-heading\">\ud83d\udccc Caracteristici:<\/h2>\n\n\n\n<ul class=\"wp-block-list\">\n<li>Abraziv mediu, \u0219lefuire rapid\u0103, dar \u00eenc\u0103 suficient de delicat pentru a modela marginea cu\u021bitului f\u0103r\u0103 a face o zg\u00e2rietur\u0103 prea ad\u00e2nc\u0103.<\/li>\n\n\n\n<li>Potrivit at\u00e2t pentru o\u021belurile japoneze, c\u00e2t \u0219i pentru cele occidentale, \u00een special pentru cu\u021bitele de buc\u0103t\u0103rie.<\/li>\n<\/ul>\n\n\n\n<hr class=\"wp-block-separator has-alpha-channel-opacity\"\/>\n\n\n\n<h2 class=\"wp-block-heading\">\ud83d\udccc Recomand\u0103ri:<\/h2>\n\n\n\n<ul class=\"wp-block-list\">\n<li><strong>\u00cenmuiere<\/strong>: 10-15 minute \u00eenainte de utilizare.<\/li>\n\n\n\n<li><strong>\u00centre\u0163inere<\/strong>: p\u0103stra\u021bi \u00eentr-un loc uscat, nu usca\u021bi cu surse de c\u0103ldur\u0103.<\/li>\n<\/ul>","protected":false},"excerpt":{"rendered":"<p><!-- wp:list --><\/p>\n<ul class=\"wp-block-list\"><!-- wp:list-item --><\/p>\n<li><strong>Produc\u0103tor<\/strong>: Masahiro (Japonia)<\/li>\n<p><!-- \/wp:list-item --><\/p>\n<p><!-- wp:list-item --><\/p>\n<li><strong>Granula\u021bie<\/strong>: <strong>#600<\/strong><\/li>\n<li><strong>Dimensiuni: 210x70x27mm<\/strong><\/li>\n<p><!-- \/wp:list-item --><\/p>\n<p><!-- wp:list-item --><\/p>\n<li><strong>Tip<\/strong>: Piatr\u0103 de ap\u0103 sintetic\u0103 (piatr\u0103 de ap\u0103, trebuie s\u0103 fie \u00eenmuiat\u0103 \u00eenainte de utilizare)<\/li>\n<li>Suport din lemn<\/li>\n<li>Exist\u0103 unele murd\u0103rii pe suprafa\u021b\u0103, dar piatra nu a fost utilizat\u0103 \u0219i nu prezint\u0103 defecte.<\/li>\n<p><!-- \/wp:list-item --><\/ul>\n<p><!-- \/wp:list --><\/p>","protected":false},"featured_media":4758,"comment_status":"open","ping_status":"closed","template":"","meta":[],"product_brand":[],"product_cat":[290],"product_tag":[357],"class_list":{"0":"post-4755","1":"product","2":"type-product","3":"status-publish","4":"has-post-thumbnail","6":"product_cat-whetstones","7":"product_tag-masahiro","8":"product_shipping_class-iprastas","10":"first","11":"outofstock","12":"shipping-taxable","13":"purchasable","14":"product-type-simple"},"_links":{"self":[{"href":"https:\/\/jnats.eu\/ro\/wp-json\/wp\/v2\/product\/4755","targetHints":{"allow":["GET"]}}],"collection":[{"href":"https:\/\/jnats.eu\/ro\/wp-json\/wp\/v2\/product"}],"about":[{"href":"https:\/\/jnats.eu\/ro\/wp-json\/wp\/v2\/types\/product"}],"replies":[{"embeddable":true,"href":"https:\/\/jnats.eu\/ro\/wp-json\/wp\/v2\/comments?post=4755"}],"wp:featuredmedia":[{"embeddable":true,"href":"https:\/\/jnats.eu\/ro\/wp-json\/wp\/v2\/media\/4758"}],"wp:attachment":[{"href":"https:\/\/jnats.eu\/ro\/wp-json\/wp\/v2\/media?parent=4755"}],"wp:term":[{"taxonomy":"product_brand","embeddable":true,"href":"https:\/\/jnats.eu\/ro\/wp-json\/wp\/v2\/product_brand?post=4755"},{"taxonomy":"product_cat","embeddable":true,"href":"https:\/\/jnats.eu\/ro\/wp-json\/wp\/v2\/product_cat?post=4755"},{"taxonomy":"product_tag","embeddable":true,"href":"https:\/\/jnats.eu\/ro\/wp-json\/wp\/v2\/product_tag?post=4755"}],"curies":[{"name":"wp","href":"https:\/\/api.w.org\/{rel}","templated":true}]}}