{"id":4781,"date":"2025-06-20T14:54:04","date_gmt":"2025-06-20T11:54:04","guid":{"rendered":"https:\/\/jnats.eu\/?post_type=product&#038;p=4781"},"modified":"2025-06-25T11:48:43","modified_gmt":"2025-06-25T08:48:43","slug":"universalus-peilis-is-cpm-20cv-plieno-naudotas","status":"publish","type":"product","link":"https:\/\/jnats.eu\/ro\/product-2\/universalus-peilis-is-cpm-20cv-plieno-naudotas\/","title":{"rendered":"Cu\u021bit universal din o\u021bel CPM 20CV (folosit)"},"content":{"rendered":"<figure class=\"wp-block-embed is-type-video is-provider-youtube wp-block-embed-youtube wp-embed-aspect-16-9 wp-has-aspect-ratio\"><div class=\"wp-block-embed__wrapper\">\n<div class=\"video-container\"><iframe title=\"O\u021bel modern vs. piatr\u0103 de ascu\u021bit tradi\u021bional\u0103 japonez\u0103 natural\u0103 | CPM 20CV + Ohira\" width=\"1170\" height=\"658\" src=\"https:\/\/www.youtube.com\/embed\/dkrrzanZkhc?feature=oembed\" frameborder=\"0\" allow=\"accelerometer; autoplay; clipboard-write; encrypted-media; gyroscope; picture-in-picture; web-share\" referrerpolicy=\"strict-origin-when-cross-origin\" allowfullscreen><\/iframe><\/div>\n<\/div><\/figure>\n\n\n\n<p>Un cu\u021bit excep\u021bional, folosit, fabricat dintr-unul dintre cele mai avansate o\u021beluri moderne cu pulbere \u2013 <strong>CPM 20CV<\/strong>, care are o reten\u021bie excelent\u0103 a ascu\u021bimii \u0219i o rezisten\u021b\u0103 excep\u021bional\u0103 la coroziune.<\/p>\n\n\n\n<p><strong>Cel mai important, o\u021belul acestui cu\u021bit a fost temperat de unul dintre cei mai faimo\u0219i termi\u0219ti din Rusia - Alan Balikoev, care este renumit pentru tratamentul s\u0103u termic precis, care permite ob\u021binerea la maximum a propriet\u0103\u021bilor o\u021belului.<\/strong><\/p>\n\n\n\n<hr class=\"wp-block-separator has-alpha-channel-opacity\"\/>\n\n\n\n<h3 class=\"wp-block-heading\"><strong>Propriet\u0103\u021bile o\u021belului<\/strong><\/h3>\n\n\n\n<p><strong>CPM 20CV<\/strong> \u2013 un o\u021bel inoxidabil acoperit cu pulbere, conceput pentru a oferi o p\u0103strare excep\u021bional\u0103 a ascu\u021bimii \u0219i rezisten\u021b\u0103 la influen\u021bele mediului. Este un material premium pentru cu\u021bite, fie c\u0103 este vorba de uz zilnic, de colec\u021bie sau pentru sarcini excep\u021bionale. <\/p>\n\n\n\n<hr class=\"wp-block-separator has-alpha-channel-opacity\"\/>\n\n\n\n<h3 class=\"wp-block-heading\"><strong>Compozi\u021bia chimic\u0103 a o\u021belului<\/strong><\/h3>\n\n\n\n<figure class=\"wp-block-table\"><table class=\"has-fixed-layout\"><thead><tr><th>Element<\/th><th>Procentaj (%)<\/th><\/tr><\/thead><tbody><tr><td>Carbon (C)<\/td><td>1.9<\/td><\/tr><tr><td>Crom (Cr)<\/td><td>20.0<\/td><\/tr><tr><td>Vanadiu (V)<\/td><td>4.0<\/td><\/tr><tr><td>Molibden (Mo)<\/td><td>1.0<\/td><\/tr><tr><td>Wolfram (W)<\/td><td>0.6<\/td><\/tr><tr><td>Mangan (Mn)<\/td><td>0.3<\/td><\/tr><tr><td>Siliciu (Si)<\/td><td>0.6<\/td><\/tr><tr><td>Fosfor (P)<\/td><td>\u2264 0,03<\/td><\/tr><tr><td>Sulf (S)<\/td><td>\u2264 0,03<\/td><\/tr><\/tbody><\/table><\/figure>\n\n\n\n<hr class=\"wp-block-separator has-alpha-channel-opacity\"\/>\n\n\n\n<h3 class=\"wp-block-heading\"><strong>Principalele avantaje<\/strong><\/h3>\n\n\n\n<p>\u2705 <strong>Rezisten\u021b\u0103 extrem de ridicat\u0103 la coroziune<\/strong><br>Datorit\u0103 con\u021binutului de crom din 20%, acest cu\u021bit este rezistent at\u00e2t la umiditate, c\u00e2t \u0219i la medii acide.<\/p>\n\n\n\n<p>\u2705 <strong>P\u0103strare lung\u0103 a ascu\u021bimii<\/strong><br>Datorit\u0103 con\u021binutului ridicat de carbon \u0219i vanadiu, o\u021belul \u00ee\u0219i p\u0103streaz\u0103 ascu\u021bimea semnificativ mai mult timp dec\u00e2t majoritatea celorlalte o\u021beluri inoxidabile.<\/p>\n\n\n\n<p>\u2705 <strong>M\u00e2ner unic<\/strong><br>Mesteac\u0103nul Karelian stabilizat, cu incrusta\u021bii din din\u021bi de mamut \u0219i pern\u0103 Makume, confer\u0103 fiec\u0103rui cu\u021bit un caracter unic - niciun cu\u021bit nu este la fel.<\/p>\n\n\n\n<p>\u2705 <strong>\u00cent\u0103rire profesional\u0103<\/strong><br>Tratamentul termic efectuat de Alan Balikoev garanteaz\u0103 echilibrul maxim \u00eentre duritatea o\u021belului, rezisten\u021ba la uzur\u0103 \u0219i elasticitate.<\/p>\n\n\n\n<p>\u2705 <strong>Pante universale<\/strong><br>Pantele drepte de la um\u0103r asigur\u0103 propriet\u0103\u021bi bune de t\u0103iere, control u\u0219urin\u021b\u0103 \u0219i \u00eentre\u021binere u\u0219oar\u0103.<\/p>\n\n\n\n<hr class=\"wp-block-separator has-alpha-channel-opacity\"\/>\n\n\n\n<h3 class=\"wp-block-heading\"><strong>Rezumat<\/strong><\/h3>\n\n\n\n<p>Acesta nu este doar un instrument func\u021bional, ci \u0219i o pies\u0103 de colec\u021bie unic\u0103, care combin\u0103 cel mai avansat o\u021bel pulverulent, c\u0103lirea profesional\u0103 \u0219i estetica rafinat\u0103, realizat\u0103 manual.<\/p>","protected":false},"excerpt":{"rendered":"<p><!-- wp:list --><\/p>\n<ul class=\"wp-block-list\"><!-- wp:list-item --><\/p>\n<li>Lungimea lamei: 140 mm.<\/li>\n<p><!-- \/wp:list-item --><\/p>\n<p><!-- wp:list-item --><\/p>\n<li>\u00cen\u0103l\u021bimea lamei: 29 mm.<\/li>\n<li>Grosimea lamei: 4,0 mm<\/li>\n<li>Aliniere aproximativ 0,3 mm<\/li>\n<p><!-- \/wp:list-item --><\/p>\n<p><!-- wp:list-item --><\/p>\n<li>Suprafa\u021ba lamei: Nu este perfect lustruit\u0103<\/li>\n<p><!-- \/wp:list-item --><\/p>\n<p><!-- wp:list-item --><\/p>\n<li>O\u021bel pulbere CPM 20CV. Refrigerat de unul dintre cei mai buni termi\u0219ti din Rusia, Alan Balikoev.<\/li>\n<p><!-- \/wp:list-item --><\/p>\n<p><!-- wp:list-item --><\/p>\n<li>Cel mai important avantaj al acestui o\u021bel este rezisten\u021ba sa extrem de ridicat\u0103 la coroziune \u0219i men\u021binerea relativ lung\u0103 a ascu\u021birii.<\/li>\n<p><!-- \/wp:list-item --><\/p>\n<p><!-- wp:list-item --><\/p>\n<li>Pante: direct de la um\u0103r<\/li>\n<p><!-- \/wp:list-item --><\/p>\n<p><!-- wp:list-item --><\/p>\n<li>Lungimea m\u00e2nerului: 128 mm<\/li>\n<li>Bolster \u00een Makum<\/li>\n<li>Incrusta\u021bie de dinte de mamut<\/li>\n<p><!-- \/wp:list-item --><\/p>\n<p><!-- wp:list-item --><\/p>\n<li>Materialul m\u00e2nerului este tubercul de mesteac\u0103n karelian stabilizat.<\/li>\n<li>Husa din piele naturala<\/li>\n<p><!-- \/wp:list-item --><\/p>\n<p><!-- wp:list-item --><\/p>\n<li>Greutate cu carcas\u0103: 172 g<\/li>\n<p><!-- \/wp:list-item --><\/p>\n<p><!-- wp:list-item --><\/p>\n<li>Greutate: 244 g<\/li>\n<p><!-- \/wp:list-item --><\/p>\n<p><!-- wp:list-item --><\/p>\n<li>Fabricat \u00een Rusia<\/li>\n<li>Ascu\u021bit\u0103 cu piatr\u0103 natural\u0103 japonez\u0103 Ohira.<\/li>\n<p><!-- \/wp:list-item --><\/ul>\n<p><!-- \/wp:list --><\/p>","protected":false},"featured_media":4784,"comment_status":"open","ping_status":"closed","template":"","meta":[],"product_brand":[],"product_cat":[24],"product_tag":[358,76],"class_list":{"0":"post-4781","1":"product","2":"type-product","3":"status-publish","4":"has-post-thumbnail","6":"product_cat-knifes","7":"product_tag-20cv","8":"product_tag-peilis","9":"product_shipping_class-iprastas","11":"first","12":"outofstock","13":"shipping-taxable","14":"purchasable","15":"product-type-simple"},"_links":{"self":[{"href":"https:\/\/jnats.eu\/ro\/wp-json\/wp\/v2\/product\/4781","targetHints":{"allow":["GET"]}}],"collection":[{"href":"https:\/\/jnats.eu\/ro\/wp-json\/wp\/v2\/product"}],"about":[{"href":"https:\/\/jnats.eu\/ro\/wp-json\/wp\/v2\/types\/product"}],"replies":[{"embeddable":true,"href":"https:\/\/jnats.eu\/ro\/wp-json\/wp\/v2\/comments?post=4781"}],"wp:featuredmedia":[{"embeddable":true,"href":"https:\/\/jnats.eu\/ro\/wp-json\/wp\/v2\/media\/4784"}],"wp:attachment":[{"href":"https:\/\/jnats.eu\/ro\/wp-json\/wp\/v2\/media?parent=4781"}],"wp:term":[{"taxonomy":"product_brand","embeddable":true,"href":"https:\/\/jnats.eu\/ro\/wp-json\/wp\/v2\/product_brand?post=4781"},{"taxonomy":"product_cat","embeddable":true,"href":"https:\/\/jnats.eu\/ro\/wp-json\/wp\/v2\/product_cat?post=4781"},{"taxonomy":"product_tag","embeddable":true,"href":"https:\/\/jnats.eu\/ro\/wp-json\/wp\/v2\/product_tag?post=4781"}],"curies":[{"name":"wp","href":"https:\/\/api.w.org\/{rel}","templated":true}]}}