{"id":479,"date":"2024-03-07T10:23:42","date_gmt":"2024-03-07T08:23:42","guid":{"rendered":"http:\/\/jnats.eu\/?post_type=product&#038;p=479"},"modified":"2024-04-26T09:30:50","modified_gmt":"2024-04-26T06:30:50","slug":"harrison-br-howson-manafacturers-sheffield-england-vintaziniu-skustuvu-7-dienu-rinkinys","status":"publish","type":"product","link":"https:\/\/jnats.eu\/ro\/product-2\/harrison-br-howson-manafacturers-sheffield-england-vintaziniu-skustuvu-7-dienu-rinkinys\/","title":{"rendered":"Harrison Br &amp; Howson Manafacturers Sheffield England Vintage Razors 7 Day Set"},"content":{"rendered":"<p>Harrison Br &amp; Howson este un renumit produc\u0103tor de aparate de ras din Sheffield, Anglia, cu o lung\u0103 istorie \u0219i reputa\u021bie de excelen\u021b\u0103. Aparatele lor de ras vintage \u00eentr-un set de 7 zile sunt un produs de valoare \u0219i stil excep\u021bionale.<\/p>\n\n\n\n<p>Descrierea acestui set de aparat de ras vintage:<\/p>\n\n\n\n<ul class=\"wp-block-list\">\n<li><strong>Calitate si vechime<\/strong>: Fiecare aparat de ras din acest set este fabricat din o\u021bel de \u00eenalt\u0103 calitate pentru durabilitate \u0219i un b\u0103rbierit perfect. Aceste aparate de ras reflect\u0103 aten\u021bia excep\u021bional\u0103 a Harrison Br &amp; Howson pentru detalii \u0219i calitate.<\/li>\n\n\n\n<li><strong>Design vintage<\/strong>: Aceste aparate de ras au un design interesant si unic, care aminteste de eleganta secolelor trecute. Lamele \u0219i m\u00e2nerele lor pot fi un plus excelent pentru orice stil masculin.<\/li>\n\n\n\n<li><strong>Set de 7 zile<\/strong>: Acest set este o alegere excelent\u0103 pentru cei care apreciaz\u0103 ordinea \u0219i un stil de via\u021b\u0103 organizat. Fiecare aparat de ras corespunde unei singure zile a saptamanii, asa ca vei avea intotdeauna unealta potrivita pentru barbierit in fiecare zi. O\u021belul se va odihni \u0219i pute\u021bi face procesul de ascu\u021bire dintr-o dat\u0103 \u0219i uita\u021bi de el pentru o lung\u0103 perioad\u0103 de timp. Acest lucru este valabil mai ales dac\u0103 trimite\u021bi aparatele de ras la un profesionist pentru ascu\u021bire.<\/li>\n\n\n\n<li><strong>O op\u021biune grozav\u0103 de cadou<\/strong>: Acest set de aparat de ras poate fi si un cadou grozav pentru barbatii care apreciaza stilul clasic si produsele de calitate. Aceasta este o op\u021biune de cadou unic\u0103 \u0219i practic\u0103 pentru orice domn.<\/li>\n<\/ul>\n\n\n\n<p>Harrison Br &amp; Howson Vintage Razors 7-Day Set nu este doar un instrument practic de b\u0103rbierit, ci \u0219i un accent elegant \u00een lumea de frumuse\u021be \u0219i stil a unui b\u0103rbat.<\/p>\n\n\n\n<figure class=\"wp-block-embed is-type-video is-provider-youtube wp-block-embed-youtube wp-embed-aspect-16-9 wp-has-aspect-ratio\"><div class=\"wp-block-embed__wrapper\">\n<div class=\"video-container\"><iframe title=\"Harrison Br &amp; Howson Manafacturers Sheffield England Set de ras vintage pentru 7 zile\" width=\"1170\" height=\"658\" src=\"https:\/\/www.youtube.com\/embed\/AhMxzAVzb6Q?feature=oembed\" frameborder=\"0\" allow=\"accelerometer; autoplay; clipboard-write; encrypted-media; gyroscope; picture-in-picture; web-share\" allowfullscreen><\/iframe><\/div>\n<\/div><\/figure>","protected":false},"excerpt":{"rendered":"<ul>\n<li>Harrison Br &amp; Howson Manafacturers Sheffield England Set de ras vintage pentru 7 zile<\/li>\n<li>M\u00e2nere din polimer<\/li>\n<li>Nefolosit (NOS \u2013 Stoc vechi nou)<\/li>\n<li>Stare bun\u0103<\/li>\n<li>Semne de coroziune<\/li>\n<li>F\u0103r\u0103 fisuri sau rupturi<\/li>\n<\/ul>","protected":false},"featured_media":1040,"comment_status":"open","ping_status":"closed","template":"","meta":[],"product_brand":[],"product_cat":[23],"product_tag":[112,109,111,110],"class_list":{"0":"post-479","1":"product","2":"type-product","3":"status-publish","4":"has-post-thumbnail","6":"product_cat-razors","7":"product_tag-england","8":"product_tag-harrison-br-howson","9":"product_tag-manafacturers","10":"product_tag-sheffield","11":"product_shipping_class-light","13":"first","14":"instock","15":"sale","16":"shipping-taxable","17":"purchasable","18":"product-type-simple"},"_links":{"self":[{"href":"https:\/\/jnats.eu\/ro\/wp-json\/wp\/v2\/product\/479","targetHints":{"allow":["GET"]}}],"collection":[{"href":"https:\/\/jnats.eu\/ro\/wp-json\/wp\/v2\/product"}],"about":[{"href":"https:\/\/jnats.eu\/ro\/wp-json\/wp\/v2\/types\/product"}],"replies":[{"embeddable":true,"href":"https:\/\/jnats.eu\/ro\/wp-json\/wp\/v2\/comments?post=479"}],"wp:featuredmedia":[{"embeddable":true,"href":"https:\/\/jnats.eu\/ro\/wp-json\/wp\/v2\/media\/1040"}],"wp:attachment":[{"href":"https:\/\/jnats.eu\/ro\/wp-json\/wp\/v2\/media?parent=479"}],"wp:term":[{"taxonomy":"product_brand","embeddable":true,"href":"https:\/\/jnats.eu\/ro\/wp-json\/wp\/v2\/product_brand?post=479"},{"taxonomy":"product_cat","embeddable":true,"href":"https:\/\/jnats.eu\/ro\/wp-json\/wp\/v2\/product_cat?post=479"},{"taxonomy":"product_tag","embeddable":true,"href":"https:\/\/jnats.eu\/ro\/wp-json\/wp\/v2\/product_tag?post=479"}],"curies":[{"name":"wp","href":"https:\/\/api.w.org\/{rel}","templated":true}]}}